{"id":5756339,"date":"2026-02-12T13:48:32","date_gmt":"2026-02-12T12:48:32","guid":{"rendered":"https:\/\/stoic-curie.212-227-153-4.plesk.page\/product\/d-tab-prva-pomoc-kutija-366-x-464-x-h176-mm\/"},"modified":"2026-02-25T00:01:41","modified_gmt":"2026-02-25T00:01:41","slug":"d-tab-prva-pomoc-kutija-366-x-464-x-h176-mm","status":"publish","type":"product","link":"https:\/\/stoic-curie.212-227-153-4.plesk.page\/hr\/product\/d-tab-prva-pomoc-kutija-366-x-464-x-h176-mm\/","title":{"rendered":"D Tab Prva Pomo\u0107 Kutija 366 x 464 x H176 mm"},"content":{"rendered":"<p>D Tab Prva Pomo\u0107 Kutija 366 x 464 x H176 mm &#8211; <\/p>\n<p>IP67 vodootporni skladi\u0161ni set prve pomo\u0107i s hermeti\u010dkim pe\u010datom, automatskim ventilom za pritisak, ergonomskom ru\u010dkom, dvostupanjskim sigurnosnim zaklju\u010davanjem i postavkom s dvostrukom bravom. Sadr\u017ei stavke u skladu s talijanskim zakonom tab D, u skladu s talijanskim zakonom DL 10\/03\/2022 za obrte: &#8211; bez ograni\u010denja za plovila za u\u017eitak &#8211; lokalni ribolovni brodovi &lt;12 milja &#8211; blizu ribolovni brodovi &lt;20 milja<\/p>\n","protected":false},"excerpt":{"rendered":"<p>D Tab Prva Pomo\u0107 Kutija 366 x 464 x H176 mm &#8211; IP67 vodootporni skladi\u0161ni set prve pomo\u0107i s hermeti\u010dkim<\/p>\n","protected":false},"featured_media":5752894,"comment_status":"open","ping_status":"closed","template":"","meta":[],"product_brand":[3516],"product_cat":[1605],"product_tag":[],"class_list":{"0":"post-5756339","1":"product","2":"type-product","3":"status-publish","4":"has-post-thumbnail","6":"product_brand-veleria-san-giorgio-hr","7":"product_cat-oprema-za-sigurnost-plovila","9":"first","10":"instock","11":"shipping-taxable","12":"purchasable","13":"product-type-simple"},"_links":{"self":[{"href":"https:\/\/stoic-curie.212-227-153-4.plesk.page\/hr\/wp-json\/wp\/v2\/product\/5756339","targetHints":{"allow":["GET"]}}],"collection":[{"href":"https:\/\/stoic-curie.212-227-153-4.plesk.page\/hr\/wp-json\/wp\/v2\/product"}],"about":[{"href":"https:\/\/stoic-curie.212-227-153-4.plesk.page\/hr\/wp-json\/wp\/v2\/types\/product"}],"replies":[{"embeddable":true,"href":"https:\/\/stoic-curie.212-227-153-4.plesk.page\/hr\/wp-json\/wp\/v2\/comments?post=5756339"}],"version-history":[{"count":0,"href":"https:\/\/stoic-curie.212-227-153-4.plesk.page\/hr\/wp-json\/wp\/v2\/product\/5756339\/revisions"}],"wp:featuredmedia":[{"embeddable":true,"href":"https:\/\/stoic-curie.212-227-153-4.plesk.page\/hr\/wp-json\/wp\/v2\/media\/5752894"}],"wp:attachment":[{"href":"https:\/\/stoic-curie.212-227-153-4.plesk.page\/hr\/wp-json\/wp\/v2\/media?parent=5756339"}],"wp:term":[{"taxonomy":"product_brand","embeddable":true,"href":"https:\/\/stoic-curie.212-227-153-4.plesk.page\/hr\/wp-json\/wp\/v2\/product_brand?post=5756339"},{"taxonomy":"product_cat","embeddable":true,"href":"https:\/\/stoic-curie.212-227-153-4.plesk.page\/hr\/wp-json\/wp\/v2\/product_cat?post=5756339"},{"taxonomy":"product_tag","embeddable":true,"href":"https:\/\/stoic-curie.212-227-153-4.plesk.page\/hr\/wp-json\/wp\/v2\/product_tag?post=5756339"}],"curies":[{"name":"wp","href":"https:\/\/api.w.org\/{rel}","templated":true}]}}