{"id":5756341,"date":"2026-02-12T13:48:33","date_gmt":"2026-02-12T12:48:33","guid":{"rendered":"https:\/\/stoic-curie.212-227-153-4.plesk.page\/product\/solas-ktr-led-svjetlo-za-spasilacki-prsten-o-60-x-l144-mm\/"},"modified":"2026-02-25T00:01:41","modified_gmt":"2026-02-25T00:01:41","slug":"solas-ktr-led-svjetlo-za-spasilacki-prsten-o-60-x-l144-mm","status":"publish","type":"product","link":"https:\/\/stoic-curie.212-227-153-4.plesk.page\/hr\/product\/solas-ktr-led-svjetlo-za-spasilacki-prsten-o-60-x-l144-mm\/","title":{"rendered":"Solas KTR LED Svjetlo za Spasila\u010dki Prsten \u00d8 60 x L144 mm"},"content":{"rendered":"<p>Solas KTR LED Svjetlo za Spasila\u010dki Prsten \u00d8 60 x L144 mm &#8211; <\/p>\n<p>Vrlo kompaktna, elektroni\u010dka i vodootporna LED trep\u0107u\u0107a svjetlost za spasila\u010dki prsten. Opremljena SMD elektroni\u010dkim krugom koji se automatski pali kada se okrene. Koristi 4 uklju\u010dene LR6 alkalne baterije. U skladu je sa Solas i europskom direktivom M.E.D. 96\/98\/CE. U skladu sa propisima za trgovinsku i rekreacijsku plovidbu.<\/p>\n","protected":false},"excerpt":{"rendered":"<p>Solas KTR LED Svjetlo za Spasila\u010dki Prsten \u00d8 60 x L144 mm &#8211; Vrlo kompaktna, elektroni\u010dka i vodootporna LED trep\u0107u\u0107a<\/p>\n","protected":false},"featured_media":5752899,"comment_status":"open","ping_status":"closed","template":"","meta":[],"product_brand":[3516],"product_cat":[1604],"product_tag":[],"class_list":{"0":"post-5756341","1":"product","2":"type-product","3":"status-publish","4":"has-post-thumbnail","6":"product_brand-veleria-san-giorgio-hr","7":"product_cat-pojasevi-za-spasavanje-i-remenje","9":"first","10":"instock","11":"shipping-taxable","12":"purchasable","13":"product-type-simple"},"_links":{"self":[{"href":"https:\/\/stoic-curie.212-227-153-4.plesk.page\/hr\/wp-json\/wp\/v2\/product\/5756341","targetHints":{"allow":["GET"]}}],"collection":[{"href":"https:\/\/stoic-curie.212-227-153-4.plesk.page\/hr\/wp-json\/wp\/v2\/product"}],"about":[{"href":"https:\/\/stoic-curie.212-227-153-4.plesk.page\/hr\/wp-json\/wp\/v2\/types\/product"}],"replies":[{"embeddable":true,"href":"https:\/\/stoic-curie.212-227-153-4.plesk.page\/hr\/wp-json\/wp\/v2\/comments?post=5756341"}],"version-history":[{"count":0,"href":"https:\/\/stoic-curie.212-227-153-4.plesk.page\/hr\/wp-json\/wp\/v2\/product\/5756341\/revisions"}],"wp:featuredmedia":[{"embeddable":true,"href":"https:\/\/stoic-curie.212-227-153-4.plesk.page\/hr\/wp-json\/wp\/v2\/media\/5752899"}],"wp:attachment":[{"href":"https:\/\/stoic-curie.212-227-153-4.plesk.page\/hr\/wp-json\/wp\/v2\/media?parent=5756341"}],"wp:term":[{"taxonomy":"product_brand","embeddable":true,"href":"https:\/\/stoic-curie.212-227-153-4.plesk.page\/hr\/wp-json\/wp\/v2\/product_brand?post=5756341"},{"taxonomy":"product_cat","embeddable":true,"href":"https:\/\/stoic-curie.212-227-153-4.plesk.page\/hr\/wp-json\/wp\/v2\/product_cat?post=5756341"},{"taxonomy":"product_tag","embeddable":true,"href":"https:\/\/stoic-curie.212-227-153-4.plesk.page\/hr\/wp-json\/wp\/v2\/product_tag?post=5756341"}],"curies":[{"name":"wp","href":"https:\/\/api.w.org\/{rel}","templated":true}]}}