{"id":5756342,"date":"2026-02-12T13:48:34","date_gmt":"2026-02-12T12:48:34","guid":{"rendered":"https:\/\/stoic-curie.212-227-153-4.plesk.page\/product\/solas-alba-svjetlo-za-spasioc-dimenzije-55-x-34-x-h30-mm\/"},"modified":"2026-02-25T00:01:41","modified_gmt":"2026-02-25T00:01:41","slug":"solas-alba-svjetlo-za-spasioc-dimenzije-55-x-34-x-h30-mm","status":"publish","type":"product","link":"https:\/\/stoic-curie.212-227-153-4.plesk.page\/hr\/product\/solas-alba-svjetlo-za-spasioc-dimenzije-55-x-34-x-h30-mm\/","title":{"rendered":"Solas Alba Svjetlo za Spasioc (Dimenzije: 55 x 34 x H30 mm)"},"content":{"rendered":"<p>Solas Alba Svjetlo za Spasioc (Dimenzije: 55 x 34 x H30 mm) &#8211; <\/p>\n<p>SOLAS certificirano LED elektroni\u010dko trep\u0107u\u0107e svjetlo, dizajnirano za prsluke za spa\u0161avanje. Ima litijsku bateriju s vijekom trajanja od 5 godina, koja osigurava vi\u0161e od 8 sati rada. Svjetlo se automatski aktivira kad do\u0111e u kontakt s vodom i ima frekvenciju treptanja od 50 treptaja u minuti. Tjelo je otporno na vodu, koroziju i vatru.<\/p>\n","protected":false},"excerpt":{"rendered":"<p>Solas Alba Svjetlo za Spasioc (Dimenzije: 55 x 34 x H30 mm) &#8211; SOLAS certificirano LED elektroni\u010dko trep\u0107u\u0107e svjetlo, dizajnirano<\/p>\n","protected":false},"featured_media":5752901,"comment_status":"open","ping_status":"closed","template":"","meta":[],"product_brand":[3516],"product_cat":[1604],"product_tag":[],"class_list":{"0":"post-5756342","1":"product","2":"type-product","3":"status-publish","4":"has-post-thumbnail","6":"product_brand-veleria-san-giorgio-hr","7":"product_cat-pojasevi-za-spasavanje-i-remenje","9":"first","10":"instock","11":"shipping-taxable","12":"purchasable","13":"product-type-simple"},"_links":{"self":[{"href":"https:\/\/stoic-curie.212-227-153-4.plesk.page\/hr\/wp-json\/wp\/v2\/product\/5756342","targetHints":{"allow":["GET"]}}],"collection":[{"href":"https:\/\/stoic-curie.212-227-153-4.plesk.page\/hr\/wp-json\/wp\/v2\/product"}],"about":[{"href":"https:\/\/stoic-curie.212-227-153-4.plesk.page\/hr\/wp-json\/wp\/v2\/types\/product"}],"replies":[{"embeddable":true,"href":"https:\/\/stoic-curie.212-227-153-4.plesk.page\/hr\/wp-json\/wp\/v2\/comments?post=5756342"}],"version-history":[{"count":0,"href":"https:\/\/stoic-curie.212-227-153-4.plesk.page\/hr\/wp-json\/wp\/v2\/product\/5756342\/revisions"}],"wp:featuredmedia":[{"embeddable":true,"href":"https:\/\/stoic-curie.212-227-153-4.plesk.page\/hr\/wp-json\/wp\/v2\/media\/5752901"}],"wp:attachment":[{"href":"https:\/\/stoic-curie.212-227-153-4.plesk.page\/hr\/wp-json\/wp\/v2\/media?parent=5756342"}],"wp:term":[{"taxonomy":"product_brand","embeddable":true,"href":"https:\/\/stoic-curie.212-227-153-4.plesk.page\/hr\/wp-json\/wp\/v2\/product_brand?post=5756342"},{"taxonomy":"product_cat","embeddable":true,"href":"https:\/\/stoic-curie.212-227-153-4.plesk.page\/hr\/wp-json\/wp\/v2\/product_cat?post=5756342"},{"taxonomy":"product_tag","embeddable":true,"href":"https:\/\/stoic-curie.212-227-153-4.plesk.page\/hr\/wp-json\/wp\/v2\/product_tag?post=5756342"}],"curies":[{"name":"wp","href":"https:\/\/api.w.org\/{rel}","templated":true}]}}