{"id":5756345,"date":"2026-02-12T13:48:36","date_gmt":"2026-02-12T12:48:36","guid":{"rendered":"https:\/\/stoic-curie.212-227-153-4.plesk.page\/product\/jobe-rucna-pumpa-dvostruka-akcija-protok-2-x-20-stopa-lt-maks-1000-pritisak-mbar\/"},"modified":"2026-02-25T00:01:41","modified_gmt":"2026-02-25T00:01:41","slug":"jobe-rucna-pumpa-dvostruka-akcija-protok-2-x-20-stopa-lt-maks-1000-pritisak-mbar","status":"publish","type":"product","link":"https:\/\/stoic-curie.212-227-153-4.plesk.page\/hr\/product\/jobe-rucna-pumpa-dvostruka-akcija-protok-2-x-20-stopa-lt-maks-1000-pritisak-mbar\/","title":{"rendered":"Jobe Ru\u010dna Pumpa Dvostruka Akcija Protok 2 x 2,0 Stopa LT Maks 1000 Pritisak mbar"},"content":{"rendered":"<p>Jobe Ru\u010dna Pumpa Dvostruka Akcija Protok 2 x 2,0 Stopa LT Maks 1000 Pritisak mbar &#8211; <\/p>\n<p>Iskusite u\u010dinkovitost Jobe ru\u010dne pumpe s dvostrukom akcijom, koja dolazi s \u010detiri razli\u010dite mlaznice pogodne za ve\u0107inu ventila.<\/p>\n","protected":false},"excerpt":{"rendered":"<p>Jobe Ru\u010dna Pumpa Dvostruka Akcija Protok 2 x 2,0 Stopa LT Maks 1000 Pritisak mbar &#8211; Iskusite u\u010dinkovitost Jobe ru\u010dne<\/p>\n","protected":false},"featured_media":5752921,"comment_status":"open","ping_status":"closed","template":"","meta":[],"product_brand":[3041],"product_cat":[1846,1845],"product_tag":[],"class_list":{"0":"post-5756345","1":"product","2":"type-product","3":"status-publish","4":"has-post-thumbnail","6":"product_brand-jobe-sports-hr","7":"product_cat-oprema-za-skijanje-na-vodi","8":"product_cat-sup-daske","10":"first","11":"instock","12":"shipping-taxable","13":"purchasable","14":"product-type-simple"},"_links":{"self":[{"href":"https:\/\/stoic-curie.212-227-153-4.plesk.page\/hr\/wp-json\/wp\/v2\/product\/5756345","targetHints":{"allow":["GET"]}}],"collection":[{"href":"https:\/\/stoic-curie.212-227-153-4.plesk.page\/hr\/wp-json\/wp\/v2\/product"}],"about":[{"href":"https:\/\/stoic-curie.212-227-153-4.plesk.page\/hr\/wp-json\/wp\/v2\/types\/product"}],"replies":[{"embeddable":true,"href":"https:\/\/stoic-curie.212-227-153-4.plesk.page\/hr\/wp-json\/wp\/v2\/comments?post=5756345"}],"version-history":[{"count":0,"href":"https:\/\/stoic-curie.212-227-153-4.plesk.page\/hr\/wp-json\/wp\/v2\/product\/5756345\/revisions"}],"wp:featuredmedia":[{"embeddable":true,"href":"https:\/\/stoic-curie.212-227-153-4.plesk.page\/hr\/wp-json\/wp\/v2\/media\/5752921"}],"wp:attachment":[{"href":"https:\/\/stoic-curie.212-227-153-4.plesk.page\/hr\/wp-json\/wp\/v2\/media?parent=5756345"}],"wp:term":[{"taxonomy":"product_brand","embeddable":true,"href":"https:\/\/stoic-curie.212-227-153-4.plesk.page\/hr\/wp-json\/wp\/v2\/product_brand?post=5756345"},{"taxonomy":"product_cat","embeddable":true,"href":"https:\/\/stoic-curie.212-227-153-4.plesk.page\/hr\/wp-json\/wp\/v2\/product_cat?post=5756345"},{"taxonomy":"product_tag","embeddable":true,"href":"https:\/\/stoic-curie.212-227-153-4.plesk.page\/hr\/wp-json\/wp\/v2\/product_tag?post=5756345"}],"curies":[{"name":"wp","href":"https:\/\/api.w.org\/{rel}","templated":true}]}}