{"id":5756348,"date":"2026-02-12T13:48:38","date_gmt":"2026-02-12T12:48:38","guid":{"rendered":"https:\/\/stoic-curie.212-227-153-4.plesk.page\/product\/jobe-elektricna-sup-pumpa-12v\/"},"modified":"2026-02-25T00:01:41","modified_gmt":"2026-02-25T00:01:41","slug":"jobe-elektricna-sup-pumpa-12v","status":"publish","type":"product","link":"https:\/\/stoic-curie.212-227-153-4.plesk.page\/hr\/product\/jobe-elektricna-sup-pumpa-12v\/","title":{"rendered":"Jobe elektri\u010dna SUP pumpa 12V"},"content":{"rendered":"<p>Jobe elektri\u010dna SUP pumpa 12V &#8211; <\/p>\n<p>Jobe elektri\u010dna SUP pumpa 12V ima brzi dvostupanjski mehanizam za nisku do visoku tlak, koji bez napora napuhuje va\u0161 SUP do 20 psi. Laka je za no\u0161enje i jednostavna za kori\u0161tenje, opremljena s plasti\u010dnim krokodilima za automobilsku bateriju i uti\u010dnicom za upalja\u010d. Potrebno je 15 ampernih osigura\u010da.<\/p>\n","protected":false},"excerpt":{"rendered":"<p>Jobe elektri\u010dna SUP pumpa 12V &#8211; Jobe elektri\u010dna SUP pumpa 12V ima brzi dvostupanjski mehanizam za nisku do visoku tlak,<\/p>\n","protected":false},"featured_media":5752927,"comment_status":"open","ping_status":"closed","template":"","meta":[],"product_brand":[3041],"product_cat":[1846,1845],"product_tag":[],"class_list":{"0":"post-5756348","1":"product","2":"type-product","3":"status-publish","4":"has-post-thumbnail","6":"product_brand-jobe-sports-hr","7":"product_cat-oprema-za-skijanje-na-vodi","8":"product_cat-sup-daske","10":"first","11":"instock","12":"shipping-taxable","13":"purchasable","14":"product-type-simple"},"_links":{"self":[{"href":"https:\/\/stoic-curie.212-227-153-4.plesk.page\/hr\/wp-json\/wp\/v2\/product\/5756348","targetHints":{"allow":["GET"]}}],"collection":[{"href":"https:\/\/stoic-curie.212-227-153-4.plesk.page\/hr\/wp-json\/wp\/v2\/product"}],"about":[{"href":"https:\/\/stoic-curie.212-227-153-4.plesk.page\/hr\/wp-json\/wp\/v2\/types\/product"}],"replies":[{"embeddable":true,"href":"https:\/\/stoic-curie.212-227-153-4.plesk.page\/hr\/wp-json\/wp\/v2\/comments?post=5756348"}],"version-history":[{"count":0,"href":"https:\/\/stoic-curie.212-227-153-4.plesk.page\/hr\/wp-json\/wp\/v2\/product\/5756348\/revisions"}],"wp:featuredmedia":[{"embeddable":true,"href":"https:\/\/stoic-curie.212-227-153-4.plesk.page\/hr\/wp-json\/wp\/v2\/media\/5752927"}],"wp:attachment":[{"href":"https:\/\/stoic-curie.212-227-153-4.plesk.page\/hr\/wp-json\/wp\/v2\/media?parent=5756348"}],"wp:term":[{"taxonomy":"product_brand","embeddable":true,"href":"https:\/\/stoic-curie.212-227-153-4.plesk.page\/hr\/wp-json\/wp\/v2\/product_brand?post=5756348"},{"taxonomy":"product_cat","embeddable":true,"href":"https:\/\/stoic-curie.212-227-153-4.plesk.page\/hr\/wp-json\/wp\/v2\/product_cat?post=5756348"},{"taxonomy":"product_tag","embeddable":true,"href":"https:\/\/stoic-curie.212-227-153-4.plesk.page\/hr\/wp-json\/wp\/v2\/product_tag?post=5756348"}],"curies":[{"name":"wp","href":"https:\/\/api.w.org\/{rel}","templated":true}]}}