{"id":5756350,"date":"2026-02-12T13:48:40","date_gmt":"2026-02-12T12:48:40","guid":{"rendered":"https:\/\/stoic-curie.212-227-153-4.plesk.page\/product\/teflon-valjci-za-trailer-kiel-l-130-mm-o-80-mm-rupe-o-15-mm\/"},"modified":"2026-02-25T00:01:41","modified_gmt":"2026-02-25T00:01:41","slug":"teflon-valjci-za-trailer-kiel-l-130-mm-o-80-mm-rupe-o-15-mm","status":"publish","type":"product","link":"https:\/\/stoic-curie.212-227-153-4.plesk.page\/hr\/product\/teflon-valjci-za-trailer-kiel-l-130-mm-o-80-mm-rupe-o-15-mm\/","title":{"rendered":"Teflon Valjci za Trailer Kiel L 130 mm \u00d8 80 mm Rupe \u00d8 15 mm"},"content":{"rendered":"<p>Teflon Valjci za Trailer Kiel L 130 mm \u00d8 80 mm Rupe \u00d8 15 mm &#8211; <\/p>\n<p>Ovi neodvojivi valjci za prikolicu od polimera i Teflona dizajnirani su tako da zadr\u017ee svoj izvorni glatki oblik \u010dak i kada su pritisnuti. Idealan su izbor za kobilice.<\/p>\n","protected":false},"excerpt":{"rendered":"<p>Teflon Valjci za Trailer Kiel L 130 mm \u00d8 80 mm Rupe \u00d8 15 mm &#8211; Ovi neodvojivi valjci za<\/p>\n","protected":false},"featured_media":5752935,"comment_status":"open","ping_status":"closed","template":"","meta":[],"product_brand":[2891],"product_cat":[1841],"product_tag":[],"class_list":{"0":"post-5756350","1":"product","2":"type-product","3":"status-publish","4":"has-post-thumbnail","6":"product_brand-domar-hr","7":"product_cat-pribor-za-prikolicu-broda","9":"first","10":"instock","11":"shipping-taxable","12":"purchasable","13":"product-type-simple"},"_links":{"self":[{"href":"https:\/\/stoic-curie.212-227-153-4.plesk.page\/hr\/wp-json\/wp\/v2\/product\/5756350","targetHints":{"allow":["GET"]}}],"collection":[{"href":"https:\/\/stoic-curie.212-227-153-4.plesk.page\/hr\/wp-json\/wp\/v2\/product"}],"about":[{"href":"https:\/\/stoic-curie.212-227-153-4.plesk.page\/hr\/wp-json\/wp\/v2\/types\/product"}],"replies":[{"embeddable":true,"href":"https:\/\/stoic-curie.212-227-153-4.plesk.page\/hr\/wp-json\/wp\/v2\/comments?post=5756350"}],"version-history":[{"count":0,"href":"https:\/\/stoic-curie.212-227-153-4.plesk.page\/hr\/wp-json\/wp\/v2\/product\/5756350\/revisions"}],"wp:featuredmedia":[{"embeddable":true,"href":"https:\/\/stoic-curie.212-227-153-4.plesk.page\/hr\/wp-json\/wp\/v2\/media\/5752935"}],"wp:attachment":[{"href":"https:\/\/stoic-curie.212-227-153-4.plesk.page\/hr\/wp-json\/wp\/v2\/media?parent=5756350"}],"wp:term":[{"taxonomy":"product_brand","embeddable":true,"href":"https:\/\/stoic-curie.212-227-153-4.plesk.page\/hr\/wp-json\/wp\/v2\/product_brand?post=5756350"},{"taxonomy":"product_cat","embeddable":true,"href":"https:\/\/stoic-curie.212-227-153-4.plesk.page\/hr\/wp-json\/wp\/v2\/product_cat?post=5756350"},{"taxonomy":"product_tag","embeddable":true,"href":"https:\/\/stoic-curie.212-227-153-4.plesk.page\/hr\/wp-json\/wp\/v2\/product_tag?post=5756350"}],"curies":[{"name":"wp","href":"https:\/\/api.w.org\/{rel}","templated":true}]}}