{"id":5756352,"date":"2026-02-12T13:48:41","date_gmt":"2026-02-12T12:48:41","guid":{"rendered":"https:\/\/stoic-curie.212-227-153-4.plesk.page\/product\/musto-corsica-jakna-velicina-s-tamnoplava\/"},"modified":"2026-02-25T00:01:41","modified_gmt":"2026-02-25T00:01:41","slug":"musto-corsica-jakna-velicina-s-tamnoplava","status":"publish","type":"product","link":"https:\/\/stoic-curie.212-227-153-4.plesk.page\/hr\/product\/musto-corsica-jakna-velicina-s-tamnoplava\/","title":{"rendered":"Musto Corsica Jakna Veli\u010dina S &#8211; Tamnoplava"},"content":{"rendered":"<p>Musto Corsica Jakna Veli\u010dina S &#8211; Tamnoplava &#8211; <\/p>\n<p>Musto Corsica jakna idealna je za kori\u0161tenje na palubi i na kopnu. Iznimno vodootporna, izra\u0111ena je od dvoslojnog vodootpornog i prozra\u010dnog materijala koji ispunjava stroge BR1 standarde Musta. S postavom od flisa za toplinu i udobnost, jakna ima odvojivu i podesivu kapulja\u010du s u\u010dvr\u0161\u0107enim vrhom kako bi se ki\u0161nica odr\u017eavala daleko od va\u0161eg lica. Sadr\u017ei YKK\u00c2\u00ae VISLON\u00c2\u00ae prednji zip s internom za\u0161titom za zatvara\u010d, \u010di\u010dak podesive man\u017eete, dvije bo\u010dne d\u017eepove sa zipom i zip d\u017eep na prsima. Tako\u0111er, postoji interna d\u017eep s izlaznom to\u010dkom za slu\u0161alice i izrezani stra\u017enji rub za dodatnu pokrivenost.<\/p>\n","protected":false},"excerpt":{"rendered":"<p>Musto Corsica Jakna Veli\u010dina S &#8211; Tamnoplava &#8211; Musto Corsica jakna idealna je za kori\u0161tenje na palubi i na kopnu.<\/p>\n","protected":false},"featured_media":5752945,"comment_status":"open","ping_status":"closed","template":"","meta":[],"product_brand":[3156],"product_cat":[1854],"product_tag":[],"class_list":{"0":"post-5756352","1":"product","2":"type-product","3":"status-publish","4":"has-post-thumbnail","6":"product_brand-musto-hr","7":"product_cat-jedrilicarska-odjeca-musto","9":"first","10":"instock","11":"shipping-taxable","12":"purchasable","13":"product-type-simple"},"_links":{"self":[{"href":"https:\/\/stoic-curie.212-227-153-4.plesk.page\/hr\/wp-json\/wp\/v2\/product\/5756352","targetHints":{"allow":["GET"]}}],"collection":[{"href":"https:\/\/stoic-curie.212-227-153-4.plesk.page\/hr\/wp-json\/wp\/v2\/product"}],"about":[{"href":"https:\/\/stoic-curie.212-227-153-4.plesk.page\/hr\/wp-json\/wp\/v2\/types\/product"}],"replies":[{"embeddable":true,"href":"https:\/\/stoic-curie.212-227-153-4.plesk.page\/hr\/wp-json\/wp\/v2\/comments?post=5756352"}],"version-history":[{"count":0,"href":"https:\/\/stoic-curie.212-227-153-4.plesk.page\/hr\/wp-json\/wp\/v2\/product\/5756352\/revisions"}],"wp:featuredmedia":[{"embeddable":true,"href":"https:\/\/stoic-curie.212-227-153-4.plesk.page\/hr\/wp-json\/wp\/v2\/media\/5752945"}],"wp:attachment":[{"href":"https:\/\/stoic-curie.212-227-153-4.plesk.page\/hr\/wp-json\/wp\/v2\/media?parent=5756352"}],"wp:term":[{"taxonomy":"product_brand","embeddable":true,"href":"https:\/\/stoic-curie.212-227-153-4.plesk.page\/hr\/wp-json\/wp\/v2\/product_brand?post=5756352"},{"taxonomy":"product_cat","embeddable":true,"href":"https:\/\/stoic-curie.212-227-153-4.plesk.page\/hr\/wp-json\/wp\/v2\/product_cat?post=5756352"},{"taxonomy":"product_tag","embeddable":true,"href":"https:\/\/stoic-curie.212-227-153-4.plesk.page\/hr\/wp-json\/wp\/v2\/product_tag?post=5756352"}],"curies":[{"name":"wp","href":"https:\/\/api.w.org\/{rel}","templated":true}]}}