{"id":5756353,"date":"2026-02-12T13:48:42","date_gmt":"2026-02-12T12:48:42","guid":{"rendered":"https:\/\/stoic-curie.212-227-153-4.plesk.page\/product\/musto-corsica-jakna-velicina-m-mornarsko-plava\/"},"modified":"2026-02-25T00:01:41","modified_gmt":"2026-02-25T00:01:41","slug":"musto-corsica-jakna-velicina-m-mornarsko-plava","status":"publish","type":"product","link":"https:\/\/stoic-curie.212-227-153-4.plesk.page\/hr\/product\/musto-corsica-jakna-velicina-m-mornarsko-plava\/","title":{"rendered":"Musto Corsica Jakna Veli\u010dina M &#8211; Mornarsko Plava"},"content":{"rendered":"<p>Musto Corsica Jakna Veli\u010dina M &#8211; Mornarsko Plava &#8211; <\/p>\n<p>Musto Corsica Jakna idealna je za kori\u0161tenje na palubi i na kopnu. Izuzetno je vodootporna, izra\u0111ena je od dvostrukog vodoodpornog i prozra\u010dnog materijala koji ispunjava stroge BR1 norme Musta. Opremljena je flis oblogom za toplinu i udobnost, ima odvojivu i podesivu kapulja\u010du s oja\u010danim vrhom kako bi sprije\u010dila da voda kaplje na va\u0161e lice. Jakna ima YKK\u00c2\u00ae VISLON\u00c2\u00ae prednji patentni zatvara\u010d s unutarnjom za\u0161titom, \u010di\u010dak podesive man\u017eete, dva bo\u010dna d\u017eepa sa patentnim zatvara\u010dem, d\u017eep na prsima s patentnim zatvara\u010dem i unutarnji d\u017eep s izlazom za slu\u0161alice. Tako\u0111er, rezani stra\u017enji rub pru\u017ea dodatno prekrivanje.<\/p>\n","protected":false},"excerpt":{"rendered":"<p>Musto Corsica Jakna Veli\u010dina M &#8211; Mornarsko Plava &#8211; Musto Corsica Jakna idealna je za kori\u0161tenje na palubi i na<\/p>\n","protected":false},"featured_media":5752945,"comment_status":"open","ping_status":"closed","template":"","meta":[],"product_brand":[3156],"product_cat":[1854],"product_tag":[],"class_list":{"0":"post-5756353","1":"product","2":"type-product","3":"status-publish","4":"has-post-thumbnail","6":"product_brand-musto-hr","7":"product_cat-jedrilicarska-odjeca-musto","9":"first","10":"instock","11":"shipping-taxable","12":"purchasable","13":"product-type-simple"},"_links":{"self":[{"href":"https:\/\/stoic-curie.212-227-153-4.plesk.page\/hr\/wp-json\/wp\/v2\/product\/5756353","targetHints":{"allow":["GET"]}}],"collection":[{"href":"https:\/\/stoic-curie.212-227-153-4.plesk.page\/hr\/wp-json\/wp\/v2\/product"}],"about":[{"href":"https:\/\/stoic-curie.212-227-153-4.plesk.page\/hr\/wp-json\/wp\/v2\/types\/product"}],"replies":[{"embeddable":true,"href":"https:\/\/stoic-curie.212-227-153-4.plesk.page\/hr\/wp-json\/wp\/v2\/comments?post=5756353"}],"version-history":[{"count":0,"href":"https:\/\/stoic-curie.212-227-153-4.plesk.page\/hr\/wp-json\/wp\/v2\/product\/5756353\/revisions"}],"wp:featuredmedia":[{"embeddable":true,"href":"https:\/\/stoic-curie.212-227-153-4.plesk.page\/hr\/wp-json\/wp\/v2\/media\/5752945"}],"wp:attachment":[{"href":"https:\/\/stoic-curie.212-227-153-4.plesk.page\/hr\/wp-json\/wp\/v2\/media?parent=5756353"}],"wp:term":[{"taxonomy":"product_brand","embeddable":true,"href":"https:\/\/stoic-curie.212-227-153-4.plesk.page\/hr\/wp-json\/wp\/v2\/product_brand?post=5756353"},{"taxonomy":"product_cat","embeddable":true,"href":"https:\/\/stoic-curie.212-227-153-4.plesk.page\/hr\/wp-json\/wp\/v2\/product_cat?post=5756353"},{"taxonomy":"product_tag","embeddable":true,"href":"https:\/\/stoic-curie.212-227-153-4.plesk.page\/hr\/wp-json\/wp\/v2\/product_tag?post=5756353"}],"curies":[{"name":"wp","href":"https:\/\/api.w.org\/{rel}","templated":true}]}}