{"id":5756355,"date":"2026-02-12T13:48:43","date_gmt":"2026-02-12T12:48:43","guid":{"rendered":"https:\/\/stoic-curie.212-227-153-4.plesk.page\/product\/musto-corsica-jakna-xl-plava\/"},"modified":"2026-02-25T00:01:41","modified_gmt":"2026-02-25T00:01:41","slug":"musto-corsica-jakna-xl-plava","status":"publish","type":"product","link":"https:\/\/stoic-curie.212-227-153-4.plesk.page\/hr\/product\/musto-corsica-jakna-xl-plava\/","title":{"rendered":"Musto Corsica jakna XL plava"},"content":{"rendered":"<p>Musto Corsica jakna XL plava &#8211; <\/p>\n<p>Musto Corsica Jakna je idealna za kori\u0161tenje na palubi i na kopnu. Ima izvanredne vodootporne osobine, izra\u0111ena je od 2-slojnog vodoodbojnog i prozra\u010dnog materijala koji zadovoljava stroge BR1 standarde kompanije Musto. S flis podlogom za dodatnu toplinu i udobnost, uklju\u010duje odvojivu i podesivu kapulja\u010du s uko\u010denim vrhom koja odvodi kapljice vode s va\u0161eg lica, YKK\u00ae VISLON\u00ae prednji zip s unutarnjom za\u0161titom od zipa, man\u017eete s \u010di\u010dak, dvije bo\u010dne d\u017eepove sa zipom i d\u017eep na prsima, unutarnji d\u017eep s izlaznom to\u010dkom za slu\u0161alice i zaobljeni stra\u017enji rub za dodatnu pokrivenost.<\/p>\n","protected":false},"excerpt":{"rendered":"<p>Musto Corsica jakna XL plava &#8211; Musto Corsica Jakna je idealna za kori\u0161tenje na palubi i na kopnu. Ima izvanredne<\/p>\n","protected":false},"featured_media":5752945,"comment_status":"open","ping_status":"closed","template":"","meta":[],"product_brand":[3156],"product_cat":[1854],"product_tag":[],"class_list":{"0":"post-5756355","1":"product","2":"type-product","3":"status-publish","4":"has-post-thumbnail","6":"product_brand-musto-hr","7":"product_cat-jedrilicarska-odjeca-musto","9":"first","10":"instock","11":"shipping-taxable","12":"purchasable","13":"product-type-simple"},"_links":{"self":[{"href":"https:\/\/stoic-curie.212-227-153-4.plesk.page\/hr\/wp-json\/wp\/v2\/product\/5756355","targetHints":{"allow":["GET"]}}],"collection":[{"href":"https:\/\/stoic-curie.212-227-153-4.plesk.page\/hr\/wp-json\/wp\/v2\/product"}],"about":[{"href":"https:\/\/stoic-curie.212-227-153-4.plesk.page\/hr\/wp-json\/wp\/v2\/types\/product"}],"replies":[{"embeddable":true,"href":"https:\/\/stoic-curie.212-227-153-4.plesk.page\/hr\/wp-json\/wp\/v2\/comments?post=5756355"}],"version-history":[{"count":0,"href":"https:\/\/stoic-curie.212-227-153-4.plesk.page\/hr\/wp-json\/wp\/v2\/product\/5756355\/revisions"}],"wp:featuredmedia":[{"embeddable":true,"href":"https:\/\/stoic-curie.212-227-153-4.plesk.page\/hr\/wp-json\/wp\/v2\/media\/5752945"}],"wp:attachment":[{"href":"https:\/\/stoic-curie.212-227-153-4.plesk.page\/hr\/wp-json\/wp\/v2\/media?parent=5756355"}],"wp:term":[{"taxonomy":"product_brand","embeddable":true,"href":"https:\/\/stoic-curie.212-227-153-4.plesk.page\/hr\/wp-json\/wp\/v2\/product_brand?post=5756355"},{"taxonomy":"product_cat","embeddable":true,"href":"https:\/\/stoic-curie.212-227-153-4.plesk.page\/hr\/wp-json\/wp\/v2\/product_cat?post=5756355"},{"taxonomy":"product_tag","embeddable":true,"href":"https:\/\/stoic-curie.212-227-153-4.plesk.page\/hr\/wp-json\/wp\/v2\/product_tag?post=5756355"}],"curies":[{"name":"wp","href":"https:\/\/api.w.org\/{rel}","templated":true}]}}