{"id":5756356,"date":"2026-02-12T13:48:44","date_gmt":"2026-02-12T12:48:44","guid":{"rendered":"https:\/\/stoic-curie.212-227-153-4.plesk.page\/product\/musto-corsica-jakna-xxl-plava\/"},"modified":"2026-02-25T00:01:41","modified_gmt":"2026-02-25T00:01:41","slug":"musto-corsica-jakna-xxl-plava","status":"publish","type":"product","link":"https:\/\/stoic-curie.212-227-153-4.plesk.page\/hr\/product\/musto-corsica-jakna-xxl-plava\/","title":{"rendered":"Musto Corsica jakna XXL plava"},"content":{"rendered":"<p>Musto Corsica jakna XXL plava &#8211; <\/p>\n<p>Musto Corsica Jakna je savr\u0161ena za kori\u0161tenje na palubi i na kopnu. Izvrsno vodootporna, izra\u0111ena je od dvostrukog vodoodbojnog i prozra\u010dnog materijala koji ispunjava stroge BR1 standarde Musto. Ima flis podstavu za toplinu i udobnost, odvojivu i podesivu kapulja\u010du s krutim vrhom za dr\u017eanje vode podalje od lica, YKK\u00ae VISLON\u00ae prednji zatvara\u010d s unutarnjom za\u0161titom zatvara\u010da, rukave koje se mogu prilagoditi \u010di\u010dkom, dva bo\u010dna d\u017eepa s patentnim zatvara\u010dem i jedan d\u017eep na prsima, unutarnji d\u017eep s izlaznom to\u010dkom za slu\u0161alice i izrezani stra\u017enji rub za dodatnu pokrivenost.<\/p>\n","protected":false},"excerpt":{"rendered":"<p>Musto Corsica jakna XXL plava &#8211; Musto Corsica Jakna je savr\u0161ena za kori\u0161tenje na palubi i na kopnu. Izvrsno vodootporna,<\/p>\n","protected":false},"featured_media":5752945,"comment_status":"open","ping_status":"closed","template":"","meta":[],"product_brand":[3156],"product_cat":[1854],"product_tag":[],"class_list":{"0":"post-5756356","1":"product","2":"type-product","3":"status-publish","4":"has-post-thumbnail","6":"product_brand-musto-hr","7":"product_cat-jedrilicarska-odjeca-musto","9":"first","10":"instock","11":"shipping-taxable","12":"purchasable","13":"product-type-simple"},"_links":{"self":[{"href":"https:\/\/stoic-curie.212-227-153-4.plesk.page\/hr\/wp-json\/wp\/v2\/product\/5756356","targetHints":{"allow":["GET"]}}],"collection":[{"href":"https:\/\/stoic-curie.212-227-153-4.plesk.page\/hr\/wp-json\/wp\/v2\/product"}],"about":[{"href":"https:\/\/stoic-curie.212-227-153-4.plesk.page\/hr\/wp-json\/wp\/v2\/types\/product"}],"replies":[{"embeddable":true,"href":"https:\/\/stoic-curie.212-227-153-4.plesk.page\/hr\/wp-json\/wp\/v2\/comments?post=5756356"}],"version-history":[{"count":0,"href":"https:\/\/stoic-curie.212-227-153-4.plesk.page\/hr\/wp-json\/wp\/v2\/product\/5756356\/revisions"}],"wp:featuredmedia":[{"embeddable":true,"href":"https:\/\/stoic-curie.212-227-153-4.plesk.page\/hr\/wp-json\/wp\/v2\/media\/5752945"}],"wp:attachment":[{"href":"https:\/\/stoic-curie.212-227-153-4.plesk.page\/hr\/wp-json\/wp\/v2\/media?parent=5756356"}],"wp:term":[{"taxonomy":"product_brand","embeddable":true,"href":"https:\/\/stoic-curie.212-227-153-4.plesk.page\/hr\/wp-json\/wp\/v2\/product_brand?post=5756356"},{"taxonomy":"product_cat","embeddable":true,"href":"https:\/\/stoic-curie.212-227-153-4.plesk.page\/hr\/wp-json\/wp\/v2\/product_cat?post=5756356"},{"taxonomy":"product_tag","embeddable":true,"href":"https:\/\/stoic-curie.212-227-153-4.plesk.page\/hr\/wp-json\/wp\/v2\/product_tag?post=5756356"}],"curies":[{"name":"wp","href":"https:\/\/api.w.org\/{rel}","templated":true}]}}