{"id":5756357,"date":"2026-02-12T13:48:45","date_gmt":"2026-02-12T12:48:45","guid":{"rendered":"https:\/\/stoic-curie.212-227-153-4.plesk.page\/product\/musto-corsica-jakna-velicina-3xl-mornarcka-plava\/"},"modified":"2026-02-25T00:01:41","modified_gmt":"2026-02-25T00:01:41","slug":"musto-corsica-jakna-velicina-3xl-mornarcka-plava","status":"publish","type":"product","link":"https:\/\/stoic-curie.212-227-153-4.plesk.page\/hr\/product\/musto-corsica-jakna-velicina-3xl-mornarcka-plava\/","title":{"rendered":"Musto Corsica Jakna &#8211; Veli\u010dina 3XL &#8211; Mornar\u010dka Plava"},"content":{"rendered":"<p>Musto Corsica Jakna &#8211; Veli\u010dina 3XL &#8211; Mornar\u010dka Plava &#8211; <\/p>\n<p>Musto Corsica Jakna je idealna za upotrebu na palubi i na kopnu. Izuzetno vodootporna, izra\u0111ena je od 2-slojnog vodoodpornog i prozra\u010dnog materijala koji zadovoljava stroge BR1 standarde Musta. S flis podstavom za toplinu i udobnost, ima odvojivu i podesivu kapulja\u010du s u\u010dvr\u0161\u0107enim vrhom koji dr\u017ei vodu podalje od va\u0161eg lica. Tako\u0111er uklju\u010duje YKK\u00ae VISLON\u00ae prednji zip s unutarnjom za\u0161titom od curenja, man\u017eete na \u010di\u010dak, dvije bo\u010dne d\u017eepove s patentnim zatvara\u010dem, patentni d\u017eep na prsima i unutarnji d\u017eep sa izlaznom to\u010dkom za slu\u0161alice. Izrezani stra\u017enji rub osigurava dodatno pokrivanje.<\/p>\n","protected":false},"excerpt":{"rendered":"<p>Musto Corsica Jakna &#8211; Veli\u010dina 3XL &#8211; Mornar\u010dka Plava &#8211; Musto Corsica Jakna je idealna za upotrebu na palubi i<\/p>\n","protected":false},"featured_media":5752945,"comment_status":"open","ping_status":"closed","template":"","meta":[],"product_brand":[3156],"product_cat":[1854],"product_tag":[],"class_list":{"0":"post-5756357","1":"product","2":"type-product","3":"status-publish","4":"has-post-thumbnail","6":"product_brand-musto-hr","7":"product_cat-jedrilicarska-odjeca-musto","9":"first","10":"instock","11":"shipping-taxable","12":"purchasable","13":"product-type-simple"},"_links":{"self":[{"href":"https:\/\/stoic-curie.212-227-153-4.plesk.page\/hr\/wp-json\/wp\/v2\/product\/5756357","targetHints":{"allow":["GET"]}}],"collection":[{"href":"https:\/\/stoic-curie.212-227-153-4.plesk.page\/hr\/wp-json\/wp\/v2\/product"}],"about":[{"href":"https:\/\/stoic-curie.212-227-153-4.plesk.page\/hr\/wp-json\/wp\/v2\/types\/product"}],"replies":[{"embeddable":true,"href":"https:\/\/stoic-curie.212-227-153-4.plesk.page\/hr\/wp-json\/wp\/v2\/comments?post=5756357"}],"version-history":[{"count":0,"href":"https:\/\/stoic-curie.212-227-153-4.plesk.page\/hr\/wp-json\/wp\/v2\/product\/5756357\/revisions"}],"wp:featuredmedia":[{"embeddable":true,"href":"https:\/\/stoic-curie.212-227-153-4.plesk.page\/hr\/wp-json\/wp\/v2\/media\/5752945"}],"wp:attachment":[{"href":"https:\/\/stoic-curie.212-227-153-4.plesk.page\/hr\/wp-json\/wp\/v2\/media?parent=5756357"}],"wp:term":[{"taxonomy":"product_brand","embeddable":true,"href":"https:\/\/stoic-curie.212-227-153-4.plesk.page\/hr\/wp-json\/wp\/v2\/product_brand?post=5756357"},{"taxonomy":"product_cat","embeddable":true,"href":"https:\/\/stoic-curie.212-227-153-4.plesk.page\/hr\/wp-json\/wp\/v2\/product_cat?post=5756357"},{"taxonomy":"product_tag","embeddable":true,"href":"https:\/\/stoic-curie.212-227-153-4.plesk.page\/hr\/wp-json\/wp\/v2\/product_tag?post=5756357"}],"curies":[{"name":"wp","href":"https:\/\/api.w.org\/{rel}","templated":true}]}}