{"id":5756358,"date":"2026-02-12T13:48:45","date_gmt":"2026-02-12T12:48:45","guid":{"rendered":"https:\/\/stoic-curie.212-227-153-4.plesk.page\/product\/musto-sardinia-jakna-velicina-s-tamnoplava\/"},"modified":"2026-02-25T00:01:41","modified_gmt":"2026-02-25T00:01:41","slug":"musto-sardinia-jakna-velicina-s-tamnoplava","status":"publish","type":"product","link":"https:\/\/stoic-curie.212-227-153-4.plesk.page\/hr\/product\/musto-sardinia-jakna-velicina-s-tamnoplava\/","title":{"rendered":"Musto Sardinia Jakna Veli\u010dina S &#8211; Tamnoplava"},"content":{"rendered":"<p>Musto Sardinia Jakna Veli\u010dina S &#8211; Tamnoplava &#8211; <\/p>\n<p>Musto Sardinia Jakna je idealna za toplije uvjete. Izra\u0111ena od superiornog laganog, dvostrukog vodootpornog i prozra\u010dnog materijala s flis mre\u017eom radi udobnosti na ko\u017ei i pobolj\u0161ane cirkulacije zraka. Jakna uklju\u010duje odvojivu i podesivu kapulja\u010du sa u\u010dvr\u0161\u0107enim vrhom kako bi sprije\u010dila ulazak vode u lice, YKK\u00c2\u00ae VISLON\u00c2\u00ae prednji zip s unutarnjom za\u0161titom, podesive \u010di\u010dak man\u017eete, dva bo\u010dna zip d\u017eepa i zip d\u017eep na prsima, unutarnji d\u017eep s izlaznom to\u010dkom za slu\u0161alice i zaobljeni stra\u017enji rub za dodatnu pokrivenost te pode\u0161avanje ruba kako bi se zadr\u017eala za\u0161tita od vremenskih uvjeta.<br \/>Kliknite ovdje da provjerite to\u010dnu veli\u010dinu:<\/p>\n","protected":false},"excerpt":{"rendered":"<p>Musto Sardinia Jakna Veli\u010dina S &#8211; Tamnoplava &#8211; Musto Sardinia Jakna je idealna za toplije uvjete. Izra\u0111ena od superiornog laganog,<\/p>\n","protected":false},"featured_media":5752957,"comment_status":"open","ping_status":"closed","template":"","meta":[],"product_brand":[3156],"product_cat":[1854],"product_tag":[],"class_list":{"0":"post-5756358","1":"product","2":"type-product","3":"status-publish","4":"has-post-thumbnail","6":"product_brand-musto-hr","7":"product_cat-jedrilicarska-odjeca-musto","9":"first","10":"instock","11":"shipping-taxable","12":"purchasable","13":"product-type-simple"},"_links":{"self":[{"href":"https:\/\/stoic-curie.212-227-153-4.plesk.page\/hr\/wp-json\/wp\/v2\/product\/5756358","targetHints":{"allow":["GET"]}}],"collection":[{"href":"https:\/\/stoic-curie.212-227-153-4.plesk.page\/hr\/wp-json\/wp\/v2\/product"}],"about":[{"href":"https:\/\/stoic-curie.212-227-153-4.plesk.page\/hr\/wp-json\/wp\/v2\/types\/product"}],"replies":[{"embeddable":true,"href":"https:\/\/stoic-curie.212-227-153-4.plesk.page\/hr\/wp-json\/wp\/v2\/comments?post=5756358"}],"version-history":[{"count":0,"href":"https:\/\/stoic-curie.212-227-153-4.plesk.page\/hr\/wp-json\/wp\/v2\/product\/5756358\/revisions"}],"wp:featuredmedia":[{"embeddable":true,"href":"https:\/\/stoic-curie.212-227-153-4.plesk.page\/hr\/wp-json\/wp\/v2\/media\/5752957"}],"wp:attachment":[{"href":"https:\/\/stoic-curie.212-227-153-4.plesk.page\/hr\/wp-json\/wp\/v2\/media?parent=5756358"}],"wp:term":[{"taxonomy":"product_brand","embeddable":true,"href":"https:\/\/stoic-curie.212-227-153-4.plesk.page\/hr\/wp-json\/wp\/v2\/product_brand?post=5756358"},{"taxonomy":"product_cat","embeddable":true,"href":"https:\/\/stoic-curie.212-227-153-4.plesk.page\/hr\/wp-json\/wp\/v2\/product_cat?post=5756358"},{"taxonomy":"product_tag","embeddable":true,"href":"https:\/\/stoic-curie.212-227-153-4.plesk.page\/hr\/wp-json\/wp\/v2\/product_tag?post=5756358"}],"curies":[{"name":"wp","href":"https:\/\/api.w.org\/{rel}","templated":true}]}}