{"id":5756359,"date":"2026-02-12T13:48:46","date_gmt":"2026-02-12T12:48:46","guid":{"rendered":"https:\/\/stoic-curie.212-227-153-4.plesk.page\/product\/musto-sardinia-jakna-velicina-m-tamnoplava\/"},"modified":"2026-02-25T00:01:41","modified_gmt":"2026-02-25T00:01:41","slug":"musto-sardinia-jakna-velicina-m-tamnoplava","status":"publish","type":"product","link":"https:\/\/stoic-curie.212-227-153-4.plesk.page\/hr\/product\/musto-sardinia-jakna-velicina-m-tamnoplava\/","title":{"rendered":"Musto Sardinia Jakna Veli\u010dina M &#8211; Tamnoplava"},"content":{"rendered":"<p>Musto Sardinia Jakna Veli\u010dina M &#8211; Tamnoplava &#8211; <\/p>\n<p>Musto Sardinia Jakna je savr\u0161ena za topliju klimu. Ova iznimno lagana jakna izra\u0111ena je od 2-slojnog vodoodbojnog i prozra\u010dnog materijala, s flis mre\u017eicom za udobnost na ko\u017ei i pobolj\u0161anu cirkulaciju zraka. Uklju\u010duje odvojivu i podesivu kapulja\u010du sa uko\u010denim vrhom koji sprje\u010dava prolijevanje vode na va\u0161e lice, YKK\u00ae VISLON\u00ae prednji patentni zatvara\u010d s unutarnjom za\u0161titom patentnog zatvara\u010da, man\u017eete s \u010di\u010dak podesivim, dvije bo\u010dne d\u017eepove s patentnim zatvara\u010dem i patentni d\u017eep na prsima, te unutarnji d\u017eep s to\u010dkom izlaza za slu\u0161alice. Uz to, ima izrezani stra\u017enji rub za dodatnu za\u0161titu i pode\u0161iva\u010d ruba kako bi se zadr\u017eali elementi vani. Kliknite ovdje da provjerite to\u010dnu veli\u010dinu:<\/p>\n","protected":false},"excerpt":{"rendered":"<p>Musto Sardinia Jakna Veli\u010dina M &#8211; Tamnoplava &#8211; Musto Sardinia Jakna je savr\u0161ena za topliju klimu. Ova iznimno lagana jakna<\/p>\n","protected":false},"featured_media":5752957,"comment_status":"open","ping_status":"closed","template":"","meta":[],"product_brand":[3156],"product_cat":[1854],"product_tag":[],"class_list":{"0":"post-5756359","1":"product","2":"type-product","3":"status-publish","4":"has-post-thumbnail","6":"product_brand-musto-hr","7":"product_cat-jedrilicarska-odjeca-musto","9":"first","10":"instock","11":"shipping-taxable","12":"purchasable","13":"product-type-simple"},"_links":{"self":[{"href":"https:\/\/stoic-curie.212-227-153-4.plesk.page\/hr\/wp-json\/wp\/v2\/product\/5756359","targetHints":{"allow":["GET"]}}],"collection":[{"href":"https:\/\/stoic-curie.212-227-153-4.plesk.page\/hr\/wp-json\/wp\/v2\/product"}],"about":[{"href":"https:\/\/stoic-curie.212-227-153-4.plesk.page\/hr\/wp-json\/wp\/v2\/types\/product"}],"replies":[{"embeddable":true,"href":"https:\/\/stoic-curie.212-227-153-4.plesk.page\/hr\/wp-json\/wp\/v2\/comments?post=5756359"}],"version-history":[{"count":0,"href":"https:\/\/stoic-curie.212-227-153-4.plesk.page\/hr\/wp-json\/wp\/v2\/product\/5756359\/revisions"}],"wp:featuredmedia":[{"embeddable":true,"href":"https:\/\/stoic-curie.212-227-153-4.plesk.page\/hr\/wp-json\/wp\/v2\/media\/5752957"}],"wp:attachment":[{"href":"https:\/\/stoic-curie.212-227-153-4.plesk.page\/hr\/wp-json\/wp\/v2\/media?parent=5756359"}],"wp:term":[{"taxonomy":"product_brand","embeddable":true,"href":"https:\/\/stoic-curie.212-227-153-4.plesk.page\/hr\/wp-json\/wp\/v2\/product_brand?post=5756359"},{"taxonomy":"product_cat","embeddable":true,"href":"https:\/\/stoic-curie.212-227-153-4.plesk.page\/hr\/wp-json\/wp\/v2\/product_cat?post=5756359"},{"taxonomy":"product_tag","embeddable":true,"href":"https:\/\/stoic-curie.212-227-153-4.plesk.page\/hr\/wp-json\/wp\/v2\/product_tag?post=5756359"}],"curies":[{"name":"wp","href":"https:\/\/api.w.org\/{rel}","templated":true}]}}