{"id":5756360,"date":"2026-02-12T13:48:47","date_gmt":"2026-02-12T12:48:47","guid":{"rendered":"https:\/\/stoic-curie.212-227-153-4.plesk.page\/product\/musto-sardinia-jakna-velicina-l-boja-mornarika-plava\/"},"modified":"2026-02-25T00:01:41","modified_gmt":"2026-02-25T00:01:41","slug":"musto-sardinia-jakna-velicina-l-boja-mornarika-plava","status":"publish","type":"product","link":"https:\/\/stoic-curie.212-227-153-4.plesk.page\/hr\/product\/musto-sardinia-jakna-velicina-l-boja-mornarika-plava\/","title":{"rendered":"Musto Sardinia Jakna &#8211; Veli\u010dina L &#8211; Boja: Mornarika Plava"},"content":{"rendered":"<p>Musto Sardinia Jakna &#8211; Veli\u010dina L &#8211; Boja: Mornarika Plava &#8211; <\/p>\n<p>Musto Sardinia Jakna je savr\u0161ena za toplije okru\u017eenje. Izra\u0111ena je od vrhunskog laganog materijala, sadr\u017ei 2-slojni vodootporni i prozra\u010dan materijal s flis mre\u017eom za udobnost na ko\u017ei i pobolj\u0161anu cirkulaciju zraka. Jakna uklju\u010duje odvojivu i podesivu kapu s \u010dvrstim vrhom koja dr\u017ei vodu dalje od va\u0161eg lica, YKK\u00ae VISLON\u00ae prednji zip s unutarnjom za\u0161titom od zippersa, \u010di\u010dak pode\u0161avaju\u0107e man\u017eete, dva bo\u010dna d\u017eepa sa zipom i d\u017eep na prsima \u0441 zipom. Tako\u0111er ima unutarnji d\u017eep s izlazom za slu\u0161alice i izrezani stra\u017enji rub za dodatnu za\u0161titu, kao i pode\u0161avanje rubova kako bi se zadr\u017eala lo\u0161a vremena van. Kliknite ovdje da provjerite to\u010dnu veli\u010dinu:<\/p>\n","protected":false},"excerpt":{"rendered":"<p>Musto Sardinia Jakna &#8211; Veli\u010dina L &#8211; Boja: Mornarika Plava &#8211; Musto Sardinia Jakna je savr\u0161ena za toplije okru\u017eenje. Izra\u0111ena<\/p>\n","protected":false},"featured_media":5752957,"comment_status":"open","ping_status":"closed","template":"","meta":[],"product_brand":[3156],"product_cat":[1854],"product_tag":[],"class_list":{"0":"post-5756360","1":"product","2":"type-product","3":"status-publish","4":"has-post-thumbnail","6":"product_brand-musto-hr","7":"product_cat-jedrilicarska-odjeca-musto","9":"first","10":"instock","11":"shipping-taxable","12":"purchasable","13":"product-type-simple"},"_links":{"self":[{"href":"https:\/\/stoic-curie.212-227-153-4.plesk.page\/hr\/wp-json\/wp\/v2\/product\/5756360","targetHints":{"allow":["GET"]}}],"collection":[{"href":"https:\/\/stoic-curie.212-227-153-4.plesk.page\/hr\/wp-json\/wp\/v2\/product"}],"about":[{"href":"https:\/\/stoic-curie.212-227-153-4.plesk.page\/hr\/wp-json\/wp\/v2\/types\/product"}],"replies":[{"embeddable":true,"href":"https:\/\/stoic-curie.212-227-153-4.plesk.page\/hr\/wp-json\/wp\/v2\/comments?post=5756360"}],"version-history":[{"count":0,"href":"https:\/\/stoic-curie.212-227-153-4.plesk.page\/hr\/wp-json\/wp\/v2\/product\/5756360\/revisions"}],"wp:featuredmedia":[{"embeddable":true,"href":"https:\/\/stoic-curie.212-227-153-4.plesk.page\/hr\/wp-json\/wp\/v2\/media\/5752957"}],"wp:attachment":[{"href":"https:\/\/stoic-curie.212-227-153-4.plesk.page\/hr\/wp-json\/wp\/v2\/media?parent=5756360"}],"wp:term":[{"taxonomy":"product_brand","embeddable":true,"href":"https:\/\/stoic-curie.212-227-153-4.plesk.page\/hr\/wp-json\/wp\/v2\/product_brand?post=5756360"},{"taxonomy":"product_cat","embeddable":true,"href":"https:\/\/stoic-curie.212-227-153-4.plesk.page\/hr\/wp-json\/wp\/v2\/product_cat?post=5756360"},{"taxonomy":"product_tag","embeddable":true,"href":"https:\/\/stoic-curie.212-227-153-4.plesk.page\/hr\/wp-json\/wp\/v2\/product_tag?post=5756360"}],"curies":[{"name":"wp","href":"https:\/\/api.w.org\/{rel}","templated":true}]}}