{"id":5756361,"date":"2026-02-12T13:48:48","date_gmt":"2026-02-12T12:48:48","guid":{"rendered":"https:\/\/stoic-curie.212-227-153-4.plesk.page\/product\/musto-sardinia-jakna-velicina-xl-tamnoplava\/"},"modified":"2026-02-25T00:01:41","modified_gmt":"2026-02-25T00:01:41","slug":"musto-sardinia-jakna-velicina-xl-tamnoplava","status":"publish","type":"product","link":"https:\/\/stoic-curie.212-227-153-4.plesk.page\/hr\/product\/musto-sardinia-jakna-velicina-xl-tamnoplava\/","title":{"rendered":"Musto Sardinia Jakna &#8211; Veli\u010dina XL &#8211; Tamnoplava"},"content":{"rendered":"<p>Musto Sardinia Jakna &#8211; Veli\u010dina XL &#8211; Tamnoplava &#8211; <\/p>\n<p>Musto Sardinia Jakna savr\u0161eno je dizajnirana za toplije okoli\u0161e. Ima superiornu laganu konstrukciju od dvostrukog vodootpornog i prozra\u010dnog materijala, dopunjenu s fleecem za udobnost na ko\u017ei i pobolj\u0161anu cirkulaciju zraka. Jakna dolazi s odvojivom i podesivom kapulja\u010dom s u\u010dvr\u0161\u0107enim vrhom kako bi sprije\u010dila otjecanje vode na va\u0161e lice. Uklju\u010duje YKK\u00ae VISLON\u00ae prednji patentni zatvara\u010d s unutarnjom za\u0161titom, podesive \u010di\u010dak man\u017eete, dvije bo\u010dne d\u017eepove s patentnim zatvara\u010dem i jedno d\u017eep s patentnim zatvara\u010dem na prsima. Tako\u0111er postoji unutarnji d\u017eep s izlaznom to\u010dkom za slu\u0161alice i izrezani stra\u017enji rub za dodatnu pokrivenost te regulator ruba za zadr\u017eavanje vremena vani.<\/p>\n","protected":false},"excerpt":{"rendered":"<p>Musto Sardinia Jakna &#8211; Veli\u010dina XL &#8211; Tamnoplava &#8211; Musto Sardinia Jakna savr\u0161eno je dizajnirana za toplije okoli\u0161e. Ima superiornu<\/p>\n","protected":false},"featured_media":5752957,"comment_status":"open","ping_status":"closed","template":"","meta":[],"product_brand":[3156],"product_cat":[1854],"product_tag":[],"class_list":{"0":"post-5756361","1":"product","2":"type-product","3":"status-publish","4":"has-post-thumbnail","6":"product_brand-musto-hr","7":"product_cat-jedrilicarska-odjeca-musto","9":"first","10":"instock","11":"shipping-taxable","12":"purchasable","13":"product-type-simple"},"_links":{"self":[{"href":"https:\/\/stoic-curie.212-227-153-4.plesk.page\/hr\/wp-json\/wp\/v2\/product\/5756361","targetHints":{"allow":["GET"]}}],"collection":[{"href":"https:\/\/stoic-curie.212-227-153-4.plesk.page\/hr\/wp-json\/wp\/v2\/product"}],"about":[{"href":"https:\/\/stoic-curie.212-227-153-4.plesk.page\/hr\/wp-json\/wp\/v2\/types\/product"}],"replies":[{"embeddable":true,"href":"https:\/\/stoic-curie.212-227-153-4.plesk.page\/hr\/wp-json\/wp\/v2\/comments?post=5756361"}],"version-history":[{"count":0,"href":"https:\/\/stoic-curie.212-227-153-4.plesk.page\/hr\/wp-json\/wp\/v2\/product\/5756361\/revisions"}],"wp:featuredmedia":[{"embeddable":true,"href":"https:\/\/stoic-curie.212-227-153-4.plesk.page\/hr\/wp-json\/wp\/v2\/media\/5752957"}],"wp:attachment":[{"href":"https:\/\/stoic-curie.212-227-153-4.plesk.page\/hr\/wp-json\/wp\/v2\/media?parent=5756361"}],"wp:term":[{"taxonomy":"product_brand","embeddable":true,"href":"https:\/\/stoic-curie.212-227-153-4.plesk.page\/hr\/wp-json\/wp\/v2\/product_brand?post=5756361"},{"taxonomy":"product_cat","embeddable":true,"href":"https:\/\/stoic-curie.212-227-153-4.plesk.page\/hr\/wp-json\/wp\/v2\/product_cat?post=5756361"},{"taxonomy":"product_tag","embeddable":true,"href":"https:\/\/stoic-curie.212-227-153-4.plesk.page\/hr\/wp-json\/wp\/v2\/product_tag?post=5756361"}],"curies":[{"name":"wp","href":"https:\/\/api.w.org\/{rel}","templated":true}]}}