{"id":5756364,"date":"2026-02-12T13:48:49","date_gmt":"2026-02-12T12:48:49","guid":{"rendered":"https:\/\/stoic-curie.212-227-153-4.plesk.page\/product\/musto-sardinia-jakna-velicina-m-boja-platina\/"},"modified":"2026-02-25T00:01:41","modified_gmt":"2026-02-25T00:01:41","slug":"musto-sardinia-jakna-velicina-m-boja-platina","status":"publish","type":"product","link":"https:\/\/stoic-curie.212-227-153-4.plesk.page\/hr\/product\/musto-sardinia-jakna-velicina-m-boja-platina\/","title":{"rendered":"Musto Sardinia jakna &#8211; Veli\u010dina M &#8211; Boja Platina"},"content":{"rendered":"<p>Musto Sardinia jakna &#8211; Veli\u010dina M &#8211; Boja Platina &#8211; <\/p>\n<p>Musto Sardinia jakna savr\u0161ena je za toplije klimatske uvjete. Izra\u0111ena je od izuzetno laganog materijala s 2 sloja koji je vodonepropusan i prozra\u010dan, uz dodatak stani\u010dne trake od flisa za ve\u0107u udobnost na ko\u017ei i pobolj\u0161anu cirkulaciju zraka. Ova jakna uklju\u010duje odvojivu i podesivu kapulja\u010du s \u010dvrstim vrhom koja spre\u010dava prodiranje vode u lice. Tako\u0111er ima YKK\u00c2\u00ae VISLON\u00c2\u00ae prednji patentni zatvara\u010d s unutarnjom za\u0161titom za patent, podebljive rupice, dva bo\u010dna d\u017eepa sa zatvara\u010dem i zatvoreni d\u017eep na prsima, unutarnji d\u017eep s izlazom za slu\u0161alice te izrezan stra\u017enji rub za dodatnu pokrivenost. Podesivi rub poma\u017ee u odr\u017eavanju vanjskih vremenskih utjecaja. <br \/>Kliknite ovdje da provjerite pravu veli\u010dinu:<\/p>\n","protected":false},"excerpt":{"rendered":"<p>Musto Sardinia jakna &#8211; Veli\u010dina M &#8211; Boja Platina &#8211; Musto Sardinia jakna savr\u0161ena je za toplije klimatske uvjete. Izra\u0111ena<\/p>\n","protected":false},"featured_media":5752957,"comment_status":"open","ping_status":"closed","template":"","meta":[],"product_brand":[3156],"product_cat":[1854],"product_tag":[],"class_list":{"0":"post-5756364","1":"product","2":"type-product","3":"status-publish","4":"has-post-thumbnail","6":"product_brand-musto-hr","7":"product_cat-jedrilicarska-odjeca-musto","9":"first","10":"instock","11":"shipping-taxable","12":"purchasable","13":"product-type-simple"},"_links":{"self":[{"href":"https:\/\/stoic-curie.212-227-153-4.plesk.page\/hr\/wp-json\/wp\/v2\/product\/5756364","targetHints":{"allow":["GET"]}}],"collection":[{"href":"https:\/\/stoic-curie.212-227-153-4.plesk.page\/hr\/wp-json\/wp\/v2\/product"}],"about":[{"href":"https:\/\/stoic-curie.212-227-153-4.plesk.page\/hr\/wp-json\/wp\/v2\/types\/product"}],"replies":[{"embeddable":true,"href":"https:\/\/stoic-curie.212-227-153-4.plesk.page\/hr\/wp-json\/wp\/v2\/comments?post=5756364"}],"version-history":[{"count":0,"href":"https:\/\/stoic-curie.212-227-153-4.plesk.page\/hr\/wp-json\/wp\/v2\/product\/5756364\/revisions"}],"wp:featuredmedia":[{"embeddable":true,"href":"https:\/\/stoic-curie.212-227-153-4.plesk.page\/hr\/wp-json\/wp\/v2\/media\/5752957"}],"wp:attachment":[{"href":"https:\/\/stoic-curie.212-227-153-4.plesk.page\/hr\/wp-json\/wp\/v2\/media?parent=5756364"}],"wp:term":[{"taxonomy":"product_brand","embeddable":true,"href":"https:\/\/stoic-curie.212-227-153-4.plesk.page\/hr\/wp-json\/wp\/v2\/product_brand?post=5756364"},{"taxonomy":"product_cat","embeddable":true,"href":"https:\/\/stoic-curie.212-227-153-4.plesk.page\/hr\/wp-json\/wp\/v2\/product_cat?post=5756364"},{"taxonomy":"product_tag","embeddable":true,"href":"https:\/\/stoic-curie.212-227-153-4.plesk.page\/hr\/wp-json\/wp\/v2\/product_tag?post=5756364"}],"curies":[{"name":"wp","href":"https:\/\/api.w.org\/{rel}","templated":true}]}}