{"id":5756365,"date":"2026-02-12T13:48:50","date_gmt":"2026-02-12T12:48:50","guid":{"rendered":"https:\/\/stoic-curie.212-227-153-4.plesk.page\/product\/musto-sardinia-jakna-velicina-l-boja-platinum\/"},"modified":"2026-02-25T00:01:41","modified_gmt":"2026-02-25T00:01:41","slug":"musto-sardinia-jakna-velicina-l-boja-platinum","status":"publish","type":"product","link":"https:\/\/stoic-curie.212-227-153-4.plesk.page\/hr\/product\/musto-sardinia-jakna-velicina-l-boja-platinum\/","title":{"rendered":"Musto Sardinia Jakna Veli\u010dina L Boja Platinum"},"content":{"rendered":"<p>Musto Sardinia Jakna Veli\u010dina L Boja Platinum &#8211; <\/p>\n<p>Musto Sardinia Jakna je idealna za toplije okru\u017eenje. Svojim superiorno laganim dizajnom izra\u0111ena je od 2-slojnog vodonepropusnog i prozra\u010dnog materijala s fleece-mre\u017eicom za dodatnu udobnost na ko\u017ei i pobolj\u0161anu cirkulaciju zraka. Jakna uklju\u010duje odvojivu i podesivu kapulja\u010du s krutim rubom koji dr\u017ei vodu daleko od lica, YKK\u00ae VISLON\u00ae prednji zip s unutarnjom za\u0161titom protiv preklapanja, \u010di\u010dak podesive rukave, dvije bo\u010dne d\u017eepne naplatke sa zipom i zipni prsni d\u017eep. Tako\u0111er ima unutarnji d\u017eep s izlaznom to\u010dkom za slu\u0161alice i zaobljenu stra\u017enju rub za dodatnu pokrivenost, s pode\u0161ava\u010dem ruba za zadr\u017eavanje vremenskih nepogoda. Kliknite ovdje da provjerite to\u010dnu veli\u010dinu:<\/p>\n","protected":false},"excerpt":{"rendered":"<p>Musto Sardinia Jakna Veli\u010dina L Boja Platinum &#8211; Musto Sardinia Jakna je idealna za toplije okru\u017eenje. Svojim superiorno laganim dizajnom<\/p>\n","protected":false},"featured_media":5752957,"comment_status":"open","ping_status":"closed","template":"","meta":[],"product_brand":[3156],"product_cat":[1854],"product_tag":[],"class_list":{"0":"post-5756365","1":"product","2":"type-product","3":"status-publish","4":"has-post-thumbnail","6":"product_brand-musto-hr","7":"product_cat-jedrilicarska-odjeca-musto","9":"first","10":"instock","11":"shipping-taxable","12":"purchasable","13":"product-type-simple"},"_links":{"self":[{"href":"https:\/\/stoic-curie.212-227-153-4.plesk.page\/hr\/wp-json\/wp\/v2\/product\/5756365","targetHints":{"allow":["GET"]}}],"collection":[{"href":"https:\/\/stoic-curie.212-227-153-4.plesk.page\/hr\/wp-json\/wp\/v2\/product"}],"about":[{"href":"https:\/\/stoic-curie.212-227-153-4.plesk.page\/hr\/wp-json\/wp\/v2\/types\/product"}],"replies":[{"embeddable":true,"href":"https:\/\/stoic-curie.212-227-153-4.plesk.page\/hr\/wp-json\/wp\/v2\/comments?post=5756365"}],"version-history":[{"count":0,"href":"https:\/\/stoic-curie.212-227-153-4.plesk.page\/hr\/wp-json\/wp\/v2\/product\/5756365\/revisions"}],"wp:featuredmedia":[{"embeddable":true,"href":"https:\/\/stoic-curie.212-227-153-4.plesk.page\/hr\/wp-json\/wp\/v2\/media\/5752957"}],"wp:attachment":[{"href":"https:\/\/stoic-curie.212-227-153-4.plesk.page\/hr\/wp-json\/wp\/v2\/media?parent=5756365"}],"wp:term":[{"taxonomy":"product_brand","embeddable":true,"href":"https:\/\/stoic-curie.212-227-153-4.plesk.page\/hr\/wp-json\/wp\/v2\/product_brand?post=5756365"},{"taxonomy":"product_cat","embeddable":true,"href":"https:\/\/stoic-curie.212-227-153-4.plesk.page\/hr\/wp-json\/wp\/v2\/product_cat?post=5756365"},{"taxonomy":"product_tag","embeddable":true,"href":"https:\/\/stoic-curie.212-227-153-4.plesk.page\/hr\/wp-json\/wp\/v2\/product_tag?post=5756365"}],"curies":[{"name":"wp","href":"https:\/\/api.w.org\/{rel}","templated":true}]}}