{"id":5756366,"date":"2026-02-12T13:48:51","date_gmt":"2026-02-12T12:48:51","guid":{"rendered":"https:\/\/stoic-curie.212-227-153-4.plesk.page\/product\/musto-sardinia-jakna-velicina-xl-boja-platinum\/"},"modified":"2026-02-25T00:01:41","modified_gmt":"2026-02-25T00:01:41","slug":"musto-sardinia-jakna-velicina-xl-boja-platinum","status":"publish","type":"product","link":"https:\/\/stoic-curie.212-227-153-4.plesk.page\/hr\/product\/musto-sardinia-jakna-velicina-xl-boja-platinum\/","title":{"rendered":"Musto Sardinia Jakna &#8211; Velicina XL &#8211; Boja Platinum"},"content":{"rendered":"<p>Musto Sardinia Jakna &#8211; Velicina XL &#8211; Boja Platinum &#8211; <\/p>\n<p>Musto Sardinia Jakna je idealna za toplije okru\u017eenje. Zna\u010dajna je zbog svoje lagane konstrukcije koja se sastoji od 2-slojnog vodootpornog i prozra\u010dnog materijala. Fleecevani mre\u017eni materijal pru\u017ea udobnost prema va\u0161oj ko\u017ei i pobolj\u0161ava cirkulaciju zraka. Jakna dolazi s odvojivom i podesivom kapom koja ima uko\u010den vrh kako bi se sprije\u010dilo curenje vode do va\u0161eg lica. Ima YKK\u00ae VISLON\u00ae prednji zip s unutarnjom za\u0161titom, \u010di\u010dak podesive man\u017eete, dvije bo\u010dne zip d\u017eepove, zip d\u017eep na prsima, unutarnji d\u017eep sa izlaznom to\u010dkom za slu\u0161alice i zaobljeni donji rub za dodatnu za\u0161titu. Podesivi donji rub poma\u017ee zadr\u017eati vrijeme vani. Kliknite ovdje za provjeru to\u010dne veli\u010dine:<\/p>\n","protected":false},"excerpt":{"rendered":"<p>Musto Sardinia Jakna &#8211; Velicina XL &#8211; Boja Platinum &#8211; Musto Sardinia Jakna je idealna za toplije okru\u017eenje. Zna\u010dajna je<\/p>\n","protected":false},"featured_media":5752957,"comment_status":"open","ping_status":"closed","template":"","meta":[],"product_brand":[3156],"product_cat":[1854],"product_tag":[],"class_list":{"0":"post-5756366","1":"product","2":"type-product","3":"status-publish","4":"has-post-thumbnail","6":"product_brand-musto-hr","7":"product_cat-jedrilicarska-odjeca-musto","9":"first","10":"instock","11":"shipping-taxable","12":"purchasable","13":"product-type-simple"},"_links":{"self":[{"href":"https:\/\/stoic-curie.212-227-153-4.plesk.page\/hr\/wp-json\/wp\/v2\/product\/5756366","targetHints":{"allow":["GET"]}}],"collection":[{"href":"https:\/\/stoic-curie.212-227-153-4.plesk.page\/hr\/wp-json\/wp\/v2\/product"}],"about":[{"href":"https:\/\/stoic-curie.212-227-153-4.plesk.page\/hr\/wp-json\/wp\/v2\/types\/product"}],"replies":[{"embeddable":true,"href":"https:\/\/stoic-curie.212-227-153-4.plesk.page\/hr\/wp-json\/wp\/v2\/comments?post=5756366"}],"version-history":[{"count":0,"href":"https:\/\/stoic-curie.212-227-153-4.plesk.page\/hr\/wp-json\/wp\/v2\/product\/5756366\/revisions"}],"wp:featuredmedia":[{"embeddable":true,"href":"https:\/\/stoic-curie.212-227-153-4.plesk.page\/hr\/wp-json\/wp\/v2\/media\/5752957"}],"wp:attachment":[{"href":"https:\/\/stoic-curie.212-227-153-4.plesk.page\/hr\/wp-json\/wp\/v2\/media?parent=5756366"}],"wp:term":[{"taxonomy":"product_brand","embeddable":true,"href":"https:\/\/stoic-curie.212-227-153-4.plesk.page\/hr\/wp-json\/wp\/v2\/product_brand?post=5756366"},{"taxonomy":"product_cat","embeddable":true,"href":"https:\/\/stoic-curie.212-227-153-4.plesk.page\/hr\/wp-json\/wp\/v2\/product_cat?post=5756366"},{"taxonomy":"product_tag","embeddable":true,"href":"https:\/\/stoic-curie.212-227-153-4.plesk.page\/hr\/wp-json\/wp\/v2\/product_tag?post=5756366"}],"curies":[{"name":"wp","href":"https:\/\/api.w.org\/{rel}","templated":true}]}}