{"id":5756367,"date":"2026-02-12T13:48:52","date_gmt":"2026-02-12T12:48:52","guid":{"rendered":"https:\/\/stoic-curie.212-227-153-4.plesk.page\/product\/musto-sardinia-jakna-velicina-2xl-boja-platinum\/"},"modified":"2026-02-25T00:01:41","modified_gmt":"2026-02-25T00:01:41","slug":"musto-sardinia-jakna-velicina-2xl-boja-platinum","status":"publish","type":"product","link":"https:\/\/stoic-curie.212-227-153-4.plesk.page\/hr\/product\/musto-sardinia-jakna-velicina-2xl-boja-platinum\/","title":{"rendered":"Musto Sardinia Jakna &#8211; Veli\u010dina 2XL &#8211; Boja Platinum"},"content":{"rendered":"<p>Musto Sardinia Jakna &#8211; Veli\u010dina 2XL &#8211; Boja Platinum &#8211; <\/p>\n<p>Musto Sardinia Jakna je idealna za toplije klime. Ova vrhunska lagana jakna napravljena je od dvoslojnog vodoodpornog i prozra\u010dnog materijala s flis mre\u017eom za udobnost na ko\u017ei i pobolj\u0161anu cirkulaciju zraka. Uklju\u010duje odvojivu i podesivu kapulja\u010du s u\u010dvr\u0161\u0107enim vrhom kako bi voda ostala dalje od va\u0161eg lica, YKK\u00c2\u00ae VISLON\u00c2\u00ae prednju munju s unutarnjom za\u0161titom munje, podesive \u010di\u010dak man\u0161ete, dvije bo\u010dne d\u017eepne munje i d\u017eep na prsima s munjom. Osim toga, postoji unutarnji d\u017eep s izlaznom to\u010dkom za slu\u0161alice i zaobljen donji rub za dodatnu pokrivenost, uz pode\u0161iva\u010d donjeg ruba koji dr\u017ei lo\u0161e vrijeme vani. Kliknite ovdje da provjerite to\u010dnu veli\u010dinu:<\/p>\n","protected":false},"excerpt":{"rendered":"<p>Musto Sardinia Jakna &#8211; Veli\u010dina 2XL &#8211; Boja Platinum &#8211; Musto Sardinia Jakna je idealna za toplije klime. Ova vrhunska<\/p>\n","protected":false},"featured_media":5752957,"comment_status":"open","ping_status":"closed","template":"","meta":[],"product_brand":[3156],"product_cat":[1854],"product_tag":[],"class_list":{"0":"post-5756367","1":"product","2":"type-product","3":"status-publish","4":"has-post-thumbnail","6":"product_brand-musto-hr","7":"product_cat-jedrilicarska-odjeca-musto","9":"first","10":"instock","11":"shipping-taxable","12":"purchasable","13":"product-type-simple"},"_links":{"self":[{"href":"https:\/\/stoic-curie.212-227-153-4.plesk.page\/hr\/wp-json\/wp\/v2\/product\/5756367","targetHints":{"allow":["GET"]}}],"collection":[{"href":"https:\/\/stoic-curie.212-227-153-4.plesk.page\/hr\/wp-json\/wp\/v2\/product"}],"about":[{"href":"https:\/\/stoic-curie.212-227-153-4.plesk.page\/hr\/wp-json\/wp\/v2\/types\/product"}],"replies":[{"embeddable":true,"href":"https:\/\/stoic-curie.212-227-153-4.plesk.page\/hr\/wp-json\/wp\/v2\/comments?post=5756367"}],"version-history":[{"count":0,"href":"https:\/\/stoic-curie.212-227-153-4.plesk.page\/hr\/wp-json\/wp\/v2\/product\/5756367\/revisions"}],"wp:featuredmedia":[{"embeddable":true,"href":"https:\/\/stoic-curie.212-227-153-4.plesk.page\/hr\/wp-json\/wp\/v2\/media\/5752957"}],"wp:attachment":[{"href":"https:\/\/stoic-curie.212-227-153-4.plesk.page\/hr\/wp-json\/wp\/v2\/media?parent=5756367"}],"wp:term":[{"taxonomy":"product_brand","embeddable":true,"href":"https:\/\/stoic-curie.212-227-153-4.plesk.page\/hr\/wp-json\/wp\/v2\/product_brand?post=5756367"},{"taxonomy":"product_cat","embeddable":true,"href":"https:\/\/stoic-curie.212-227-153-4.plesk.page\/hr\/wp-json\/wp\/v2\/product_cat?post=5756367"},{"taxonomy":"product_tag","embeddable":true,"href":"https:\/\/stoic-curie.212-227-153-4.plesk.page\/hr\/wp-json\/wp\/v2\/product_tag?post=5756367"}],"curies":[{"name":"wp","href":"https:\/\/api.w.org\/{rel}","templated":true}]}}