{"id":5756368,"date":"2026-02-12T13:48:52","date_gmt":"2026-02-12T12:48:52","guid":{"rendered":"https:\/\/stoic-curie.212-227-153-4.plesk.page\/product\/musto-sardinia-jakna-velicina-3xl-boja-platina\/"},"modified":"2026-02-25T00:01:41","modified_gmt":"2026-02-25T00:01:41","slug":"musto-sardinia-jakna-velicina-3xl-boja-platina","status":"publish","type":"product","link":"https:\/\/stoic-curie.212-227-153-4.plesk.page\/hr\/product\/musto-sardinia-jakna-velicina-3xl-boja-platina\/","title":{"rendered":"Musto Sardinia Jakna Veli\u010dina 3XL Boja Platina"},"content":{"rendered":"<p>Musto Sardinia Jakna Veli\u010dina 3XL Boja Platina &#8211; <\/p>\n<p>Musto Sardinia Jakna idealna je za toplija okru\u017eenja. Izra\u0111ena je od superiornog laganog, dvoslojnog vodootpornog i prozra\u010denog materijala s fleecem za dodatnu udobnost na ko\u017ei i pobolj\u0161anu cirkulaciju zraka. Sadr\u017ei odvojivu i podesivu kapulja\u010du s u\u010dvr\u0161\u0107enim vrhom koja dr\u017ei vodu daleko od va\u0161eg lica, YKK\u00c2\u00ae VISLON\u00c2\u00ae prednji zip s unutarnjom za\u0161titom za zip, man\u017eetne s \u010di\u010dkom koje se mogu pode\u0161avati, dvije bo\u010dne d\u017eepne s patentom i d\u017eep na prsima s patentom, unutarnji d\u017eep s izlazom za slu\u0161alice i izrezani stra\u017enji rub za dodatnu za\u0161titu, ova jakna tako\u0111er ima podesivi rub kako bi zadr\u017eala vremenske uvjete vani. Kliknite ovdje za provjeru to\u010dne veli\u010dine:<\/p>\n","protected":false},"excerpt":{"rendered":"<p>Musto Sardinia Jakna Veli\u010dina 3XL Boja Platina &#8211; Musto Sardinia Jakna idealna je za toplija okru\u017eenja. Izra\u0111ena je od superiornog<\/p>\n","protected":false},"featured_media":5752957,"comment_status":"open","ping_status":"closed","template":"","meta":[],"product_brand":[3156],"product_cat":[1854],"product_tag":[],"class_list":{"0":"post-5756368","1":"product","2":"type-product","3":"status-publish","4":"has-post-thumbnail","6":"product_brand-musto-hr","7":"product_cat-jedrilicarska-odjeca-musto","9":"first","10":"instock","11":"shipping-taxable","12":"purchasable","13":"product-type-simple"},"_links":{"self":[{"href":"https:\/\/stoic-curie.212-227-153-4.plesk.page\/hr\/wp-json\/wp\/v2\/product\/5756368","targetHints":{"allow":["GET"]}}],"collection":[{"href":"https:\/\/stoic-curie.212-227-153-4.plesk.page\/hr\/wp-json\/wp\/v2\/product"}],"about":[{"href":"https:\/\/stoic-curie.212-227-153-4.plesk.page\/hr\/wp-json\/wp\/v2\/types\/product"}],"replies":[{"embeddable":true,"href":"https:\/\/stoic-curie.212-227-153-4.plesk.page\/hr\/wp-json\/wp\/v2\/comments?post=5756368"}],"version-history":[{"count":0,"href":"https:\/\/stoic-curie.212-227-153-4.plesk.page\/hr\/wp-json\/wp\/v2\/product\/5756368\/revisions"}],"wp:featuredmedia":[{"embeddable":true,"href":"https:\/\/stoic-curie.212-227-153-4.plesk.page\/hr\/wp-json\/wp\/v2\/media\/5752957"}],"wp:attachment":[{"href":"https:\/\/stoic-curie.212-227-153-4.plesk.page\/hr\/wp-json\/wp\/v2\/media?parent=5756368"}],"wp:term":[{"taxonomy":"product_brand","embeddable":true,"href":"https:\/\/stoic-curie.212-227-153-4.plesk.page\/hr\/wp-json\/wp\/v2\/product_brand?post=5756368"},{"taxonomy":"product_cat","embeddable":true,"href":"https:\/\/stoic-curie.212-227-153-4.plesk.page\/hr\/wp-json\/wp\/v2\/product_cat?post=5756368"},{"taxonomy":"product_tag","embeddable":true,"href":"https:\/\/stoic-curie.212-227-153-4.plesk.page\/hr\/wp-json\/wp\/v2\/product_tag?post=5756368"}],"curies":[{"name":"wp","href":"https:\/\/api.w.org\/{rel}","templated":true}]}}