{"id":5756371,"date":"2026-02-12T13:48:54","date_gmt":"2026-02-12T12:48:54","guid":{"rendered":"https:\/\/stoic-curie.212-227-153-4.plesk.page\/product\/musto-sardinia-jakna-velicina-l-boja-crna\/"},"modified":"2026-02-25T00:01:41","modified_gmt":"2026-02-25T00:01:41","slug":"musto-sardinia-jakna-velicina-l-boja-crna","status":"publish","type":"product","link":"https:\/\/stoic-curie.212-227-153-4.plesk.page\/hr\/product\/musto-sardinia-jakna-velicina-l-boja-crna\/","title":{"rendered":"Musto Sardinia Jakna &#8211; Veli\u010dina L &#8211; Boja Crna"},"content":{"rendered":"<p>Musto Sardinia Jakna &#8211; Veli\u010dina L &#8211; Boja Crna &#8211; <\/p>\n<p>Musto Sardinia Jakna je idealna za toplije uvjete. Izra\u0111ena je od vrhunskog laganog, 2-slojnog vodoodbojnog i prozra\u010dnog materijala s flis-mre\u017eom za udobnost uz ko\u017eu i pobolj\u0161anu cirkulaciju zraka. Jakna ima odvojivu i podesivu kapulja\u010du s u\u010dvr\u0161\u0107enim obodom kako bi se odr\u017eala voda daleko od lica, YKK\u00c2\u00ae VISLON\u00c2\u00ae prednji zip s unutarnjom za\u0161titom od napu\u0161\u010danja, podesive \u010di\u010dak man\u017eete, dvije bo\u010dne zakop\u010dane d\u017eepove i d\u017eep na prsima sa zatvara\u010dem. Dodatno, sadr\u017ei unutarnju torbicu s izlaznom to\u010dkom za slu\u0161alice i nagnutu stra\u017enju rub za dodatnu pokrivenost, kao i pode\u0161iva\u010d rubova koji dr\u017ei vremenske uvjete van.<\/p>\n","protected":false},"excerpt":{"rendered":"<p>Musto Sardinia Jakna &#8211; Veli\u010dina L &#8211; Boja Crna &#8211; Musto Sardinia Jakna je idealna za toplije uvjete. Izra\u0111ena je<\/p>\n","protected":false},"featured_media":5752957,"comment_status":"open","ping_status":"closed","template":"","meta":[],"product_brand":[3156],"product_cat":[1854],"product_tag":[],"class_list":{"0":"post-5756371","1":"product","2":"type-product","3":"status-publish","4":"has-post-thumbnail","6":"product_brand-musto-hr","7":"product_cat-jedrilicarska-odjeca-musto","9":"first","10":"instock","11":"shipping-taxable","12":"purchasable","13":"product-type-simple"},"_links":{"self":[{"href":"https:\/\/stoic-curie.212-227-153-4.plesk.page\/hr\/wp-json\/wp\/v2\/product\/5756371","targetHints":{"allow":["GET"]}}],"collection":[{"href":"https:\/\/stoic-curie.212-227-153-4.plesk.page\/hr\/wp-json\/wp\/v2\/product"}],"about":[{"href":"https:\/\/stoic-curie.212-227-153-4.plesk.page\/hr\/wp-json\/wp\/v2\/types\/product"}],"replies":[{"embeddable":true,"href":"https:\/\/stoic-curie.212-227-153-4.plesk.page\/hr\/wp-json\/wp\/v2\/comments?post=5756371"}],"version-history":[{"count":0,"href":"https:\/\/stoic-curie.212-227-153-4.plesk.page\/hr\/wp-json\/wp\/v2\/product\/5756371\/revisions"}],"wp:featuredmedia":[{"embeddable":true,"href":"https:\/\/stoic-curie.212-227-153-4.plesk.page\/hr\/wp-json\/wp\/v2\/media\/5752957"}],"wp:attachment":[{"href":"https:\/\/stoic-curie.212-227-153-4.plesk.page\/hr\/wp-json\/wp\/v2\/media?parent=5756371"}],"wp:term":[{"taxonomy":"product_brand","embeddable":true,"href":"https:\/\/stoic-curie.212-227-153-4.plesk.page\/hr\/wp-json\/wp\/v2\/product_brand?post=5756371"},{"taxonomy":"product_cat","embeddable":true,"href":"https:\/\/stoic-curie.212-227-153-4.plesk.page\/hr\/wp-json\/wp\/v2\/product_cat?post=5756371"},{"taxonomy":"product_tag","embeddable":true,"href":"https:\/\/stoic-curie.212-227-153-4.plesk.page\/hr\/wp-json\/wp\/v2\/product_tag?post=5756371"}],"curies":[{"name":"wp","href":"https:\/\/api.w.org\/{rel}","templated":true}]}}