{"id":5756372,"date":"2026-02-12T13:48:55","date_gmt":"2026-02-12T12:48:55","guid":{"rendered":"https:\/\/stoic-curie.212-227-153-4.plesk.page\/product\/musto-sardinia-jakna-velicina-xl-crna\/"},"modified":"2026-02-25T00:01:41","modified_gmt":"2026-02-25T00:01:41","slug":"musto-sardinia-jakna-velicina-xl-crna","status":"publish","type":"product","link":"https:\/\/stoic-curie.212-227-153-4.plesk.page\/hr\/product\/musto-sardinia-jakna-velicina-xl-crna\/","title":{"rendered":"Musto Sardinia Jakna Veli\u010dina XL &#8211; Crna"},"content":{"rendered":"<p>Musto Sardinia Jakna Veli\u010dina XL &#8211; Crna &#8211; <\/p>\n<p>Musto Sardinia Jakna je idealna za toplije okru\u017eenje. Izra\u0111ena je od super laganog, 2-slojnog vodoodpornog i prozra\u010dnog materijala s flaneletom za udobnost na ko\u017ei i pobolj\u0161anu cirkulaciju zraka. Jakna uklju\u010duje skidivu i podesivu kapu sa krutim vrhom koja dr\u017ei vodu dalje od va\u0161eg lica. Ima YKK\u00ae VISLON\u00ae prednji zatvara\u010d s unutra\u0161njom za\u0161titom, \u010di\u010dak podesive man\u0161ete, dva bo\u010dna d\u017eepa sa zatvara\u010dem, d\u017eep na prsima sa zatvara\u010dem, unutarnji d\u017eep sa izlazom za slu\u0161alice i izrezan stra\u017enji rub za dodatnu pokrivenost te pode\u0161avanje ruba za zadr\u017eavanje vremena van.<br \/>Kliknite ovdje za provjeru to\u010dne veli\u010dine:<\/p>\n","protected":false},"excerpt":{"rendered":"<p>Musto Sardinia Jakna Veli\u010dina XL &#8211; Crna &#8211; Musto Sardinia Jakna je idealna za toplije okru\u017eenje. Izra\u0111ena je od super<\/p>\n","protected":false},"featured_media":5752957,"comment_status":"open","ping_status":"closed","template":"","meta":[],"product_brand":[3156],"product_cat":[1854],"product_tag":[],"class_list":{"0":"post-5756372","1":"product","2":"type-product","3":"status-publish","4":"has-post-thumbnail","6":"product_brand-musto-hr","7":"product_cat-jedrilicarska-odjeca-musto","9":"first","10":"instock","11":"shipping-taxable","12":"purchasable","13":"product-type-simple"},"_links":{"self":[{"href":"https:\/\/stoic-curie.212-227-153-4.plesk.page\/hr\/wp-json\/wp\/v2\/product\/5756372","targetHints":{"allow":["GET"]}}],"collection":[{"href":"https:\/\/stoic-curie.212-227-153-4.plesk.page\/hr\/wp-json\/wp\/v2\/product"}],"about":[{"href":"https:\/\/stoic-curie.212-227-153-4.plesk.page\/hr\/wp-json\/wp\/v2\/types\/product"}],"replies":[{"embeddable":true,"href":"https:\/\/stoic-curie.212-227-153-4.plesk.page\/hr\/wp-json\/wp\/v2\/comments?post=5756372"}],"version-history":[{"count":0,"href":"https:\/\/stoic-curie.212-227-153-4.plesk.page\/hr\/wp-json\/wp\/v2\/product\/5756372\/revisions"}],"wp:featuredmedia":[{"embeddable":true,"href":"https:\/\/stoic-curie.212-227-153-4.plesk.page\/hr\/wp-json\/wp\/v2\/media\/5752957"}],"wp:attachment":[{"href":"https:\/\/stoic-curie.212-227-153-4.plesk.page\/hr\/wp-json\/wp\/v2\/media?parent=5756372"}],"wp:term":[{"taxonomy":"product_brand","embeddable":true,"href":"https:\/\/stoic-curie.212-227-153-4.plesk.page\/hr\/wp-json\/wp\/v2\/product_brand?post=5756372"},{"taxonomy":"product_cat","embeddable":true,"href":"https:\/\/stoic-curie.212-227-153-4.plesk.page\/hr\/wp-json\/wp\/v2\/product_cat?post=5756372"},{"taxonomy":"product_tag","embeddable":true,"href":"https:\/\/stoic-curie.212-227-153-4.plesk.page\/hr\/wp-json\/wp\/v2\/product_tag?post=5756372"}],"curies":[{"name":"wp","href":"https:\/\/api.w.org\/{rel}","templated":true}]}}