{"id":5756373,"date":"2026-02-12T13:48:56","date_gmt":"2026-02-12T12:48:56","guid":{"rendered":"https:\/\/stoic-curie.212-227-153-4.plesk.page\/product\/musto-sardinia-jakna-velicina-2xl-crna\/"},"modified":"2026-02-25T00:01:41","modified_gmt":"2026-02-25T00:01:41","slug":"musto-sardinia-jakna-velicina-2xl-crna","status":"publish","type":"product","link":"https:\/\/stoic-curie.212-227-153-4.plesk.page\/hr\/product\/musto-sardinia-jakna-velicina-2xl-crna\/","title":{"rendered":"Musto Sardinia Jakna Veli\u010dina 2XL &#8211; Crna"},"content":{"rendered":"<p>Musto Sardinia Jakna Veli\u010dina 2XL &#8211; Crna &#8211; <\/p>\n<p>Musto Sardinia Jakna je idealna za toplije prostore. Ova superiorna lagana jakna izra\u0111ena je od dvostrukog vodonepropusnog i prozra\u010dnog materijala s flis mre\u017eom za udobnost na va\u0161oj ko\u017ei i pobolj\u0161anu cirkulaciju zraka. Ima odvojivu i podesivu kapulja\u010du s u\u010dvr\u0161\u0107enim vrhom kako bi voda ostala podalje od va\u0161eg lica, YKK\u00ae VISLON\u00ae prednji patentni zatvara\u010d s unutra\u0161njim za\u0161titnim slojem, podesive \u010di\u010dak man\u017eete, dva bo\u010dna d\u017eepa s patentnim zatvara\u010dem, jedan d\u017eep na prsima s patentnim zatvara\u010dem i unutarnji d\u017eep s izlaznom to\u010dkom za slu\u0161alice. Zaobljeni stra\u017enji rub pru\u017ea dodatno pokrivanje i pode\u0161avanje rubova za zadr\u017eavanje vremena van.<br \/>Kliknite ovdje da biste provjerili to\u010dnu veli\u010dinu:<\/p>\n","protected":false},"excerpt":{"rendered":"<p>Musto Sardinia Jakna Veli\u010dina 2XL &#8211; Crna &#8211; Musto Sardinia Jakna je idealna za toplije prostore. Ova superiorna lagana jakna<\/p>\n","protected":false},"featured_media":5752957,"comment_status":"open","ping_status":"closed","template":"","meta":[],"product_brand":[3156],"product_cat":[1854],"product_tag":[],"class_list":{"0":"post-5756373","1":"product","2":"type-product","3":"status-publish","4":"has-post-thumbnail","6":"product_brand-musto-hr","7":"product_cat-jedrilicarska-odjeca-musto","9":"first","10":"instock","11":"shipping-taxable","12":"purchasable","13":"product-type-simple"},"_links":{"self":[{"href":"https:\/\/stoic-curie.212-227-153-4.plesk.page\/hr\/wp-json\/wp\/v2\/product\/5756373","targetHints":{"allow":["GET"]}}],"collection":[{"href":"https:\/\/stoic-curie.212-227-153-4.plesk.page\/hr\/wp-json\/wp\/v2\/product"}],"about":[{"href":"https:\/\/stoic-curie.212-227-153-4.plesk.page\/hr\/wp-json\/wp\/v2\/types\/product"}],"replies":[{"embeddable":true,"href":"https:\/\/stoic-curie.212-227-153-4.plesk.page\/hr\/wp-json\/wp\/v2\/comments?post=5756373"}],"version-history":[{"count":0,"href":"https:\/\/stoic-curie.212-227-153-4.plesk.page\/hr\/wp-json\/wp\/v2\/product\/5756373\/revisions"}],"wp:featuredmedia":[{"embeddable":true,"href":"https:\/\/stoic-curie.212-227-153-4.plesk.page\/hr\/wp-json\/wp\/v2\/media\/5752957"}],"wp:attachment":[{"href":"https:\/\/stoic-curie.212-227-153-4.plesk.page\/hr\/wp-json\/wp\/v2\/media?parent=5756373"}],"wp:term":[{"taxonomy":"product_brand","embeddable":true,"href":"https:\/\/stoic-curie.212-227-153-4.plesk.page\/hr\/wp-json\/wp\/v2\/product_brand?post=5756373"},{"taxonomy":"product_cat","embeddable":true,"href":"https:\/\/stoic-curie.212-227-153-4.plesk.page\/hr\/wp-json\/wp\/v2\/product_cat?post=5756373"},{"taxonomy":"product_tag","embeddable":true,"href":"https:\/\/stoic-curie.212-227-153-4.plesk.page\/hr\/wp-json\/wp\/v2\/product_tag?post=5756373"}],"curies":[{"name":"wp","href":"https:\/\/api.w.org\/{rel}","templated":true}]}}