{"id":5756375,"date":"2026-02-12T13:48:57","date_gmt":"2026-02-12T12:48:57","guid":{"rendered":"https:\/\/stoic-curie.212-227-153-4.plesk.page\/product\/musto-sardinia-prsluk-velicina-m-boja-mornarica\/"},"modified":"2026-02-25T00:01:41","modified_gmt":"2026-02-25T00:01:41","slug":"musto-sardinia-prsluk-velicina-m-boja-mornarica","status":"publish","type":"product","link":"https:\/\/stoic-curie.212-227-153-4.plesk.page\/hr\/product\/musto-sardinia-prsluk-velicina-m-boja-mornarica\/","title":{"rendered":"Musto Sardinia prsluk &#8211; Veli\u010dina M &#8211; Boja: Mornarica"},"content":{"rendered":"<p>Musto Sardinia prsluk &#8211; Veli\u010dina M &#8211; Boja: Mornarica &#8211; <\/p>\n<p>Musto Sardinia prsluk je savr\u0161en za topliju klimu. Karakterizira ga vrhunski lagani dizajn izra\u0111en od 2-slojnog vodoodpornog i prozra\u010dnog materijala, zajedno s fleecem za dodatnu udobnost na ko\u017ei i pobolj\u0161anu cirkulaciju zraka. Opremljen YKK\u00c2\u00ae VISLON\u00c2\u00ae prednjim patentnim zatvara\u010dem s unutarnjom za\u0161titom zatvara\u010da, dvije bo\u010dne d\u017eepove sa patentnim zatvara\u010dem, jednim d\u017eepom na prsima sa zatvara\u010dem i lepljenim elasti\u010dnim rubom bez izlo\u017eenih \u0161avova za \u010dvrsto pristajanje i dodatnu izdr\u017eljivost. Kliknite ovdje za provjeru to\u010dne veli\u010dine:<\/p>\n","protected":false},"excerpt":{"rendered":"<p>Musto Sardinia prsluk &#8211; Veli\u010dina M &#8211; Boja: Mornarica &#8211; Musto Sardinia prsluk je savr\u0161en za topliju klimu. Karakterizira ga<\/p>\n","protected":false},"featured_media":5753085,"comment_status":"open","ping_status":"closed","template":"","meta":[],"product_brand":[3156],"product_cat":[1854],"product_tag":[],"class_list":{"0":"post-5756375","1":"product","2":"type-product","3":"status-publish","4":"has-post-thumbnail","6":"product_brand-musto-hr","7":"product_cat-jedrilicarska-odjeca-musto","9":"first","10":"instock","11":"shipping-taxable","12":"purchasable","13":"product-type-simple"},"_links":{"self":[{"href":"https:\/\/stoic-curie.212-227-153-4.plesk.page\/hr\/wp-json\/wp\/v2\/product\/5756375","targetHints":{"allow":["GET"]}}],"collection":[{"href":"https:\/\/stoic-curie.212-227-153-4.plesk.page\/hr\/wp-json\/wp\/v2\/product"}],"about":[{"href":"https:\/\/stoic-curie.212-227-153-4.plesk.page\/hr\/wp-json\/wp\/v2\/types\/product"}],"replies":[{"embeddable":true,"href":"https:\/\/stoic-curie.212-227-153-4.plesk.page\/hr\/wp-json\/wp\/v2\/comments?post=5756375"}],"version-history":[{"count":0,"href":"https:\/\/stoic-curie.212-227-153-4.plesk.page\/hr\/wp-json\/wp\/v2\/product\/5756375\/revisions"}],"wp:featuredmedia":[{"embeddable":true,"href":"https:\/\/stoic-curie.212-227-153-4.plesk.page\/hr\/wp-json\/wp\/v2\/media\/5753085"}],"wp:attachment":[{"href":"https:\/\/stoic-curie.212-227-153-4.plesk.page\/hr\/wp-json\/wp\/v2\/media?parent=5756375"}],"wp:term":[{"taxonomy":"product_brand","embeddable":true,"href":"https:\/\/stoic-curie.212-227-153-4.plesk.page\/hr\/wp-json\/wp\/v2\/product_brand?post=5756375"},{"taxonomy":"product_cat","embeddable":true,"href":"https:\/\/stoic-curie.212-227-153-4.plesk.page\/hr\/wp-json\/wp\/v2\/product_cat?post=5756375"},{"taxonomy":"product_tag","embeddable":true,"href":"https:\/\/stoic-curie.212-227-153-4.plesk.page\/hr\/wp-json\/wp\/v2\/product_tag?post=5756375"}],"curies":[{"name":"wp","href":"https:\/\/api.w.org\/{rel}","templated":true}]}}