{"id":5756378,"date":"2026-02-12T13:48:59","date_gmt":"2026-02-12T12:48:59","guid":{"rendered":"https:\/\/stoic-curie.212-227-153-4.plesk.page\/product\/musto-sardinia-prsluk-velicina-2xl-mornarsko-plava\/"},"modified":"2026-02-25T00:01:41","modified_gmt":"2026-02-25T00:01:41","slug":"musto-sardinia-prsluk-velicina-2xl-mornarsko-plava","status":"publish","type":"product","link":"https:\/\/stoic-curie.212-227-153-4.plesk.page\/hr\/product\/musto-sardinia-prsluk-velicina-2xl-mornarsko-plava\/","title":{"rendered":"Musto Sardinia Prsluk Veli\u010dina 2XL &#8211; Mornarsko Plava"},"content":{"rendered":"<p>Musto Sardinia Prsluk Veli\u010dina 2XL &#8211; Mornarsko Plava &#8211; <\/p>\n<p>Musto Sardinia prsluk je savr\u0161en za toplu vremensku. Izra\u0111en je od laganog, 2-slojnog, vodoodbojnog i prozra\u010dnog materijala, s flis mre\u017eicom za dodatnu udobnost i pobolj\u0161anu cirkulaciju zraka na ko\u017ei. Ovaj prsluk uklju\u010duje YKK\u00ae VISLON\u00ae prednji zip s internom za\u0161titom od zatvaranja, dva bo\u010dna d\u017eepa s patentnim zatvara\u010dem, d\u017eep na prsima s patentnim zatvara\u010dem i elasti\u010dno porub bez vidljivih \u0161avova za udobno prianjanje i pobolj\u0161anu izdr\u017eljivost. <a>Kliknite ovdje za provjeru to\u010dne veli\u010dine.<\/a><\/p>\n","protected":false},"excerpt":{"rendered":"<p>Musto Sardinia Prsluk Veli\u010dina 2XL &#8211; Mornarsko Plava &#8211; Musto Sardinia prsluk je savr\u0161en za toplu vremensku. Izra\u0111en je od<\/p>\n","protected":false},"featured_media":5753085,"comment_status":"open","ping_status":"closed","template":"","meta":[],"product_brand":[3156],"product_cat":[1854],"product_tag":[],"class_list":{"0":"post-5756378","1":"product","2":"type-product","3":"status-publish","4":"has-post-thumbnail","6":"product_brand-musto-hr","7":"product_cat-jedrilicarska-odjeca-musto","9":"first","10":"instock","11":"shipping-taxable","12":"purchasable","13":"product-type-simple"},"_links":{"self":[{"href":"https:\/\/stoic-curie.212-227-153-4.plesk.page\/hr\/wp-json\/wp\/v2\/product\/5756378","targetHints":{"allow":["GET"]}}],"collection":[{"href":"https:\/\/stoic-curie.212-227-153-4.plesk.page\/hr\/wp-json\/wp\/v2\/product"}],"about":[{"href":"https:\/\/stoic-curie.212-227-153-4.plesk.page\/hr\/wp-json\/wp\/v2\/types\/product"}],"replies":[{"embeddable":true,"href":"https:\/\/stoic-curie.212-227-153-4.plesk.page\/hr\/wp-json\/wp\/v2\/comments?post=5756378"}],"version-history":[{"count":0,"href":"https:\/\/stoic-curie.212-227-153-4.plesk.page\/hr\/wp-json\/wp\/v2\/product\/5756378\/revisions"}],"wp:featuredmedia":[{"embeddable":true,"href":"https:\/\/stoic-curie.212-227-153-4.plesk.page\/hr\/wp-json\/wp\/v2\/media\/5753085"}],"wp:attachment":[{"href":"https:\/\/stoic-curie.212-227-153-4.plesk.page\/hr\/wp-json\/wp\/v2\/media?parent=5756378"}],"wp:term":[{"taxonomy":"product_brand","embeddable":true,"href":"https:\/\/stoic-curie.212-227-153-4.plesk.page\/hr\/wp-json\/wp\/v2\/product_brand?post=5756378"},{"taxonomy":"product_cat","embeddable":true,"href":"https:\/\/stoic-curie.212-227-153-4.plesk.page\/hr\/wp-json\/wp\/v2\/product_cat?post=5756378"},{"taxonomy":"product_tag","embeddable":true,"href":"https:\/\/stoic-curie.212-227-153-4.plesk.page\/hr\/wp-json\/wp\/v2\/product_tag?post=5756378"}],"curies":[{"name":"wp","href":"https:\/\/api.w.org\/{rel}","templated":true}]}}