{"id":5756383,"date":"2026-02-12T13:49:03","date_gmt":"2026-02-12T12:49:03","guid":{"rendered":"https:\/\/stoic-curie.212-227-153-4.plesk.page\/product\/musto-sardinia-prsluk-velicina-2xl-boja-platinum\/"},"modified":"2026-02-25T00:01:41","modified_gmt":"2026-02-25T00:01:41","slug":"musto-sardinia-prsluk-velicina-2xl-boja-platinum","status":"publish","type":"product","link":"https:\/\/stoic-curie.212-227-153-4.plesk.page\/hr\/product\/musto-sardinia-prsluk-velicina-2xl-boja-platinum\/","title":{"rendered":"Musto Sardinia Prsluk &#8211; Veli\u010dina 2XL &#8211; Boja Platinum"},"content":{"rendered":"<p>Musto Sardinia Prsluk &#8211; Veli\u010dina 2XL &#8211; Boja Platinum &#8211; <\/p>\n<p>Musto Sardinia prsluk idealan je za toplije klime. Ovaj vrhunski lagani prsluk izra\u0111en je od 2-slojnog vodootpornog i prozra\u010dnog materijala s flis mre\u017eom za udobnost na ko\u017ei i pobolj\u0161anu cirkulaciju zraka. Uklju\u010duje YKK\u00ae VISLON\u00ae prednji patentni zatvara\u010d s unutarnjom za\u0161titom za patentni zatvara\u010d, dvije bo\u010dne d\u017eepove sa patentnim zatvara\u010dem, jedan d\u017eep na prsima s patentnim zatvara\u010dem i povezanu elasti\u010dnu obrub bez izlo\u017eenih \u0161avova za usko prianjanje i dodatnu izdr\u017eljivost. <br \/> Kliknite ovdje da provjerite to\u010dnu veli\u010dinu:<\/p>\n","protected":false},"excerpt":{"rendered":"<p>Musto Sardinia Prsluk &#8211; Veli\u010dina 2XL &#8211; Boja Platinum &#8211; Musto Sardinia prsluk idealan je za toplije klime. Ovaj vrhunski<\/p>\n","protected":false},"featured_media":5753085,"comment_status":"open","ping_status":"closed","template":"","meta":[],"product_brand":[3156],"product_cat":[1854],"product_tag":[],"class_list":{"0":"post-5756383","1":"product","2":"type-product","3":"status-publish","4":"has-post-thumbnail","6":"product_brand-musto-hr","7":"product_cat-jedrilicarska-odjeca-musto","9":"first","10":"instock","11":"shipping-taxable","12":"purchasable","13":"product-type-simple"},"_links":{"self":[{"href":"https:\/\/stoic-curie.212-227-153-4.plesk.page\/hr\/wp-json\/wp\/v2\/product\/5756383","targetHints":{"allow":["GET"]}}],"collection":[{"href":"https:\/\/stoic-curie.212-227-153-4.plesk.page\/hr\/wp-json\/wp\/v2\/product"}],"about":[{"href":"https:\/\/stoic-curie.212-227-153-4.plesk.page\/hr\/wp-json\/wp\/v2\/types\/product"}],"replies":[{"embeddable":true,"href":"https:\/\/stoic-curie.212-227-153-4.plesk.page\/hr\/wp-json\/wp\/v2\/comments?post=5756383"}],"version-history":[{"count":0,"href":"https:\/\/stoic-curie.212-227-153-4.plesk.page\/hr\/wp-json\/wp\/v2\/product\/5756383\/revisions"}],"wp:featuredmedia":[{"embeddable":true,"href":"https:\/\/stoic-curie.212-227-153-4.plesk.page\/hr\/wp-json\/wp\/v2\/media\/5753085"}],"wp:attachment":[{"href":"https:\/\/stoic-curie.212-227-153-4.plesk.page\/hr\/wp-json\/wp\/v2\/media?parent=5756383"}],"wp:term":[{"taxonomy":"product_brand","embeddable":true,"href":"https:\/\/stoic-curie.212-227-153-4.plesk.page\/hr\/wp-json\/wp\/v2\/product_brand?post=5756383"},{"taxonomy":"product_cat","embeddable":true,"href":"https:\/\/stoic-curie.212-227-153-4.plesk.page\/hr\/wp-json\/wp\/v2\/product_cat?post=5756383"},{"taxonomy":"product_tag","embeddable":true,"href":"https:\/\/stoic-curie.212-227-153-4.plesk.page\/hr\/wp-json\/wp\/v2\/product_tag?post=5756383"}],"curies":[{"name":"wp","href":"https:\/\/api.w.org\/{rel}","templated":true}]}}