{"id":5756384,"date":"2026-02-12T13:49:03","date_gmt":"2026-02-12T12:49:03","guid":{"rendered":"https:\/\/stoic-curie.212-227-153-4.plesk.page\/product\/musto-sardinia-prsluk-velicina-3xl-boja-platinum\/"},"modified":"2026-02-25T00:01:41","modified_gmt":"2026-02-25T00:01:41","slug":"musto-sardinia-prsluk-velicina-3xl-boja-platinum","status":"publish","type":"product","link":"https:\/\/stoic-curie.212-227-153-4.plesk.page\/hr\/product\/musto-sardinia-prsluk-velicina-3xl-boja-platinum\/","title":{"rendered":"Musto Sardinia Prsluk Veli\u010dina 3XL Boja Platinum"},"content":{"rendered":"<p>Musto Sardinia Prsluk Veli\u010dina 3XL Boja Platinum &#8211; <\/p>\n<p>Musto Sardinia Prsluk je dizajniran za toplije klime. Njegova superiorna lagana konstrukcija sastoji se od 2-slojnog vodoodpornog i prozra\u010dnog materijala, dodatnog s fleecem za optimalnu udobnost na ko\u017ei i pobolj\u0161anu cirkulaciju zraka. Uklju\u010duje YKK\u00ae VISLON\u00ae prednji zip s unutarnjom za\u0161titom za zatvara\u010d, dva bo\u010dna d\u017eepa sa patentnim zatvara\u010dem, d\u017eep na prsima sa zatvara\u010dem te elasti\u010dni rub bez izlo\u017eenih \u0161avova za usko prianjanje i dodatnu izdr\u017eljivost. <a>Kliknite ovdje da provjerite to\u010dnu veli\u010dinu:<\/a><\/p>\n","protected":false},"excerpt":{"rendered":"<p>Musto Sardinia Prsluk Veli\u010dina 3XL Boja Platinum &#8211; Musto Sardinia Prsluk je dizajniran za toplije klime. Njegova superiorna lagana konstrukcija<\/p>\n","protected":false},"featured_media":5753085,"comment_status":"open","ping_status":"closed","template":"","meta":[],"product_brand":[3156],"product_cat":[1854],"product_tag":[],"class_list":{"0":"post-5756384","1":"product","2":"type-product","3":"status-publish","4":"has-post-thumbnail","6":"product_brand-musto-hr","7":"product_cat-jedrilicarska-odjeca-musto","9":"first","10":"instock","11":"shipping-taxable","12":"purchasable","13":"product-type-simple"},"_links":{"self":[{"href":"https:\/\/stoic-curie.212-227-153-4.plesk.page\/hr\/wp-json\/wp\/v2\/product\/5756384","targetHints":{"allow":["GET"]}}],"collection":[{"href":"https:\/\/stoic-curie.212-227-153-4.plesk.page\/hr\/wp-json\/wp\/v2\/product"}],"about":[{"href":"https:\/\/stoic-curie.212-227-153-4.plesk.page\/hr\/wp-json\/wp\/v2\/types\/product"}],"replies":[{"embeddable":true,"href":"https:\/\/stoic-curie.212-227-153-4.plesk.page\/hr\/wp-json\/wp\/v2\/comments?post=5756384"}],"version-history":[{"count":0,"href":"https:\/\/stoic-curie.212-227-153-4.plesk.page\/hr\/wp-json\/wp\/v2\/product\/5756384\/revisions"}],"wp:featuredmedia":[{"embeddable":true,"href":"https:\/\/stoic-curie.212-227-153-4.plesk.page\/hr\/wp-json\/wp\/v2\/media\/5753085"}],"wp:attachment":[{"href":"https:\/\/stoic-curie.212-227-153-4.plesk.page\/hr\/wp-json\/wp\/v2\/media?parent=5756384"}],"wp:term":[{"taxonomy":"product_brand","embeddable":true,"href":"https:\/\/stoic-curie.212-227-153-4.plesk.page\/hr\/wp-json\/wp\/v2\/product_brand?post=5756384"},{"taxonomy":"product_cat","embeddable":true,"href":"https:\/\/stoic-curie.212-227-153-4.plesk.page\/hr\/wp-json\/wp\/v2\/product_cat?post=5756384"},{"taxonomy":"product_tag","embeddable":true,"href":"https:\/\/stoic-curie.212-227-153-4.plesk.page\/hr\/wp-json\/wp\/v2\/product_tag?post=5756384"}],"curies":[{"name":"wp","href":"https:\/\/api.w.org\/{rel}","templated":true}]}}