{"id":5756385,"date":"2026-02-12T13:49:04","date_gmt":"2026-02-12T12:49:04","guid":{"rendered":"https:\/\/stoic-curie.212-227-153-4.plesk.page\/product\/musto-sardinia-prsluk-velicina-s-boja-crna\/"},"modified":"2026-02-25T00:01:41","modified_gmt":"2026-02-25T00:01:41","slug":"musto-sardinia-prsluk-velicina-s-boja-crna","status":"publish","type":"product","link":"https:\/\/stoic-curie.212-227-153-4.plesk.page\/hr\/product\/musto-sardinia-prsluk-velicina-s-boja-crna\/","title":{"rendered":"Musto Sardinia Prsluk Veli\u010dina S &#8211; Boja Crna"},"content":{"rendered":"<p>Musto Sardinia Prsluk Veli\u010dina S &#8211; Boja Crna &#8211; <\/p>\n<p>Musto Sardinia Prsluk je savr\u0161en za toplije okru\u017eenje. Karakterizira ga vrhunski lagani dizajn od 2-slojnog vodoodbojnog i prozra\u010dnog materijala, dopunjen fleecem za optimalnu udobnost na ko\u017ei i pobolj\u0161anu cirkulaciju zraka. Prsluk uklju\u010duje YKK\u00ae VISLON\u00ae prednji patentni zatvara\u010d s unutarnjom za\u0161titom patentnog zatvara\u010da, dvije bo\u010dne d\u017eepne otvorene s patentnim zatvara\u010dem, d\u017eep na prsima s patentnim zatvara\u010dem i povi\u0161eni elasti\u010dni rub bez vidljivih \u0161avova, \u0161to osigurava \u010dvrsto pristajanje i ve\u0107u izdr\u017eljivost. Kliknite ovdje da provjerite to\u010dnu veli\u010dinu:<\/p>\n","protected":false},"excerpt":{"rendered":"<p>Musto Sardinia Prsluk Veli\u010dina S &#8211; Boja Crna &#8211; Musto Sardinia Prsluk je savr\u0161en za toplije okru\u017eenje. Karakterizira ga vrhunski<\/p>\n","protected":false},"featured_media":5753085,"comment_status":"open","ping_status":"closed","template":"","meta":[],"product_brand":[3156],"product_cat":[1854],"product_tag":[],"class_list":{"0":"post-5756385","1":"product","2":"type-product","3":"status-publish","4":"has-post-thumbnail","6":"product_brand-musto-hr","7":"product_cat-jedrilicarska-odjeca-musto","9":"first","10":"instock","11":"shipping-taxable","12":"purchasable","13":"product-type-simple"},"_links":{"self":[{"href":"https:\/\/stoic-curie.212-227-153-4.plesk.page\/hr\/wp-json\/wp\/v2\/product\/5756385","targetHints":{"allow":["GET"]}}],"collection":[{"href":"https:\/\/stoic-curie.212-227-153-4.plesk.page\/hr\/wp-json\/wp\/v2\/product"}],"about":[{"href":"https:\/\/stoic-curie.212-227-153-4.plesk.page\/hr\/wp-json\/wp\/v2\/types\/product"}],"replies":[{"embeddable":true,"href":"https:\/\/stoic-curie.212-227-153-4.plesk.page\/hr\/wp-json\/wp\/v2\/comments?post=5756385"}],"version-history":[{"count":0,"href":"https:\/\/stoic-curie.212-227-153-4.plesk.page\/hr\/wp-json\/wp\/v2\/product\/5756385\/revisions"}],"wp:featuredmedia":[{"embeddable":true,"href":"https:\/\/stoic-curie.212-227-153-4.plesk.page\/hr\/wp-json\/wp\/v2\/media\/5753085"}],"wp:attachment":[{"href":"https:\/\/stoic-curie.212-227-153-4.plesk.page\/hr\/wp-json\/wp\/v2\/media?parent=5756385"}],"wp:term":[{"taxonomy":"product_brand","embeddable":true,"href":"https:\/\/stoic-curie.212-227-153-4.plesk.page\/hr\/wp-json\/wp\/v2\/product_brand?post=5756385"},{"taxonomy":"product_cat","embeddable":true,"href":"https:\/\/stoic-curie.212-227-153-4.plesk.page\/hr\/wp-json\/wp\/v2\/product_cat?post=5756385"},{"taxonomy":"product_tag","embeddable":true,"href":"https:\/\/stoic-curie.212-227-153-4.plesk.page\/hr\/wp-json\/wp\/v2\/product_tag?post=5756385"}],"curies":[{"name":"wp","href":"https:\/\/api.w.org\/{rel}","templated":true}]}}