{"id":5756387,"date":"2026-02-12T13:49:05","date_gmt":"2026-02-12T12:49:05","guid":{"rendered":"https:\/\/stoic-curie.212-227-153-4.plesk.page\/product\/musto-sardinia-prsluk-velicina-l-crna\/"},"modified":"2026-02-25T00:01:41","modified_gmt":"2026-02-25T00:01:41","slug":"musto-sardinia-prsluk-velicina-l-crna","status":"publish","type":"product","link":"https:\/\/stoic-curie.212-227-153-4.plesk.page\/hr\/product\/musto-sardinia-prsluk-velicina-l-crna\/","title":{"rendered":"Musto Sardinia Prsluk Veli\u010dina L &#8211; Crna"},"content":{"rendered":"<p>Musto Sardinia Prsluk Veli\u010dina L &#8211; Crna &#8211; <\/p>\n<p>Musto Sardinia prsluk je savr\u0161en za toplije okru\u017eenje. Ima izuzetno lagan dizajn, izra\u0111en od 2-slojnog vodootpornog i prozra\u010dnog materijala s flis mre\u017eom koja osigurava udobnost na ko\u017ei i pobolj\u0161anu cirkulaciju zraka. Prsluk je opremljen YKK\u00c2\u00ae VISLON\u00c2\u00ae prednjim zatvara\u010dem s unutarnjom za\u0161titom zatvara\u010da, dvama bo\u010dnim d\u017eepovima sa zatvara\u010dem, d\u017eepom na prsima sa zatvara\u010dem i spojivim elasti\u010dnim rubom bez vidljivih \u0161avova za savr\u0161eno pristajanje i ve\u0107u izdr\u017eljivost. Provjerite to\u010dnu veli\u010dinu <a>ovdje<\/a>.<\/p>\n","protected":false},"excerpt":{"rendered":"<p>Musto Sardinia Prsluk Veli\u010dina L &#8211; Crna &#8211; Musto Sardinia prsluk je savr\u0161en za toplije okru\u017eenje. Ima izuzetno lagan dizajn,<\/p>\n","protected":false},"featured_media":5753085,"comment_status":"open","ping_status":"closed","template":"","meta":[],"product_brand":[3156],"product_cat":[1854],"product_tag":[],"class_list":{"0":"post-5756387","1":"product","2":"type-product","3":"status-publish","4":"has-post-thumbnail","6":"product_brand-musto-hr","7":"product_cat-jedrilicarska-odjeca-musto","9":"first","10":"instock","11":"shipping-taxable","12":"purchasable","13":"product-type-simple"},"_links":{"self":[{"href":"https:\/\/stoic-curie.212-227-153-4.plesk.page\/hr\/wp-json\/wp\/v2\/product\/5756387","targetHints":{"allow":["GET"]}}],"collection":[{"href":"https:\/\/stoic-curie.212-227-153-4.plesk.page\/hr\/wp-json\/wp\/v2\/product"}],"about":[{"href":"https:\/\/stoic-curie.212-227-153-4.plesk.page\/hr\/wp-json\/wp\/v2\/types\/product"}],"replies":[{"embeddable":true,"href":"https:\/\/stoic-curie.212-227-153-4.plesk.page\/hr\/wp-json\/wp\/v2\/comments?post=5756387"}],"version-history":[{"count":0,"href":"https:\/\/stoic-curie.212-227-153-4.plesk.page\/hr\/wp-json\/wp\/v2\/product\/5756387\/revisions"}],"wp:featuredmedia":[{"embeddable":true,"href":"https:\/\/stoic-curie.212-227-153-4.plesk.page\/hr\/wp-json\/wp\/v2\/media\/5753085"}],"wp:attachment":[{"href":"https:\/\/stoic-curie.212-227-153-4.plesk.page\/hr\/wp-json\/wp\/v2\/media?parent=5756387"}],"wp:term":[{"taxonomy":"product_brand","embeddable":true,"href":"https:\/\/stoic-curie.212-227-153-4.plesk.page\/hr\/wp-json\/wp\/v2\/product_brand?post=5756387"},{"taxonomy":"product_cat","embeddable":true,"href":"https:\/\/stoic-curie.212-227-153-4.plesk.page\/hr\/wp-json\/wp\/v2\/product_cat?post=5756387"},{"taxonomy":"product_tag","embeddable":true,"href":"https:\/\/stoic-curie.212-227-153-4.plesk.page\/hr\/wp-json\/wp\/v2\/product_tag?post=5756387"}],"curies":[{"name":"wp","href":"https:\/\/api.w.org\/{rel}","templated":true}]}}