{"id":5756391,"date":"2026-02-12T13:49:08","date_gmt":"2026-02-12T12:49:08","guid":{"rendered":"https:\/\/stoic-curie.212-227-153-4.plesk.page\/product\/musto-snug-blouson-jakna-velicina-s-mornarskoplava\/"},"modified":"2026-02-25T00:01:41","modified_gmt":"2026-02-25T00:01:41","slug":"musto-snug-blouson-jakna-velicina-s-mornarskoplava","status":"publish","type":"product","link":"https:\/\/stoic-curie.212-227-153-4.plesk.page\/hr\/product\/musto-snug-blouson-jakna-velicina-s-mornarskoplava\/","title":{"rendered":"Musto Snug Blouson Jakna Veli\u010dina S &#8211; Mornarskoplava"},"content":{"rendered":"<p>Musto Snug Blouson Jakna Veli\u010dina S &#8211; Mornarskoplava &#8211; <\/p>\n<p>Musto Snug Blouson Jakna je tehni\u010dka jakna za svakodnevnu uporabu izra\u0111ena od Ocean Tech\u2122 tkanine i podstavljena toplim Polartec\u00ae fleeceom, pru\u017eaju\u0107i udobnost i za\u0161titu tijekom hladnijih dana. Njene tapecirane \u0161avove osiguravaju vodootpornost, \u0161to je \u010dini idealnom srednjom slojem u promjenjivim uvjetima. Riblji man\u0161eti i donji rub pru\u017eaju \u010dvrstina, dok bo\u010dne d\u017eepove s patentnim zatvara\u010dem pove\u0107avaju prakti\u010dnost i sigurnost. Ovaj proizvod je certificiran s bluesign\u00ae i izra\u0111en je od recikliranih materijala. <a>Kliknite ovdje da provjerite to\u010dnu veli\u010dinu.<\/a><\/p>\n","protected":false},"excerpt":{"rendered":"<p>Musto Snug Blouson Jakna Veli\u010dina S &#8211; Mornarskoplava &#8211; Musto Snug Blouson Jakna je tehni\u010dka jakna za svakodnevnu uporabu izra\u0111ena<\/p>\n","protected":false},"featured_media":5753221,"comment_status":"open","ping_status":"closed","template":"","meta":[],"product_brand":[3156],"product_cat":[1854],"product_tag":[],"class_list":{"0":"post-5756391","1":"product","2":"type-product","3":"status-publish","4":"has-post-thumbnail","6":"product_brand-musto-hr","7":"product_cat-jedrilicarska-odjeca-musto","9":"first","10":"instock","11":"shipping-taxable","12":"purchasable","13":"product-type-simple"},"_links":{"self":[{"href":"https:\/\/stoic-curie.212-227-153-4.plesk.page\/hr\/wp-json\/wp\/v2\/product\/5756391","targetHints":{"allow":["GET"]}}],"collection":[{"href":"https:\/\/stoic-curie.212-227-153-4.plesk.page\/hr\/wp-json\/wp\/v2\/product"}],"about":[{"href":"https:\/\/stoic-curie.212-227-153-4.plesk.page\/hr\/wp-json\/wp\/v2\/types\/product"}],"replies":[{"embeddable":true,"href":"https:\/\/stoic-curie.212-227-153-4.plesk.page\/hr\/wp-json\/wp\/v2\/comments?post=5756391"}],"version-history":[{"count":0,"href":"https:\/\/stoic-curie.212-227-153-4.plesk.page\/hr\/wp-json\/wp\/v2\/product\/5756391\/revisions"}],"wp:featuredmedia":[{"embeddable":true,"href":"https:\/\/stoic-curie.212-227-153-4.plesk.page\/hr\/wp-json\/wp\/v2\/media\/5753221"}],"wp:attachment":[{"href":"https:\/\/stoic-curie.212-227-153-4.plesk.page\/hr\/wp-json\/wp\/v2\/media?parent=5756391"}],"wp:term":[{"taxonomy":"product_brand","embeddable":true,"href":"https:\/\/stoic-curie.212-227-153-4.plesk.page\/hr\/wp-json\/wp\/v2\/product_brand?post=5756391"},{"taxonomy":"product_cat","embeddable":true,"href":"https:\/\/stoic-curie.212-227-153-4.plesk.page\/hr\/wp-json\/wp\/v2\/product_cat?post=5756391"},{"taxonomy":"product_tag","embeddable":true,"href":"https:\/\/stoic-curie.212-227-153-4.plesk.page\/hr\/wp-json\/wp\/v2\/product_tag?post=5756391"}],"curies":[{"name":"wp","href":"https:\/\/api.w.org\/{rel}","templated":true}]}}