{"id":5756392,"date":"2026-02-12T13:49:09","date_gmt":"2026-02-12T12:49:09","guid":{"rendered":"https:\/\/stoic-curie.212-227-153-4.plesk.page\/product\/musto-snug-blouson-jakna-velicina-m-plava\/"},"modified":"2026-02-25T00:01:41","modified_gmt":"2026-02-25T00:01:41","slug":"musto-snug-blouson-jakna-velicina-m-plava","status":"publish","type":"product","link":"https:\/\/stoic-curie.212-227-153-4.plesk.page\/hr\/product\/musto-snug-blouson-jakna-velicina-m-plava\/","title":{"rendered":"Musto Snug Blouson jakna Veli\u010dina M &#8211; Plava"},"content":{"rendered":"<p>Musto Snug Blouson jakna Veli\u010dina M &#8211; Plava &#8211; <\/p>\n<p>Musto Snug Blouson Jakna je tehni\u010dka lifestyle jakna izra\u0111ena od inovativnog Ocean Tech\u00e2\u0084\u00a2 materijala i oblo\u017eena toplim Polartec\u00c2\u00ae flisom za udobnost i za\u0161titu u hladnijim danima. Djelomi\u010dne \u0161avove osiguravaju vodootpornost, \u0161to je \u010dini idealnom srednjom slojem za promjenljive vremenske uvjete. S rebrastim man\u017eetama i rubom osigurava \u010dvrsto pristajanje, dok bo\u010dne d\u017eepove sa zatvara\u010dem nude prakti\u010dnost i sigurnost. Ova jakna je certificirani bluesign\u00c2\u00ae proizvod izra\u0111en od recikliranih materijala. Kliknite ovdje da provjerite to\u010dnu veli\u010dinu:<\/p>\n","protected":false},"excerpt":{"rendered":"<p>Musto Snug Blouson jakna Veli\u010dina M &#8211; Plava &#8211; Musto Snug Blouson Jakna je tehni\u010dka lifestyle jakna izra\u0111ena od inovativnog<\/p>\n","protected":false},"featured_media":5753221,"comment_status":"open","ping_status":"closed","template":"","meta":[],"product_brand":[3156],"product_cat":[1854],"product_tag":[],"class_list":{"0":"post-5756392","1":"product","2":"type-product","3":"status-publish","4":"has-post-thumbnail","6":"product_brand-musto-hr","7":"product_cat-jedrilicarska-odjeca-musto","9":"first","10":"instock","11":"shipping-taxable","12":"purchasable","13":"product-type-simple"},"_links":{"self":[{"href":"https:\/\/stoic-curie.212-227-153-4.plesk.page\/hr\/wp-json\/wp\/v2\/product\/5756392","targetHints":{"allow":["GET"]}}],"collection":[{"href":"https:\/\/stoic-curie.212-227-153-4.plesk.page\/hr\/wp-json\/wp\/v2\/product"}],"about":[{"href":"https:\/\/stoic-curie.212-227-153-4.plesk.page\/hr\/wp-json\/wp\/v2\/types\/product"}],"replies":[{"embeddable":true,"href":"https:\/\/stoic-curie.212-227-153-4.plesk.page\/hr\/wp-json\/wp\/v2\/comments?post=5756392"}],"version-history":[{"count":0,"href":"https:\/\/stoic-curie.212-227-153-4.plesk.page\/hr\/wp-json\/wp\/v2\/product\/5756392\/revisions"}],"wp:featuredmedia":[{"embeddable":true,"href":"https:\/\/stoic-curie.212-227-153-4.plesk.page\/hr\/wp-json\/wp\/v2\/media\/5753221"}],"wp:attachment":[{"href":"https:\/\/stoic-curie.212-227-153-4.plesk.page\/hr\/wp-json\/wp\/v2\/media?parent=5756392"}],"wp:term":[{"taxonomy":"product_brand","embeddable":true,"href":"https:\/\/stoic-curie.212-227-153-4.plesk.page\/hr\/wp-json\/wp\/v2\/product_brand?post=5756392"},{"taxonomy":"product_cat","embeddable":true,"href":"https:\/\/stoic-curie.212-227-153-4.plesk.page\/hr\/wp-json\/wp\/v2\/product_cat?post=5756392"},{"taxonomy":"product_tag","embeddable":true,"href":"https:\/\/stoic-curie.212-227-153-4.plesk.page\/hr\/wp-json\/wp\/v2\/product_tag?post=5756392"}],"curies":[{"name":"wp","href":"https:\/\/api.w.org\/{rel}","templated":true}]}}