{"id":5756394,"date":"2026-02-12T13:49:10","date_gmt":"2026-02-12T12:49:10","guid":{"rendered":"https:\/\/stoic-curie.212-227-153-4.plesk.page\/product\/musto-snug-blouson-jakna-velicina-xl-mornarcka-plava\/"},"modified":"2026-02-25T00:01:41","modified_gmt":"2026-02-25T00:01:41","slug":"musto-snug-blouson-jakna-velicina-xl-mornarcka-plava","status":"publish","type":"product","link":"https:\/\/stoic-curie.212-227-153-4.plesk.page\/hr\/product\/musto-snug-blouson-jakna-velicina-xl-mornarcka-plava\/","title":{"rendered":"Musto Snug Blouson Jakna Veli\u010dina XL &#8211; Mornar\u010dka Plava"},"content":{"rendered":"<p>Musto Snug Blouson Jakna Veli\u010dina XL &#8211; Mornar\u010dka Plava &#8211; <\/p>\n<p>Musto Snug Blouson Jakna je tehni\u010dka stilizirana jakna izra\u0111ena od Ocean Tech\u00e2\u0084\u00a2 tkanine i oblo\u017eena toplim Polartec\u00c2\u00ae flisom, osiguravaju\u0107i udobnost i za\u0161titu tijekom hladnijih dana. Zape\u010da\u0107eni \u0161avovi jam\u010de vodonepropusnost, \u0161to ga \u010dini izvrsnim me\u0111uslojem u promjenjivim vremenskim uvjetima. Riblje man\u017eete i rub pru\u017eaju \u010dvrsto pristajanje, dok bo\u010dne d\u017eepove sa zatvara\u010dem nude prakti\u010dnost i sigurnost. Ova jakna je certificirani bluesign\u00c2\u00ae proizvod napravljen od recikliranih materijala. <a>Kliknite ovdje za provjeru to\u010dne veli\u010dine.<\/a><\/p>\n","protected":false},"excerpt":{"rendered":"<p>Musto Snug Blouson Jakna Veli\u010dina XL &#8211; Mornar\u010dka Plava &#8211; Musto Snug Blouson Jakna je tehni\u010dka stilizirana jakna izra\u0111ena od<\/p>\n","protected":false},"featured_media":5753221,"comment_status":"open","ping_status":"closed","template":"","meta":[],"product_brand":[3156],"product_cat":[1854],"product_tag":[],"class_list":{"0":"post-5756394","1":"product","2":"type-product","3":"status-publish","4":"has-post-thumbnail","6":"product_brand-musto-hr","7":"product_cat-jedrilicarska-odjeca-musto","9":"first","10":"instock","11":"shipping-taxable","12":"purchasable","13":"product-type-simple"},"_links":{"self":[{"href":"https:\/\/stoic-curie.212-227-153-4.plesk.page\/hr\/wp-json\/wp\/v2\/product\/5756394","targetHints":{"allow":["GET"]}}],"collection":[{"href":"https:\/\/stoic-curie.212-227-153-4.plesk.page\/hr\/wp-json\/wp\/v2\/product"}],"about":[{"href":"https:\/\/stoic-curie.212-227-153-4.plesk.page\/hr\/wp-json\/wp\/v2\/types\/product"}],"replies":[{"embeddable":true,"href":"https:\/\/stoic-curie.212-227-153-4.plesk.page\/hr\/wp-json\/wp\/v2\/comments?post=5756394"}],"version-history":[{"count":0,"href":"https:\/\/stoic-curie.212-227-153-4.plesk.page\/hr\/wp-json\/wp\/v2\/product\/5756394\/revisions"}],"wp:featuredmedia":[{"embeddable":true,"href":"https:\/\/stoic-curie.212-227-153-4.plesk.page\/hr\/wp-json\/wp\/v2\/media\/5753221"}],"wp:attachment":[{"href":"https:\/\/stoic-curie.212-227-153-4.plesk.page\/hr\/wp-json\/wp\/v2\/media?parent=5756394"}],"wp:term":[{"taxonomy":"product_brand","embeddable":true,"href":"https:\/\/stoic-curie.212-227-153-4.plesk.page\/hr\/wp-json\/wp\/v2\/product_brand?post=5756394"},{"taxonomy":"product_cat","embeddable":true,"href":"https:\/\/stoic-curie.212-227-153-4.plesk.page\/hr\/wp-json\/wp\/v2\/product_cat?post=5756394"},{"taxonomy":"product_tag","embeddable":true,"href":"https:\/\/stoic-curie.212-227-153-4.plesk.page\/hr\/wp-json\/wp\/v2\/product_tag?post=5756394"}],"curies":[{"name":"wp","href":"https:\/\/api.w.org\/{rel}","templated":true}]}}