{"id":5756395,"date":"2026-02-12T13:49:11","date_gmt":"2026-02-12T12:49:11","guid":{"rendered":"https:\/\/stoic-curie.212-227-153-4.plesk.page\/product\/musto-snug-blouson-jakna-velicina-2xl-boja-tamnoplava\/"},"modified":"2026-02-25T00:01:41","modified_gmt":"2026-02-25T00:01:41","slug":"musto-snug-blouson-jakna-velicina-2xl-boja-tamnoplava","status":"publish","type":"product","link":"https:\/\/stoic-curie.212-227-153-4.plesk.page\/hr\/product\/musto-snug-blouson-jakna-velicina-2xl-boja-tamnoplava\/","title":{"rendered":"Musto Snug Blouson Jakna Veli\u010dina 2XL Boja Tamnoplava"},"content":{"rendered":"<p>Musto Snug Blouson Jakna Veli\u010dina 2XL Boja Tamnoplava &#8211; <\/p>\n<p>Musto Technical Lifestyle jakna izra\u0111ena je od Ocean Tech\u00e2\u0084\u00a2 tkanine i podstavljena toplim Polartec\u00c2\u00ae fleecem za udobnost i za\u0161titu tijekom hladnijih dana. Zape\u010da\u0107eni \u0161avovi osiguravaju vodootpornost, \u0161to je \u010dini savr\u0161enom kao me\u0111uslojem u promjenjivim uvjetima. Pletivo na rukavima i donjem dijelu osigurava usku prianjanje, dok bo\u010dni d\u017eepovi sa zatvara\u010dem nude prakti\u010dnost i sigurnost. Ovo je certificirani bluesign\u00c2\u00ae proizvod napravljen od recikliranih materijala. <a>Kliknite ovdje da provjerite to\u010dnu veli\u010dinu.<\/a><\/p>\n","protected":false},"excerpt":{"rendered":"<p>Musto Snug Blouson Jakna Veli\u010dina 2XL Boja Tamnoplava &#8211; Musto Technical Lifestyle jakna izra\u0111ena je od Ocean Tech\u00e2\u0084\u00a2 tkanine i<\/p>\n","protected":false},"featured_media":5753221,"comment_status":"open","ping_status":"closed","template":"","meta":[],"product_brand":[3156],"product_cat":[1854],"product_tag":[],"class_list":{"0":"post-5756395","1":"product","2":"type-product","3":"status-publish","4":"has-post-thumbnail","6":"product_brand-musto-hr","7":"product_cat-jedrilicarska-odjeca-musto","9":"first","10":"instock","11":"shipping-taxable","12":"purchasable","13":"product-type-simple"},"_links":{"self":[{"href":"https:\/\/stoic-curie.212-227-153-4.plesk.page\/hr\/wp-json\/wp\/v2\/product\/5756395","targetHints":{"allow":["GET"]}}],"collection":[{"href":"https:\/\/stoic-curie.212-227-153-4.plesk.page\/hr\/wp-json\/wp\/v2\/product"}],"about":[{"href":"https:\/\/stoic-curie.212-227-153-4.plesk.page\/hr\/wp-json\/wp\/v2\/types\/product"}],"replies":[{"embeddable":true,"href":"https:\/\/stoic-curie.212-227-153-4.plesk.page\/hr\/wp-json\/wp\/v2\/comments?post=5756395"}],"version-history":[{"count":0,"href":"https:\/\/stoic-curie.212-227-153-4.plesk.page\/hr\/wp-json\/wp\/v2\/product\/5756395\/revisions"}],"wp:featuredmedia":[{"embeddable":true,"href":"https:\/\/stoic-curie.212-227-153-4.plesk.page\/hr\/wp-json\/wp\/v2\/media\/5753221"}],"wp:attachment":[{"href":"https:\/\/stoic-curie.212-227-153-4.plesk.page\/hr\/wp-json\/wp\/v2\/media?parent=5756395"}],"wp:term":[{"taxonomy":"product_brand","embeddable":true,"href":"https:\/\/stoic-curie.212-227-153-4.plesk.page\/hr\/wp-json\/wp\/v2\/product_brand?post=5756395"},{"taxonomy":"product_cat","embeddable":true,"href":"https:\/\/stoic-curie.212-227-153-4.plesk.page\/hr\/wp-json\/wp\/v2\/product_cat?post=5756395"},{"taxonomy":"product_tag","embeddable":true,"href":"https:\/\/stoic-curie.212-227-153-4.plesk.page\/hr\/wp-json\/wp\/v2\/product_tag?post=5756395"}],"curies":[{"name":"wp","href":"https:\/\/api.w.org\/{rel}","templated":true}]}}