{"id":5756396,"date":"2026-02-12T13:49:12","date_gmt":"2026-02-12T12:49:12","guid":{"rendered":"https:\/\/stoic-curie.212-227-153-4.plesk.page\/product\/musto-snug-blouson-jakna-velicina-s-boja-platinum\/"},"modified":"2026-02-25T00:01:41","modified_gmt":"2026-02-25T00:01:41","slug":"musto-snug-blouson-jakna-velicina-s-boja-platinum","status":"publish","type":"product","link":"https:\/\/stoic-curie.212-227-153-4.plesk.page\/hr\/product\/musto-snug-blouson-jakna-velicina-s-boja-platinum\/","title":{"rendered":"Musto snug blouson jakna veli\u010dina S boja platinum"},"content":{"rendered":"<p>Musto snug blouson jakna veli\u010dina S boja platinum &#8211; <\/p>\n<p>Musto snug blouson jakna je tehni\u010dka jakna za svakodnevnu upotrebu izra\u0111ena od Ocean Tech\u2122 materijala, podstavljena toplim Polartec\u00ae flisom za udobnost i za\u0161titu u hladnijim danima. Ljepljene \u0161avove osiguravaju vodootpornost, \u0161to ga \u010dini idealnim kao me\u0111usloj u promjenjivim uvjetima. Riblji man\u017eeti i rub osiguravaju uske pristajanje, dok bo\u010dne d\u017eepove sa patentnim zatvara\u010dem nude prakti\u010dnost i sigurnost. Ova jakna je certificirani bluesign\u00ae proizvod izra\u0111en od recikliranih materijala. Kliknite ovdje za provjeru to\u010dne veli\u010dine:<\/p>\n","protected":false},"excerpt":{"rendered":"<p>Musto snug blouson jakna veli\u010dina S boja platinum &#8211; Musto snug blouson jakna je tehni\u010dka jakna za svakodnevnu upotrebu izra\u0111ena<\/p>\n","protected":false},"featured_media":5753221,"comment_status":"open","ping_status":"closed","template":"","meta":[],"product_brand":[3156],"product_cat":[1854],"product_tag":[],"class_list":{"0":"post-5756396","1":"product","2":"type-product","3":"status-publish","4":"has-post-thumbnail","6":"product_brand-musto-hr","7":"product_cat-jedrilicarska-odjeca-musto","9":"first","10":"instock","11":"shipping-taxable","12":"purchasable","13":"product-type-simple"},"_links":{"self":[{"href":"https:\/\/stoic-curie.212-227-153-4.plesk.page\/hr\/wp-json\/wp\/v2\/product\/5756396","targetHints":{"allow":["GET"]}}],"collection":[{"href":"https:\/\/stoic-curie.212-227-153-4.plesk.page\/hr\/wp-json\/wp\/v2\/product"}],"about":[{"href":"https:\/\/stoic-curie.212-227-153-4.plesk.page\/hr\/wp-json\/wp\/v2\/types\/product"}],"replies":[{"embeddable":true,"href":"https:\/\/stoic-curie.212-227-153-4.plesk.page\/hr\/wp-json\/wp\/v2\/comments?post=5756396"}],"version-history":[{"count":0,"href":"https:\/\/stoic-curie.212-227-153-4.plesk.page\/hr\/wp-json\/wp\/v2\/product\/5756396\/revisions"}],"wp:featuredmedia":[{"embeddable":true,"href":"https:\/\/stoic-curie.212-227-153-4.plesk.page\/hr\/wp-json\/wp\/v2\/media\/5753221"}],"wp:attachment":[{"href":"https:\/\/stoic-curie.212-227-153-4.plesk.page\/hr\/wp-json\/wp\/v2\/media?parent=5756396"}],"wp:term":[{"taxonomy":"product_brand","embeddable":true,"href":"https:\/\/stoic-curie.212-227-153-4.plesk.page\/hr\/wp-json\/wp\/v2\/product_brand?post=5756396"},{"taxonomy":"product_cat","embeddable":true,"href":"https:\/\/stoic-curie.212-227-153-4.plesk.page\/hr\/wp-json\/wp\/v2\/product_cat?post=5756396"},{"taxonomy":"product_tag","embeddable":true,"href":"https:\/\/stoic-curie.212-227-153-4.plesk.page\/hr\/wp-json\/wp\/v2\/product_tag?post=5756396"}],"curies":[{"name":"wp","href":"https:\/\/api.w.org\/{rel}","templated":true}]}}