{"id":5756397,"date":"2026-02-12T13:49:12","date_gmt":"2026-02-12T12:49:12","guid":{"rendered":"https:\/\/stoic-curie.212-227-153-4.plesk.page\/product\/musto-snug-blouson-jakna-velicina-m-boja-platinum\/"},"modified":"2026-02-25T00:01:41","modified_gmt":"2026-02-25T00:01:41","slug":"musto-snug-blouson-jakna-velicina-m-boja-platinum","status":"publish","type":"product","link":"https:\/\/stoic-curie.212-227-153-4.plesk.page\/hr\/product\/musto-snug-blouson-jakna-velicina-m-boja-platinum\/","title":{"rendered":"Musto Snug Blouson Jakna &#8211; Veli\u010dina M &#8211; Boja Platinum"},"content":{"rendered":"<p>Musto Snug Blouson Jakna &#8211; Veli\u010dina M &#8211; Boja Platinum &#8211; <\/p>\n<p>Musto Snug Blouson Jakna je tehni\u010dka lifestyle jakna izra\u0111ena od Ocean Tech\u2122 tkanine i oblo\u017eena toplom Polartec\u00ae flisom za udobnost i za\u0161titu tijekom hladnijih dana. Zavarene \u0161avove osiguravaju vodootpornost, \u0161to je \u010dini idealnom srednjom slojem u promjenjivim vremenskim uvjetima. Riblje man\u017eete i rub pru\u017eaju \u010dvrst fit, dok bo\u010dne d\u017eepove s patentnim zatvara\u010dem osiguravaju prakti\u010dnost i sigurnost. To je certificirani bluesign\u00ae proizvod napravljen od recikliranih materijala. Kliknite ovdje za provjeru to\u010dne veli\u010dine:<\/p>\n","protected":false},"excerpt":{"rendered":"<p>Musto Snug Blouson Jakna &#8211; Veli\u010dina M &#8211; Boja Platinum &#8211; Musto Snug Blouson Jakna je tehni\u010dka lifestyle jakna izra\u0111ena<\/p>\n","protected":false},"featured_media":5753221,"comment_status":"open","ping_status":"closed","template":"","meta":[],"product_brand":[3156],"product_cat":[1854],"product_tag":[],"class_list":{"0":"post-5756397","1":"product","2":"type-product","3":"status-publish","4":"has-post-thumbnail","6":"product_brand-musto-hr","7":"product_cat-jedrilicarska-odjeca-musto","9":"first","10":"instock","11":"shipping-taxable","12":"purchasable","13":"product-type-simple"},"_links":{"self":[{"href":"https:\/\/stoic-curie.212-227-153-4.plesk.page\/hr\/wp-json\/wp\/v2\/product\/5756397","targetHints":{"allow":["GET"]}}],"collection":[{"href":"https:\/\/stoic-curie.212-227-153-4.plesk.page\/hr\/wp-json\/wp\/v2\/product"}],"about":[{"href":"https:\/\/stoic-curie.212-227-153-4.plesk.page\/hr\/wp-json\/wp\/v2\/types\/product"}],"replies":[{"embeddable":true,"href":"https:\/\/stoic-curie.212-227-153-4.plesk.page\/hr\/wp-json\/wp\/v2\/comments?post=5756397"}],"version-history":[{"count":0,"href":"https:\/\/stoic-curie.212-227-153-4.plesk.page\/hr\/wp-json\/wp\/v2\/product\/5756397\/revisions"}],"wp:featuredmedia":[{"embeddable":true,"href":"https:\/\/stoic-curie.212-227-153-4.plesk.page\/hr\/wp-json\/wp\/v2\/media\/5753221"}],"wp:attachment":[{"href":"https:\/\/stoic-curie.212-227-153-4.plesk.page\/hr\/wp-json\/wp\/v2\/media?parent=5756397"}],"wp:term":[{"taxonomy":"product_brand","embeddable":true,"href":"https:\/\/stoic-curie.212-227-153-4.plesk.page\/hr\/wp-json\/wp\/v2\/product_brand?post=5756397"},{"taxonomy":"product_cat","embeddable":true,"href":"https:\/\/stoic-curie.212-227-153-4.plesk.page\/hr\/wp-json\/wp\/v2\/product_cat?post=5756397"},{"taxonomy":"product_tag","embeddable":true,"href":"https:\/\/stoic-curie.212-227-153-4.plesk.page\/hr\/wp-json\/wp\/v2\/product_tag?post=5756397"}],"curies":[{"name":"wp","href":"https:\/\/api.w.org\/{rel}","templated":true}]}}