{"id":5756400,"date":"2026-02-12T13:49:14","date_gmt":"2026-02-12T12:49:14","guid":{"rendered":"https:\/\/stoic-curie.212-227-153-4.plesk.page\/product\/musto-snug-blouson-jakna-velicina-2xl-boja-platina\/"},"modified":"2026-02-25T00:01:41","modified_gmt":"2026-02-25T00:01:41","slug":"musto-snug-blouson-jakna-velicina-2xl-boja-platina","status":"publish","type":"product","link":"https:\/\/stoic-curie.212-227-153-4.plesk.page\/hr\/product\/musto-snug-blouson-jakna-velicina-2xl-boja-platina\/","title":{"rendered":"Musto Snug Blouson Jakna Veli\u010dina 2XL Boja Platina"},"content":{"rendered":"<p>Musto Snug Blouson Jakna Veli\u010dina 2XL Boja Platina &#8211; <\/p>\n<p>Musto tehni\u010dka lifestyle jakna izra\u0111ena je od Ocean Tech\u2122 tkanine i oblo\u017eena toplim Polartec\u00ae flisom za udobnost i za\u0161titu u hladnijim danima. Zape\u010da\u0107eni \u0161avovi osiguravaju vodootpornost, \u0161to je \u010dini idealnom kao srednji sloj u promjenjivim uvjetima. Riblje man\u017eete i rub osiguravaju \u010dvrsto pristajanje, dok bo\u010dne d\u017eepove sa zatvara\u010dem nude prakti\u010dnost i sigurnost. Ovo je proizvod certificiran bluesign\u00ae izra\u0111en od recikliranih materijala.<\/p>\n<p>Kliknite ovdje da provjerite to\u010dnu veli\u010dinu:<\/p>\n","protected":false},"excerpt":{"rendered":"<p>Musto Snug Blouson Jakna Veli\u010dina 2XL Boja Platina &#8211; Musto tehni\u010dka lifestyle jakna izra\u0111ena je od Ocean Tech\u2122 tkanine i<\/p>\n","protected":false},"featured_media":5753221,"comment_status":"open","ping_status":"closed","template":"","meta":[],"product_brand":[3156],"product_cat":[1854],"product_tag":[],"class_list":{"0":"post-5756400","1":"product","2":"type-product","3":"status-publish","4":"has-post-thumbnail","6":"product_brand-musto-hr","7":"product_cat-jedrilicarska-odjeca-musto","9":"first","10":"instock","11":"shipping-taxable","12":"purchasable","13":"product-type-simple"},"_links":{"self":[{"href":"https:\/\/stoic-curie.212-227-153-4.plesk.page\/hr\/wp-json\/wp\/v2\/product\/5756400","targetHints":{"allow":["GET"]}}],"collection":[{"href":"https:\/\/stoic-curie.212-227-153-4.plesk.page\/hr\/wp-json\/wp\/v2\/product"}],"about":[{"href":"https:\/\/stoic-curie.212-227-153-4.plesk.page\/hr\/wp-json\/wp\/v2\/types\/product"}],"replies":[{"embeddable":true,"href":"https:\/\/stoic-curie.212-227-153-4.plesk.page\/hr\/wp-json\/wp\/v2\/comments?post=5756400"}],"version-history":[{"count":0,"href":"https:\/\/stoic-curie.212-227-153-4.plesk.page\/hr\/wp-json\/wp\/v2\/product\/5756400\/revisions"}],"wp:featuredmedia":[{"embeddable":true,"href":"https:\/\/stoic-curie.212-227-153-4.plesk.page\/hr\/wp-json\/wp\/v2\/media\/5753221"}],"wp:attachment":[{"href":"https:\/\/stoic-curie.212-227-153-4.plesk.page\/hr\/wp-json\/wp\/v2\/media?parent=5756400"}],"wp:term":[{"taxonomy":"product_brand","embeddable":true,"href":"https:\/\/stoic-curie.212-227-153-4.plesk.page\/hr\/wp-json\/wp\/v2\/product_brand?post=5756400"},{"taxonomy":"product_cat","embeddable":true,"href":"https:\/\/stoic-curie.212-227-153-4.plesk.page\/hr\/wp-json\/wp\/v2\/product_cat?post=5756400"},{"taxonomy":"product_tag","embeddable":true,"href":"https:\/\/stoic-curie.212-227-153-4.plesk.page\/hr\/wp-json\/wp\/v2\/product_tag?post=5756400"}],"curies":[{"name":"wp","href":"https:\/\/api.w.org\/{rel}","templated":true}]}}