{"id":5756403,"date":"2026-02-12T13:49:17","date_gmt":"2026-02-12T12:49:17","guid":{"rendered":"https:\/\/stoic-curie.212-227-153-4.plesk.page\/product\/musto-crew-sunblock-t-shirt-2xl-bijela\/"},"modified":"2026-02-25T00:01:41","modified_gmt":"2026-02-25T00:01:41","slug":"musto-crew-sunblock-t-shirt-2xl-bijela","status":"publish","type":"product","link":"https:\/\/stoic-curie.212-227-153-4.plesk.page\/hr\/product\/musto-crew-sunblock-t-shirt-2xl-bijela\/","title":{"rendered":"Musto Crew Sunblock T-Shirt &#8211; 2XL &#8211; Bijela"},"content":{"rendered":"<p>Musto Crew Sunblock T-Shirt &#8211; 2XL &#8211; Bijela &#8211; <\/p>\n<p>Musto Crew Sunblock T-Shirt izra\u0111ena je od UPF50 poliestera i elastana, nude\u0107i izvanrednu za\u0161titu od jakog sun\u010devog zra\u010denja. Ravne \u0161avove jedva da su primjetni na va\u0161oj ko\u017ei, osiguravaju\u0107i maksimalnu udobnost. <a>Kliknite ovdje da provjerite to\u010dnu veli\u010dinu.<\/a><\/p>\n","protected":false},"excerpt":{"rendered":"<p>Musto Crew Sunblock T-Shirt &#8211; 2XL &#8211; Bijela &#8211; Musto Crew Sunblock T-Shirt izra\u0111ena je od UPF50 poliestera i elastana,<\/p>\n","protected":false},"featured_media":5753281,"comment_status":"open","ping_status":"closed","template":"","meta":[],"product_brand":[3156],"product_cat":[1854],"product_tag":[],"class_list":{"0":"post-5756403","1":"product","2":"type-product","3":"status-publish","4":"has-post-thumbnail","6":"product_brand-musto-hr","7":"product_cat-jedrilicarska-odjeca-musto","9":"first","10":"instock","11":"shipping-taxable","12":"purchasable","13":"product-type-simple"},"_links":{"self":[{"href":"https:\/\/stoic-curie.212-227-153-4.plesk.page\/hr\/wp-json\/wp\/v2\/product\/5756403","targetHints":{"allow":["GET"]}}],"collection":[{"href":"https:\/\/stoic-curie.212-227-153-4.plesk.page\/hr\/wp-json\/wp\/v2\/product"}],"about":[{"href":"https:\/\/stoic-curie.212-227-153-4.plesk.page\/hr\/wp-json\/wp\/v2\/types\/product"}],"replies":[{"embeddable":true,"href":"https:\/\/stoic-curie.212-227-153-4.plesk.page\/hr\/wp-json\/wp\/v2\/comments?post=5756403"}],"version-history":[{"count":0,"href":"https:\/\/stoic-curie.212-227-153-4.plesk.page\/hr\/wp-json\/wp\/v2\/product\/5756403\/revisions"}],"wp:featuredmedia":[{"embeddable":true,"href":"https:\/\/stoic-curie.212-227-153-4.plesk.page\/hr\/wp-json\/wp\/v2\/media\/5753281"}],"wp:attachment":[{"href":"https:\/\/stoic-curie.212-227-153-4.plesk.page\/hr\/wp-json\/wp\/v2\/media?parent=5756403"}],"wp:term":[{"taxonomy":"product_brand","embeddable":true,"href":"https:\/\/stoic-curie.212-227-153-4.plesk.page\/hr\/wp-json\/wp\/v2\/product_brand?post=5756403"},{"taxonomy":"product_cat","embeddable":true,"href":"https:\/\/stoic-curie.212-227-153-4.plesk.page\/hr\/wp-json\/wp\/v2\/product_cat?post=5756403"},{"taxonomy":"product_tag","embeddable":true,"href":"https:\/\/stoic-curie.212-227-153-4.plesk.page\/hr\/wp-json\/wp\/v2\/product_tag?post=5756403"}],"curies":[{"name":"wp","href":"https:\/\/api.w.org\/{rel}","templated":true}]}}