{"id":5756409,"date":"2026-02-12T13:49:21","date_gmt":"2026-02-12T12:49:21","guid":{"rendered":"https:\/\/stoic-curie.212-227-153-4.plesk.page\/product\/musto-crew-sunblock-t-shirt-velicina-l-platina\/"},"modified":"2026-02-25T00:01:41","modified_gmt":"2026-02-25T00:01:41","slug":"musto-crew-sunblock-t-shirt-velicina-l-platina","status":"publish","type":"product","link":"https:\/\/stoic-curie.212-227-153-4.plesk.page\/hr\/product\/musto-crew-sunblock-t-shirt-velicina-l-platina\/","title":{"rendered":"Musto Crew Sunblock T-shirt &#8211; Veli\u010dina L &#8211; Platina"},"content":{"rendered":"<p>Musto Crew Sunblock T-shirt &#8211; Veli\u010dina L &#8211; Platina &#8211; <\/p>\n<p>Musto Crew Majica za Sun\u010danje izra\u0111ena je od UPF50 poliestera i elastana, pru\u017eaju\u0107i maksimalnu za\u0161titu od sna\u017enog izlaganja suncu. Ravno \u0161ivene \u0161avove jedva da se primje\u0107uju na ko\u017ei, osiguravaju\u0107i optimalnu udobnost. <br \/> Kliknite ovdje za provjeru to\u010dne veli\u010dine:<\/p>\n","protected":false},"excerpt":{"rendered":"<p>Musto Crew Sunblock T-shirt &#8211; Veli\u010dina L &#8211; Platina &#8211; Musto Crew Majica za Sun\u010danje izra\u0111ena je od UPF50 poliestera<\/p>\n","protected":false},"featured_media":5753281,"comment_status":"open","ping_status":"closed","template":"","meta":[],"product_brand":[3156],"product_cat":[1854],"product_tag":[],"class_list":{"0":"post-5756409","1":"product","2":"type-product","3":"status-publish","4":"has-post-thumbnail","6":"product_brand-musto-hr","7":"product_cat-jedrilicarska-odjeca-musto","9":"first","10":"instock","11":"shipping-taxable","12":"purchasable","13":"product-type-simple"},"_links":{"self":[{"href":"https:\/\/stoic-curie.212-227-153-4.plesk.page\/hr\/wp-json\/wp\/v2\/product\/5756409","targetHints":{"allow":["GET"]}}],"collection":[{"href":"https:\/\/stoic-curie.212-227-153-4.plesk.page\/hr\/wp-json\/wp\/v2\/product"}],"about":[{"href":"https:\/\/stoic-curie.212-227-153-4.plesk.page\/hr\/wp-json\/wp\/v2\/types\/product"}],"replies":[{"embeddable":true,"href":"https:\/\/stoic-curie.212-227-153-4.plesk.page\/hr\/wp-json\/wp\/v2\/comments?post=5756409"}],"version-history":[{"count":0,"href":"https:\/\/stoic-curie.212-227-153-4.plesk.page\/hr\/wp-json\/wp\/v2\/product\/5756409\/revisions"}],"wp:featuredmedia":[{"embeddable":true,"href":"https:\/\/stoic-curie.212-227-153-4.plesk.page\/hr\/wp-json\/wp\/v2\/media\/5753281"}],"wp:attachment":[{"href":"https:\/\/stoic-curie.212-227-153-4.plesk.page\/hr\/wp-json\/wp\/v2\/media?parent=5756409"}],"wp:term":[{"taxonomy":"product_brand","embeddable":true,"href":"https:\/\/stoic-curie.212-227-153-4.plesk.page\/hr\/wp-json\/wp\/v2\/product_brand?post=5756409"},{"taxonomy":"product_cat","embeddable":true,"href":"https:\/\/stoic-curie.212-227-153-4.plesk.page\/hr\/wp-json\/wp\/v2\/product_cat?post=5756409"},{"taxonomy":"product_tag","embeddable":true,"href":"https:\/\/stoic-curie.212-227-153-4.plesk.page\/hr\/wp-json\/wp\/v2\/product_tag?post=5756409"}],"curies":[{"name":"wp","href":"https:\/\/api.w.org\/{rel}","templated":true}]}}