{"id":5756415,"date":"2026-02-12T13:49:25","date_gmt":"2026-02-12T12:49:25","guid":{"rendered":"https:\/\/stoic-curie.212-227-153-4.plesk.page\/product\/musto-crew-majica-za-suncanje-zenska-velicina-s-tamnoplava\/"},"modified":"2026-02-25T00:01:41","modified_gmt":"2026-02-25T00:01:41","slug":"musto-crew-majica-za-suncanje-zenska-velicina-s-tamnoplava","status":"publish","type":"product","link":"https:\/\/stoic-curie.212-227-153-4.plesk.page\/hr\/product\/musto-crew-majica-za-suncanje-zenska-velicina-s-tamnoplava\/","title":{"rendered":"Musto Crew Majica za Sun\u010danje &#8211; \u017denska Veli\u010dina S &#8211; Tamnoplava"},"content":{"rendered":"<p>Musto Crew Majica za Sun\u010danje &#8211; \u017denska Veli\u010dina S &#8211; Tamnoplava &#8211; <\/p>\n<p>Musto Crew Majica za Sun\u010danje osmi\u0161ljena je s iznimnim UPF50 poliestrom i elastanom za maksimalnu za\u0161titu tijekom jakog sun\u010devog zra\u010denja. Ravne \u0161avove gotovo da nije mogu\u0107e osjetiti na ko\u017ei, pru\u017eaju\u0107i optimalnu udobnost. <a>Kliknite ovdje za provjeru to\u010dne veli\u010dine.<\/a><\/p>\n","protected":false},"excerpt":{"rendered":"<p>Musto Crew Majica za Sun\u010danje &#8211; \u017denska Veli\u010dina S &#8211; Tamnoplava &#8211; Musto Crew Majica za Sun\u010danje osmi\u0161ljena je s<\/p>\n","protected":false},"featured_media":5753353,"comment_status":"open","ping_status":"closed","template":"","meta":[],"product_brand":[3156],"product_cat":[1854],"product_tag":[],"class_list":{"0":"post-5756415","1":"product","2":"type-product","3":"status-publish","4":"has-post-thumbnail","6":"product_brand-musto-hr","7":"product_cat-jedrilicarska-odjeca-musto","9":"first","10":"instock","11":"shipping-taxable","12":"purchasable","13":"product-type-simple"},"_links":{"self":[{"href":"https:\/\/stoic-curie.212-227-153-4.plesk.page\/hr\/wp-json\/wp\/v2\/product\/5756415","targetHints":{"allow":["GET"]}}],"collection":[{"href":"https:\/\/stoic-curie.212-227-153-4.plesk.page\/hr\/wp-json\/wp\/v2\/product"}],"about":[{"href":"https:\/\/stoic-curie.212-227-153-4.plesk.page\/hr\/wp-json\/wp\/v2\/types\/product"}],"replies":[{"embeddable":true,"href":"https:\/\/stoic-curie.212-227-153-4.plesk.page\/hr\/wp-json\/wp\/v2\/comments?post=5756415"}],"version-history":[{"count":0,"href":"https:\/\/stoic-curie.212-227-153-4.plesk.page\/hr\/wp-json\/wp\/v2\/product\/5756415\/revisions"}],"wp:featuredmedia":[{"embeddable":true,"href":"https:\/\/stoic-curie.212-227-153-4.plesk.page\/hr\/wp-json\/wp\/v2\/media\/5753353"}],"wp:attachment":[{"href":"https:\/\/stoic-curie.212-227-153-4.plesk.page\/hr\/wp-json\/wp\/v2\/media?parent=5756415"}],"wp:term":[{"taxonomy":"product_brand","embeddable":true,"href":"https:\/\/stoic-curie.212-227-153-4.plesk.page\/hr\/wp-json\/wp\/v2\/product_brand?post=5756415"},{"taxonomy":"product_cat","embeddable":true,"href":"https:\/\/stoic-curie.212-227-153-4.plesk.page\/hr\/wp-json\/wp\/v2\/product_cat?post=5756415"},{"taxonomy":"product_tag","embeddable":true,"href":"https:\/\/stoic-curie.212-227-153-4.plesk.page\/hr\/wp-json\/wp\/v2\/product_tag?post=5756415"}],"curies":[{"name":"wp","href":"https:\/\/api.w.org\/{rel}","templated":true}]}}