{"id":5756442,"date":"2026-02-12T13:49:46","date_gmt":"2026-02-12T12:49:46","guid":{"rendered":"https:\/\/stoic-curie.212-227-153-4.plesk.page\/product\/musto-evo-performance-stretch-sorc-velicina-46-30-tamnoplav\/"},"modified":"2026-02-25T00:01:41","modified_gmt":"2026-02-25T00:01:41","slug":"musto-evo-performance-stretch-sorc-velicina-46-30-tamnoplav","status":"publish","type":"product","link":"https:\/\/stoic-curie.212-227-153-4.plesk.page\/hr\/product\/musto-evo-performance-stretch-sorc-velicina-46-30-tamnoplav\/","title":{"rendered":"Musto Evo Performance Stretch \u0160orc Veli\u010dina 46 (30) &#8211; Tamnoplav"},"content":{"rendered":"<p>Musto Evo Performance Stretch \u0160orc Veli\u010dina 46 (30) &#8211; Tamnoplav &#8211; <\/p>\n<p>Musto Evo Performance Stretch jedrili\u010darski \u0161orc izra\u0111en je od laganog, brzo su\u0161e\u0107eg rastezljivog materijala koji pru\u017ea potpunu slobodu kretanja i udobnost. Zna\u010dajke uklju\u010duju oja\u010danje sjedala, podesiv pojas, zatvara\u010d s gumbom, dva bo\u010dna d\u017eepa i jedan prednji d\u017eep s vodootpornim zatvara\u010dem. Uz to, ima dr\u017ea\u010d za telefon unutar d\u017eepa i reflektiraju\u0107i logo. UV za\u0161tita s UPF50. Kliknite ovdje kako biste provjerili to\u010dnu veli\u010dinu:<\/p>\n","protected":false},"excerpt":{"rendered":"<p>Musto Evo Performance Stretch \u0160orc Veli\u010dina 46 (30) &#8211; Tamnoplav &#8211; Musto Evo Performance Stretch jedrili\u010darski \u0161orc izra\u0111en je od<\/p>\n","protected":false},"featured_media":5753575,"comment_status":"open","ping_status":"closed","template":"","meta":[],"product_brand":[3156],"product_cat":[1854],"product_tag":[],"class_list":{"0":"post-5756442","1":"product","2":"type-product","3":"status-publish","4":"has-post-thumbnail","6":"product_brand-musto-hr","7":"product_cat-jedrilicarska-odjeca-musto","9":"first","10":"instock","11":"shipping-taxable","12":"purchasable","13":"product-type-simple"},"_links":{"self":[{"href":"https:\/\/stoic-curie.212-227-153-4.plesk.page\/hr\/wp-json\/wp\/v2\/product\/5756442","targetHints":{"allow":["GET"]}}],"collection":[{"href":"https:\/\/stoic-curie.212-227-153-4.plesk.page\/hr\/wp-json\/wp\/v2\/product"}],"about":[{"href":"https:\/\/stoic-curie.212-227-153-4.plesk.page\/hr\/wp-json\/wp\/v2\/types\/product"}],"replies":[{"embeddable":true,"href":"https:\/\/stoic-curie.212-227-153-4.plesk.page\/hr\/wp-json\/wp\/v2\/comments?post=5756442"}],"version-history":[{"count":0,"href":"https:\/\/stoic-curie.212-227-153-4.plesk.page\/hr\/wp-json\/wp\/v2\/product\/5756442\/revisions"}],"wp:featuredmedia":[{"embeddable":true,"href":"https:\/\/stoic-curie.212-227-153-4.plesk.page\/hr\/wp-json\/wp\/v2\/media\/5753575"}],"wp:attachment":[{"href":"https:\/\/stoic-curie.212-227-153-4.plesk.page\/hr\/wp-json\/wp\/v2\/media?parent=5756442"}],"wp:term":[{"taxonomy":"product_brand","embeddable":true,"href":"https:\/\/stoic-curie.212-227-153-4.plesk.page\/hr\/wp-json\/wp\/v2\/product_brand?post=5756442"},{"taxonomy":"product_cat","embeddable":true,"href":"https:\/\/stoic-curie.212-227-153-4.plesk.page\/hr\/wp-json\/wp\/v2\/product_cat?post=5756442"},{"taxonomy":"product_tag","embeddable":true,"href":"https:\/\/stoic-curie.212-227-153-4.plesk.page\/hr\/wp-json\/wp\/v2\/product_tag?post=5756442"}],"curies":[{"name":"wp","href":"https:\/\/api.w.org\/{rel}","templated":true}]}}