{"id":5756443,"date":"2026-02-12T13:49:49","date_gmt":"2026-02-12T12:49:49","guid":{"rendered":"https:\/\/stoic-curie.212-227-153-4.plesk.page\/product\/musto-evo-performance-stretch-sortsi-velicina-48-32-mornarica-plava\/"},"modified":"2026-02-25T00:01:41","modified_gmt":"2026-02-25T00:01:41","slug":"musto-evo-performance-stretch-sortsi-velicina-48-32-mornarica-plava","status":"publish","type":"product","link":"https:\/\/stoic-curie.212-227-153-4.plesk.page\/hr\/product\/musto-evo-performance-stretch-sortsi-velicina-48-32-mornarica-plava\/","title":{"rendered":"Musto Evo Performance Stretch \u0160ortsi Veli\u010dina 48 (32) &#8211; Mornarica Plava"},"content":{"rendered":"<p>Musto Evo Performance Stretch \u0160ortsi Veli\u010dina 48 (32) &#8211; Mornarica Plava &#8211; <\/p>\n<p>Musto Evo Performance Stretch jedrili\u010darski \u0161ortsi izra\u0111eni su od laganog, brzo su\u0161e\u0107eg rastezljivog materijala koji pru\u017ea potpunu slobodu kretanja i iznimnu udobnost. Ovi \u0161ortsi imaju oja\u010danje na sjedalu, podesiv pojas, rajsfer\u0161lus i zatvaranje na gumb, dvije bo\u010dne i jednu prednju d\u017eep sa vodootpornim rajsfer\u0161lusom. Osim toga, unutarnji d\u017eep ima dr\u017ea\u010d za telefon i reflektiraju\u0107i logo za sigurnost. U\u017eivajte u za\u0161titi od UV zraka s UPF50.<\/p>\n<p> Kliknite ovdje kako biste provjerili to\u010dnu veli\u010dinu:<\/p>\n","protected":false},"excerpt":{"rendered":"<p>Musto Evo Performance Stretch \u0160ortsi Veli\u010dina 48 (32) &#8211; Mornarica Plava &#8211; Musto Evo Performance Stretch jedrili\u010darski \u0161ortsi izra\u0111eni su<\/p>\n","protected":false},"featured_media":5753575,"comment_status":"open","ping_status":"closed","template":"","meta":[],"product_brand":[3156],"product_cat":[1854],"product_tag":[],"class_list":{"0":"post-5756443","1":"product","2":"type-product","3":"status-publish","4":"has-post-thumbnail","6":"product_brand-musto-hr","7":"product_cat-jedrilicarska-odjeca-musto","9":"first","10":"instock","11":"shipping-taxable","12":"purchasable","13":"product-type-simple"},"_links":{"self":[{"href":"https:\/\/stoic-curie.212-227-153-4.plesk.page\/hr\/wp-json\/wp\/v2\/product\/5756443","targetHints":{"allow":["GET"]}}],"collection":[{"href":"https:\/\/stoic-curie.212-227-153-4.plesk.page\/hr\/wp-json\/wp\/v2\/product"}],"about":[{"href":"https:\/\/stoic-curie.212-227-153-4.plesk.page\/hr\/wp-json\/wp\/v2\/types\/product"}],"replies":[{"embeddable":true,"href":"https:\/\/stoic-curie.212-227-153-4.plesk.page\/hr\/wp-json\/wp\/v2\/comments?post=5756443"}],"version-history":[{"count":0,"href":"https:\/\/stoic-curie.212-227-153-4.plesk.page\/hr\/wp-json\/wp\/v2\/product\/5756443\/revisions"}],"wp:featuredmedia":[{"embeddable":true,"href":"https:\/\/stoic-curie.212-227-153-4.plesk.page\/hr\/wp-json\/wp\/v2\/media\/5753575"}],"wp:attachment":[{"href":"https:\/\/stoic-curie.212-227-153-4.plesk.page\/hr\/wp-json\/wp\/v2\/media?parent=5756443"}],"wp:term":[{"taxonomy":"product_brand","embeddable":true,"href":"https:\/\/stoic-curie.212-227-153-4.plesk.page\/hr\/wp-json\/wp\/v2\/product_brand?post=5756443"},{"taxonomy":"product_cat","embeddable":true,"href":"https:\/\/stoic-curie.212-227-153-4.plesk.page\/hr\/wp-json\/wp\/v2\/product_cat?post=5756443"},{"taxonomy":"product_tag","embeddable":true,"href":"https:\/\/stoic-curie.212-227-153-4.plesk.page\/hr\/wp-json\/wp\/v2\/product_tag?post=5756443"}],"curies":[{"name":"wp","href":"https:\/\/api.w.org\/{rel}","templated":true}]}}