{"id":5756444,"date":"2026-02-12T13:49:49","date_gmt":"2026-02-12T12:49:49","guid":{"rendered":"https:\/\/stoic-curie.212-227-153-4.plesk.page\/product\/musto-evo-performans-stretch-sortsevi-velicina-50-34-mornarskoplava\/"},"modified":"2026-02-25T00:01:41","modified_gmt":"2026-02-25T00:01:41","slug":"musto-evo-performans-stretch-sortsevi-velicina-50-34-mornarskoplava","status":"publish","type":"product","link":"https:\/\/stoic-curie.212-227-153-4.plesk.page\/hr\/product\/musto-evo-performans-stretch-sortsevi-velicina-50-34-mornarskoplava\/","title":{"rendered":"Musto Evo Performans Stretch \u0160ortsevi Veli\u010dina 50 (34) &#8211; Mornarskoplava"},"content":{"rendered":"<p>Musto Evo Performans Stretch \u0160ortsevi Veli\u010dina 50 (34) &#8211; Mornarskoplava &#8211; <\/p>\n<p>Musto Evo Performans Stretch jedrili\u010darski \u0161ortsevi izra\u0111eni su od lagane, brzo su\u0161e\u0107e rastezljive tkanine koja omogu\u0107ava potpunu slobodu kretanja i izvanrednu udobnost. Zna\u010dajke uklju\u010duju oja\u010dano sjedalo, podesivi pojas, zatvara\u010d i kop\u010danje na gumbe, dvije bo\u010dne d\u017eepove i jedan prednji d\u017eep s vodootpornim zatvara\u010dem. Osim toga, unutar d\u017eepa nalazi se dr\u017ea\u010d za telefon i reflektiraju\u0107i logo. Ovi \u0161ortsevi pru\u017eaju UV za\u0161titu do UPF50. Kliknite ovdje za provjeru to\u010dne veli\u010dine:<\/p>\n","protected":false},"excerpt":{"rendered":"<p>Musto Evo Performans Stretch \u0160ortsevi Veli\u010dina 50 (34) &#8211; Mornarskoplava &#8211; Musto Evo Performans Stretch jedrili\u010darski \u0161ortsevi izra\u0111eni su od<\/p>\n","protected":false},"featured_media":5753575,"comment_status":"open","ping_status":"closed","template":"","meta":[],"product_brand":[3156],"product_cat":[1854],"product_tag":[],"class_list":{"0":"post-5756444","1":"product","2":"type-product","3":"status-publish","4":"has-post-thumbnail","6":"product_brand-musto-hr","7":"product_cat-jedrilicarska-odjeca-musto","9":"first","10":"instock","11":"shipping-taxable","12":"purchasable","13":"product-type-simple"},"_links":{"self":[{"href":"https:\/\/stoic-curie.212-227-153-4.plesk.page\/hr\/wp-json\/wp\/v2\/product\/5756444","targetHints":{"allow":["GET"]}}],"collection":[{"href":"https:\/\/stoic-curie.212-227-153-4.plesk.page\/hr\/wp-json\/wp\/v2\/product"}],"about":[{"href":"https:\/\/stoic-curie.212-227-153-4.plesk.page\/hr\/wp-json\/wp\/v2\/types\/product"}],"replies":[{"embeddable":true,"href":"https:\/\/stoic-curie.212-227-153-4.plesk.page\/hr\/wp-json\/wp\/v2\/comments?post=5756444"}],"version-history":[{"count":0,"href":"https:\/\/stoic-curie.212-227-153-4.plesk.page\/hr\/wp-json\/wp\/v2\/product\/5756444\/revisions"}],"wp:featuredmedia":[{"embeddable":true,"href":"https:\/\/stoic-curie.212-227-153-4.plesk.page\/hr\/wp-json\/wp\/v2\/media\/5753575"}],"wp:attachment":[{"href":"https:\/\/stoic-curie.212-227-153-4.plesk.page\/hr\/wp-json\/wp\/v2\/media?parent=5756444"}],"wp:term":[{"taxonomy":"product_brand","embeddable":true,"href":"https:\/\/stoic-curie.212-227-153-4.plesk.page\/hr\/wp-json\/wp\/v2\/product_brand?post=5756444"},{"taxonomy":"product_cat","embeddable":true,"href":"https:\/\/stoic-curie.212-227-153-4.plesk.page\/hr\/wp-json\/wp\/v2\/product_cat?post=5756444"},{"taxonomy":"product_tag","embeddable":true,"href":"https:\/\/stoic-curie.212-227-153-4.plesk.page\/hr\/wp-json\/wp\/v2\/product_tag?post=5756444"}],"curies":[{"name":"wp","href":"https:\/\/api.w.org\/{rel}","templated":true}]}}