{"id":5756447,"date":"2026-02-12T13:49:52","date_gmt":"2026-02-12T12:49:52","guid":{"rendered":"https:\/\/stoic-curie.212-227-153-4.plesk.page\/product\/musto-evo-performance-stretch-kratke-hlace-velicina-56-40-mornarsko-plava\/"},"modified":"2026-02-25T00:01:41","modified_gmt":"2026-02-25T00:01:41","slug":"musto-evo-performance-stretch-kratke-hlace-velicina-56-40-mornarsko-plava","status":"publish","type":"product","link":"https:\/\/stoic-curie.212-227-153-4.plesk.page\/hr\/product\/musto-evo-performance-stretch-kratke-hlace-velicina-56-40-mornarsko-plava\/","title":{"rendered":"Musto Evo Performance Stretch kratke hla\u010de veli\u010dina 56 (40) &#8211; Mornarsko plava"},"content":{"rendered":"<p>Musto Evo Performance Stretch kratke hla\u010de veli\u010dina 56 (40) &#8211; Mornarsko plava &#8211; <\/p>\n<p>Musto Evo Performance Stretch jedrili\u010darske kratke hla\u010de izra\u0111ene su od laganog, brzo su\u0161e\u0107eg rastezljivog materijala koji pru\u017ea potpunu slobodu kretanja i izvrsnu udobnost. Sa oja\u010danim sjedi\u0161tem, podesivim strukom, zatvara\u010dem i kop\u010danjem na gumb, dvije bo\u010dne i jedna prednja d\u017eep s vodoodpornim zatvara\u010dem, ove hla\u010de tako\u0111er uklju\u010duju unutarnji dr\u017ea\u010d za telefon i reflektiraju\u0107i logo. UV za\u0161tita sa ocjenom UPF50.<\/p>\n","protected":false},"excerpt":{"rendered":"<p>Musto Evo Performance Stretch kratke hla\u010de veli\u010dina 56 (40) &#8211; Mornarsko plava &#8211; Musto Evo Performance Stretch jedrili\u010darske kratke hla\u010de<\/p>\n","protected":false},"featured_media":5753575,"comment_status":"open","ping_status":"closed","template":"","meta":[],"product_brand":[3156],"product_cat":[1854],"product_tag":[],"class_list":{"0":"post-5756447","1":"product","2":"type-product","3":"status-publish","4":"has-post-thumbnail","6":"product_brand-musto-hr","7":"product_cat-jedrilicarska-odjeca-musto","9":"first","10":"instock","11":"shipping-taxable","12":"purchasable","13":"product-type-simple"},"_links":{"self":[{"href":"https:\/\/stoic-curie.212-227-153-4.plesk.page\/hr\/wp-json\/wp\/v2\/product\/5756447","targetHints":{"allow":["GET"]}}],"collection":[{"href":"https:\/\/stoic-curie.212-227-153-4.plesk.page\/hr\/wp-json\/wp\/v2\/product"}],"about":[{"href":"https:\/\/stoic-curie.212-227-153-4.plesk.page\/hr\/wp-json\/wp\/v2\/types\/product"}],"replies":[{"embeddable":true,"href":"https:\/\/stoic-curie.212-227-153-4.plesk.page\/hr\/wp-json\/wp\/v2\/comments?post=5756447"}],"version-history":[{"count":0,"href":"https:\/\/stoic-curie.212-227-153-4.plesk.page\/hr\/wp-json\/wp\/v2\/product\/5756447\/revisions"}],"wp:featuredmedia":[{"embeddable":true,"href":"https:\/\/stoic-curie.212-227-153-4.plesk.page\/hr\/wp-json\/wp\/v2\/media\/5753575"}],"wp:attachment":[{"href":"https:\/\/stoic-curie.212-227-153-4.plesk.page\/hr\/wp-json\/wp\/v2\/media?parent=5756447"}],"wp:term":[{"taxonomy":"product_brand","embeddable":true,"href":"https:\/\/stoic-curie.212-227-153-4.plesk.page\/hr\/wp-json\/wp\/v2\/product_brand?post=5756447"},{"taxonomy":"product_cat","embeddable":true,"href":"https:\/\/stoic-curie.212-227-153-4.plesk.page\/hr\/wp-json\/wp\/v2\/product_cat?post=5756447"},{"taxonomy":"product_tag","embeddable":true,"href":"https:\/\/stoic-curie.212-227-153-4.plesk.page\/hr\/wp-json\/wp\/v2\/product_tag?post=5756447"}],"curies":[{"name":"wp","href":"https:\/\/api.w.org\/{rel}","templated":true}]}}