{"id":5756449,"date":"2026-02-12T13:49:53","date_gmt":"2026-02-12T12:49:53","guid":{"rendered":"https:\/\/stoic-curie.212-227-153-4.plesk.page\/product\/musto-evo-performance-stretch-sortsevi-velicina-48-32-platinum\/"},"modified":"2026-02-25T00:01:41","modified_gmt":"2026-02-25T00:01:41","slug":"musto-evo-performance-stretch-sortsevi-velicina-48-32-platinum","status":"publish","type":"product","link":"https:\/\/stoic-curie.212-227-153-4.plesk.page\/hr\/product\/musto-evo-performance-stretch-sortsevi-velicina-48-32-platinum\/","title":{"rendered":"Musto Evo Performance Stretch \u0160ortsevi Veli\u010dina 48 (32) &#8211; Platinum"},"content":{"rendered":"<p>Musto Evo Performance Stretch \u0160ortsevi Veli\u010dina 48 (32) &#8211; Platinum &#8211; <\/p>\n<p>Iskusite ultimate udobnost i fleksibilnost s Musto Evo Performance Stretch mornarskim \u0161ortsevima. Izra\u0111eni od laganog, brzo su\u0161e\u0107eg stretch materijala, ovi \u0161ortsevi nude neusporedivu slobodu pokreta. Zna\u010dajke uklju\u010duju oja\u010danje na sjedalu, podesiv pojas, zatvara\u010d s gumbom, dvije bo\u010dne d\u017eepa i jedan prednji d\u017eep s vodootpornim zatvara\u010dem. Osim toga, postoji dr\u017ea\u010d za telefon unutar d\u017eepa i reflektiraju\u0107i logo za bolju vidljivost. Uz UV za\u0161titu prema UPF50, ovi \u0161ortsevi savr\u0161eni su za svaku morsku avanturu. <a>Kliknite ovdje da provjerite to\u010dnu veli\u010dinu.<\/a><\/p>\n","protected":false},"excerpt":{"rendered":"<p>Musto Evo Performance Stretch \u0160ortsevi Veli\u010dina 48 (32) &#8211; Platinum &#8211; Iskusite ultimate udobnost i fleksibilnost s Musto Evo Performance<\/p>\n","protected":false},"featured_media":5753575,"comment_status":"open","ping_status":"closed","template":"","meta":[],"product_brand":[3156],"product_cat":[1854],"product_tag":[],"class_list":{"0":"post-5756449","1":"product","2":"type-product","3":"status-publish","4":"has-post-thumbnail","6":"product_brand-musto-hr","7":"product_cat-jedrilicarska-odjeca-musto","9":"first","10":"instock","11":"shipping-taxable","12":"purchasable","13":"product-type-simple"},"_links":{"self":[{"href":"https:\/\/stoic-curie.212-227-153-4.plesk.page\/hr\/wp-json\/wp\/v2\/product\/5756449","targetHints":{"allow":["GET"]}}],"collection":[{"href":"https:\/\/stoic-curie.212-227-153-4.plesk.page\/hr\/wp-json\/wp\/v2\/product"}],"about":[{"href":"https:\/\/stoic-curie.212-227-153-4.plesk.page\/hr\/wp-json\/wp\/v2\/types\/product"}],"replies":[{"embeddable":true,"href":"https:\/\/stoic-curie.212-227-153-4.plesk.page\/hr\/wp-json\/wp\/v2\/comments?post=5756449"}],"version-history":[{"count":0,"href":"https:\/\/stoic-curie.212-227-153-4.plesk.page\/hr\/wp-json\/wp\/v2\/product\/5756449\/revisions"}],"wp:featuredmedia":[{"embeddable":true,"href":"https:\/\/stoic-curie.212-227-153-4.plesk.page\/hr\/wp-json\/wp\/v2\/media\/5753575"}],"wp:attachment":[{"href":"https:\/\/stoic-curie.212-227-153-4.plesk.page\/hr\/wp-json\/wp\/v2\/media?parent=5756449"}],"wp:term":[{"taxonomy":"product_brand","embeddable":true,"href":"https:\/\/stoic-curie.212-227-153-4.plesk.page\/hr\/wp-json\/wp\/v2\/product_brand?post=5756449"},{"taxonomy":"product_cat","embeddable":true,"href":"https:\/\/stoic-curie.212-227-153-4.plesk.page\/hr\/wp-json\/wp\/v2\/product_cat?post=5756449"},{"taxonomy":"product_tag","embeddable":true,"href":"https:\/\/stoic-curie.212-227-153-4.plesk.page\/hr\/wp-json\/wp\/v2\/product_tag?post=5756449"}],"curies":[{"name":"wp","href":"https:\/\/api.w.org\/{rel}","templated":true}]}}