{"id":5756451,"date":"2026-02-12T13:49:54","date_gmt":"2026-02-12T12:49:54","guid":{"rendered":"https:\/\/stoic-curie.212-227-153-4.plesk.page\/product\/musto-evo-performance-stretch-shorts-velicina-52-36-platinum\/"},"modified":"2026-02-25T00:01:41","modified_gmt":"2026-02-25T00:01:41","slug":"musto-evo-performance-stretch-shorts-velicina-52-36-platinum","status":"publish","type":"product","link":"https:\/\/stoic-curie.212-227-153-4.plesk.page\/hr\/product\/musto-evo-performance-stretch-shorts-velicina-52-36-platinum\/","title":{"rendered":"Musto Evo Performance Stretch Shorts Veli\u010dina 52 (36) &#8211; Platinum"},"content":{"rendered":"<p>Musto Evo Performance Stretch Shorts Veli\u010dina 52 (36) &#8211; Platinum &#8211; <\/p>\n<p>Musto Evo Performance Stretch jedrili\u010darski \u0161ortsevi izra\u0111eni su od laganog, brzo su\u0161e\u0107eg rastezljivog materijala koji pru\u017ea izvanrednu slobodu kretanja i udobnost. Zna\u010dajke uklju\u010duju poja\u010dano sjedalo, prilagodljivu struk, zatvara\u010d s gumbom, dvije bo\u010dne d\u017eepove i jedan prednji d\u017eep s vodootpornim zatvara\u010dem. Unutarnji d\u017eep uklju\u010duje dr\u017ea\u010d za telefon, a \u0161ortsevi imaju reflektiraju\u0107i logo. Nude UV za\u0161titu s UPF 50.<\/p>\n<p>Kliknite ovdje za provjeru to\u010dne veli\u010dine:<\/p>\n","protected":false},"excerpt":{"rendered":"<p>Musto Evo Performance Stretch Shorts Veli\u010dina 52 (36) &#8211; Platinum &#8211; Musto Evo Performance Stretch jedrili\u010darski \u0161ortsevi izra\u0111eni su od<\/p>\n","protected":false},"featured_media":5753575,"comment_status":"open","ping_status":"closed","template":"","meta":[],"product_brand":[3156],"product_cat":[1854],"product_tag":[],"class_list":{"0":"post-5756451","1":"product","2":"type-product","3":"status-publish","4":"has-post-thumbnail","6":"product_brand-musto-hr","7":"product_cat-jedrilicarska-odjeca-musto","9":"first","10":"instock","11":"shipping-taxable","12":"purchasable","13":"product-type-simple"},"_links":{"self":[{"href":"https:\/\/stoic-curie.212-227-153-4.plesk.page\/hr\/wp-json\/wp\/v2\/product\/5756451","targetHints":{"allow":["GET"]}}],"collection":[{"href":"https:\/\/stoic-curie.212-227-153-4.plesk.page\/hr\/wp-json\/wp\/v2\/product"}],"about":[{"href":"https:\/\/stoic-curie.212-227-153-4.plesk.page\/hr\/wp-json\/wp\/v2\/types\/product"}],"replies":[{"embeddable":true,"href":"https:\/\/stoic-curie.212-227-153-4.plesk.page\/hr\/wp-json\/wp\/v2\/comments?post=5756451"}],"version-history":[{"count":0,"href":"https:\/\/stoic-curie.212-227-153-4.plesk.page\/hr\/wp-json\/wp\/v2\/product\/5756451\/revisions"}],"wp:featuredmedia":[{"embeddable":true,"href":"https:\/\/stoic-curie.212-227-153-4.plesk.page\/hr\/wp-json\/wp\/v2\/media\/5753575"}],"wp:attachment":[{"href":"https:\/\/stoic-curie.212-227-153-4.plesk.page\/hr\/wp-json\/wp\/v2\/media?parent=5756451"}],"wp:term":[{"taxonomy":"product_brand","embeddable":true,"href":"https:\/\/stoic-curie.212-227-153-4.plesk.page\/hr\/wp-json\/wp\/v2\/product_brand?post=5756451"},{"taxonomy":"product_cat","embeddable":true,"href":"https:\/\/stoic-curie.212-227-153-4.plesk.page\/hr\/wp-json\/wp\/v2\/product_cat?post=5756451"},{"taxonomy":"product_tag","embeddable":true,"href":"https:\/\/stoic-curie.212-227-153-4.plesk.page\/hr\/wp-json\/wp\/v2\/product_tag?post=5756451"}],"curies":[{"name":"wp","href":"https:\/\/api.w.org\/{rel}","templated":true}]}}