{"id":5756453,"date":"2026-02-12T13:49:56","date_gmt":"2026-02-12T12:49:56","guid":{"rendered":"https:\/\/stoic-curie.212-227-153-4.plesk.page\/product\/musto-evo-performance-stretch-sorts-velicina-56-40-platina\/"},"modified":"2026-02-25T00:01:41","modified_gmt":"2026-02-25T00:01:41","slug":"musto-evo-performance-stretch-sorts-velicina-56-40-platina","status":"publish","type":"product","link":"https:\/\/stoic-curie.212-227-153-4.plesk.page\/hr\/product\/musto-evo-performance-stretch-sorts-velicina-56-40-platina\/","title":{"rendered":"Musto Evo Performance Stretch \u0160orts Veli\u010dina 56 (40) &#8211; Platina"},"content":{"rendered":"<p>Musto Evo Performance Stretch \u0160orts Veli\u010dina 56 (40) &#8211; Platina &#8211; <\/p>\n<p>Musto Evo Performance Stretch jedrili\u010darski \u0161orts izra\u0111eni su od lagane, brzo su\u0161e\u0107e rastezljive tkanine koja osigurava optimalnu slobodu kretanja i udobnost. Sa oja\u010danjem za sjedalo, podesivim strukom, zatvaranjem na patentni zatvara\u010d i dugmadi, dva bo\u010dna d\u017eepa i jedan prednji d\u017eep s vodootpornim patentnim zatvara\u010dem, dr\u017ea\u010dem za telefon unutar d\u017eepa i reflektiraju\u0107im logotipom. Ove \u0161or\u010deve pru\u017eaju i UV za\u0161titu s UPF50.<\/p>\n<p>Kliknite ovdje da provjerite to\u010dnu veli\u010dinu:<\/p>\n","protected":false},"excerpt":{"rendered":"<p>Musto Evo Performance Stretch \u0160orts Veli\u010dina 56 (40) &#8211; Platina &#8211; Musto Evo Performance Stretch jedrili\u010darski \u0161orts izra\u0111eni su od<\/p>\n","protected":false},"featured_media":5753575,"comment_status":"open","ping_status":"closed","template":"","meta":[],"product_brand":[3156],"product_cat":[1854],"product_tag":[],"class_list":{"0":"post-5756453","1":"product","2":"type-product","3":"status-publish","4":"has-post-thumbnail","6":"product_brand-musto-hr","7":"product_cat-jedrilicarska-odjeca-musto","9":"first","10":"instock","11":"shipping-taxable","12":"purchasable","13":"product-type-simple"},"_links":{"self":[{"href":"https:\/\/stoic-curie.212-227-153-4.plesk.page\/hr\/wp-json\/wp\/v2\/product\/5756453","targetHints":{"allow":["GET"]}}],"collection":[{"href":"https:\/\/stoic-curie.212-227-153-4.plesk.page\/hr\/wp-json\/wp\/v2\/product"}],"about":[{"href":"https:\/\/stoic-curie.212-227-153-4.plesk.page\/hr\/wp-json\/wp\/v2\/types\/product"}],"replies":[{"embeddable":true,"href":"https:\/\/stoic-curie.212-227-153-4.plesk.page\/hr\/wp-json\/wp\/v2\/comments?post=5756453"}],"version-history":[{"count":0,"href":"https:\/\/stoic-curie.212-227-153-4.plesk.page\/hr\/wp-json\/wp\/v2\/product\/5756453\/revisions"}],"wp:featuredmedia":[{"embeddable":true,"href":"https:\/\/stoic-curie.212-227-153-4.plesk.page\/hr\/wp-json\/wp\/v2\/media\/5753575"}],"wp:attachment":[{"href":"https:\/\/stoic-curie.212-227-153-4.plesk.page\/hr\/wp-json\/wp\/v2\/media?parent=5756453"}],"wp:term":[{"taxonomy":"product_brand","embeddable":true,"href":"https:\/\/stoic-curie.212-227-153-4.plesk.page\/hr\/wp-json\/wp\/v2\/product_brand?post=5756453"},{"taxonomy":"product_cat","embeddable":true,"href":"https:\/\/stoic-curie.212-227-153-4.plesk.page\/hr\/wp-json\/wp\/v2\/product_cat?post=5756453"},{"taxonomy":"product_tag","embeddable":true,"href":"https:\/\/stoic-curie.212-227-153-4.plesk.page\/hr\/wp-json\/wp\/v2\/product_tag?post=5756453"}],"curies":[{"name":"wp","href":"https:\/\/api.w.org\/{rel}","templated":true}]}}