{"id":5756455,"date":"2026-02-12T13:49:57","date_gmt":"2026-02-12T12:49:57","guid":{"rendered":"https:\/\/stoic-curie.212-227-153-4.plesk.page\/product\/musto-evo-performance-stretch-sortsevi-velicina-48-32-crni\/"},"modified":"2026-02-25T00:01:41","modified_gmt":"2026-02-25T00:01:41","slug":"musto-evo-performance-stretch-sortsevi-velicina-48-32-crni","status":"publish","type":"product","link":"https:\/\/stoic-curie.212-227-153-4.plesk.page\/hr\/product\/musto-evo-performance-stretch-sortsevi-velicina-48-32-crni\/","title":{"rendered":"Musto Evo Performance Stretch \u0160ortsevi Veli\u010dina 48 (32) &#8211; Crni"},"content":{"rendered":"<p>Musto Evo Performance Stretch \u0160ortsevi Veli\u010dina 48 (32) &#8211; Crni &#8211; <\/p>\n<p>Presents Musto Evo Performance Stretch mornarske \u0161ortseve, izra\u0111ene od lagane, brzo su\u0161e\u0107e elasti\u010dne tkanine koja osigurava potpunu slobodu kretanja i izvanrednu udobnost. S oja\u010danjem na sjedalu, podesivim pojasom, patentnim zatvara\u010dem i kop\u010danjem na gumb, dvije bo\u010dne d\u017eepove i jedan prednji d\u017eep s vodootpornim patentnim zatvara\u010dem. Unutarnji d\u017eep ima dr\u017ea\u010d za telefon, a reflektiraju\u0107i logo pobolj\u0161ava vidljivost. Za\u0161titite se od \u0161tetnih UV zraka s UPF50 za\u0161titom.<\/p>\n","protected":false},"excerpt":{"rendered":"<p>Musto Evo Performance Stretch \u0160ortsevi Veli\u010dina 48 (32) &#8211; Crni &#8211; Presents Musto Evo Performance Stretch mornarske \u0161ortseve, izra\u0111ene od<\/p>\n","protected":false},"featured_media":5753575,"comment_status":"open","ping_status":"closed","template":"","meta":[],"product_brand":[3156],"product_cat":[1854],"product_tag":[],"class_list":{"0":"post-5756455","1":"product","2":"type-product","3":"status-publish","4":"has-post-thumbnail","6":"product_brand-musto-hr","7":"product_cat-jedrilicarska-odjeca-musto","9":"first","10":"instock","11":"shipping-taxable","12":"purchasable","13":"product-type-simple"},"_links":{"self":[{"href":"https:\/\/stoic-curie.212-227-153-4.plesk.page\/hr\/wp-json\/wp\/v2\/product\/5756455","targetHints":{"allow":["GET"]}}],"collection":[{"href":"https:\/\/stoic-curie.212-227-153-4.plesk.page\/hr\/wp-json\/wp\/v2\/product"}],"about":[{"href":"https:\/\/stoic-curie.212-227-153-4.plesk.page\/hr\/wp-json\/wp\/v2\/types\/product"}],"replies":[{"embeddable":true,"href":"https:\/\/stoic-curie.212-227-153-4.plesk.page\/hr\/wp-json\/wp\/v2\/comments?post=5756455"}],"version-history":[{"count":0,"href":"https:\/\/stoic-curie.212-227-153-4.plesk.page\/hr\/wp-json\/wp\/v2\/product\/5756455\/revisions"}],"wp:featuredmedia":[{"embeddable":true,"href":"https:\/\/stoic-curie.212-227-153-4.plesk.page\/hr\/wp-json\/wp\/v2\/media\/5753575"}],"wp:attachment":[{"href":"https:\/\/stoic-curie.212-227-153-4.plesk.page\/hr\/wp-json\/wp\/v2\/media?parent=5756455"}],"wp:term":[{"taxonomy":"product_brand","embeddable":true,"href":"https:\/\/stoic-curie.212-227-153-4.plesk.page\/hr\/wp-json\/wp\/v2\/product_brand?post=5756455"},{"taxonomy":"product_cat","embeddable":true,"href":"https:\/\/stoic-curie.212-227-153-4.plesk.page\/hr\/wp-json\/wp\/v2\/product_cat?post=5756455"},{"taxonomy":"product_tag","embeddable":true,"href":"https:\/\/stoic-curie.212-227-153-4.plesk.page\/hr\/wp-json\/wp\/v2\/product_tag?post=5756455"}],"curies":[{"name":"wp","href":"https:\/\/api.w.org\/{rel}","templated":true}]}}