{"id":5756456,"date":"2026-02-12T13:49:58","date_gmt":"2026-02-12T12:49:58","guid":{"rendered":"https:\/\/stoic-curie.212-227-153-4.plesk.page\/product\/musto-evo-performance-stretch-sortsevi-velicina-50-34-crna\/"},"modified":"2026-02-25T00:01:41","modified_gmt":"2026-02-25T00:01:41","slug":"musto-evo-performance-stretch-sortsevi-velicina-50-34-crna","status":"publish","type":"product","link":"https:\/\/stoic-curie.212-227-153-4.plesk.page\/hr\/product\/musto-evo-performance-stretch-sortsevi-velicina-50-34-crna\/","title":{"rendered":"Musto Evo Performance Stretch \u0160ortsevi Veli\u010dina 50 (34) &#8211; Crna"},"content":{"rendered":"<p>Musto Evo Performance Stretch \u0160ortsevi Veli\u010dina 50 (34) &#8211; Crna &#8211; <\/p>\n<p>Musto Evo Performance Stretch jedrili\u010darski \u0161ortsevi napravljeni su od lagane, brzo su\u0161e\u0107e elasti\u010dne tkanine koja omogu\u0107ava potpunu slobodu kretanja i izvanrednu udobnost. Karakteristike uklju\u010duju oja\u010danje na sjedalu, podesiv pojas, zatvaranje na zatvara\u010d s gumbom, dvije bo\u010dne d\u017eepove i jedan prednji d\u017eep s vodootpornim zatvara\u010dem. Tako\u0111er ima dr\u017ea\u010d za telefon unutar d\u017eepa i reflektiraju\u0107i logo. UV zrake UPF50 za\u0161tita.<\/p>\n","protected":false},"excerpt":{"rendered":"<p>Musto Evo Performance Stretch \u0160ortsevi Veli\u010dina 50 (34) &#8211; Crna &#8211; Musto Evo Performance Stretch jedrili\u010darski \u0161ortsevi napravljeni su od<\/p>\n","protected":false},"featured_media":5753575,"comment_status":"open","ping_status":"closed","template":"","meta":[],"product_brand":[3156],"product_cat":[1854],"product_tag":[],"class_list":{"0":"post-5756456","1":"product","2":"type-product","3":"status-publish","4":"has-post-thumbnail","6":"product_brand-musto-hr","7":"product_cat-jedrilicarska-odjeca-musto","9":"first","10":"instock","11":"shipping-taxable","12":"purchasable","13":"product-type-simple"},"_links":{"self":[{"href":"https:\/\/stoic-curie.212-227-153-4.plesk.page\/hr\/wp-json\/wp\/v2\/product\/5756456","targetHints":{"allow":["GET"]}}],"collection":[{"href":"https:\/\/stoic-curie.212-227-153-4.plesk.page\/hr\/wp-json\/wp\/v2\/product"}],"about":[{"href":"https:\/\/stoic-curie.212-227-153-4.plesk.page\/hr\/wp-json\/wp\/v2\/types\/product"}],"replies":[{"embeddable":true,"href":"https:\/\/stoic-curie.212-227-153-4.plesk.page\/hr\/wp-json\/wp\/v2\/comments?post=5756456"}],"version-history":[{"count":0,"href":"https:\/\/stoic-curie.212-227-153-4.plesk.page\/hr\/wp-json\/wp\/v2\/product\/5756456\/revisions"}],"wp:featuredmedia":[{"embeddable":true,"href":"https:\/\/stoic-curie.212-227-153-4.plesk.page\/hr\/wp-json\/wp\/v2\/media\/5753575"}],"wp:attachment":[{"href":"https:\/\/stoic-curie.212-227-153-4.plesk.page\/hr\/wp-json\/wp\/v2\/media?parent=5756456"}],"wp:term":[{"taxonomy":"product_brand","embeddable":true,"href":"https:\/\/stoic-curie.212-227-153-4.plesk.page\/hr\/wp-json\/wp\/v2\/product_brand?post=5756456"},{"taxonomy":"product_cat","embeddable":true,"href":"https:\/\/stoic-curie.212-227-153-4.plesk.page\/hr\/wp-json\/wp\/v2\/product_cat?post=5756456"},{"taxonomy":"product_tag","embeddable":true,"href":"https:\/\/stoic-curie.212-227-153-4.plesk.page\/hr\/wp-json\/wp\/v2\/product_tag?post=5756456"}],"curies":[{"name":"wp","href":"https:\/\/api.w.org\/{rel}","templated":true}]}}