{"id":5756459,"date":"2026-02-12T13:50:00","date_gmt":"2026-02-12T12:50:00","guid":{"rendered":"https:\/\/stoic-curie.212-227-153-4.plesk.page\/product\/musto-evo-performance-stretch-sortsevi-velicina-56-40-crna\/"},"modified":"2026-02-25T00:01:49","modified_gmt":"2026-02-25T00:01:49","slug":"musto-evo-performance-stretch-sortsevi-velicina-56-40-crna","status":"publish","type":"product","link":"https:\/\/stoic-curie.212-227-153-4.plesk.page\/hr\/product\/musto-evo-performance-stretch-sortsevi-velicina-56-40-crna\/","title":{"rendered":"Musto Evo Performance Stretch \u0160ortsevi Veli\u010dina 56 (40) &#8211; Crna"},"content":{"rendered":"<p>Musto Evo Performance Stretch \u0160ortsevi Veli\u010dina 56 (40) &#8211; Crna &#8211; <\/p>\n<p>Musto Evo Performance Stretch jedrili\u010darski \u0161ortsevi izra\u0111eni su od laganog, brzo su\u0161e\u0107eg rastezljivog materijala koji omogu\u0107ava potpunu slobodu kretanja i iznimnu udobnost. Zna\u010dajke uklju\u010duju oja\u010dano sjedalo, podesiv pojas, zatvara\u010d s gumbom, dvije bo\u010dne torbe i jednu prednju torbu s vodootpornim zatvara\u010dem, dr\u017ea\u010d za telefon unutar torbe i reflektiraju\u0107i logo. Za\u0161ti\u0107eno od UV zraka s UPF 50.<\/p>\n","protected":false},"excerpt":{"rendered":"<p>Musto Evo Performance Stretch \u0160ortsevi Veli\u010dina 56 (40) &#8211; Crna &#8211; Musto Evo Performance Stretch jedrili\u010darski \u0161ortsevi izra\u0111eni su od<\/p>\n","protected":false},"featured_media":5753575,"comment_status":"open","ping_status":"closed","template":"","meta":[],"product_brand":[3156],"product_cat":[1854],"product_tag":[],"class_list":{"0":"post-5756459","1":"product","2":"type-product","3":"status-publish","4":"has-post-thumbnail","6":"product_brand-musto-hr","7":"product_cat-jedrilicarska-odjeca-musto","9":"first","10":"instock","11":"shipping-taxable","12":"purchasable","13":"product-type-simple"},"_links":{"self":[{"href":"https:\/\/stoic-curie.212-227-153-4.plesk.page\/hr\/wp-json\/wp\/v2\/product\/5756459","targetHints":{"allow":["GET"]}}],"collection":[{"href":"https:\/\/stoic-curie.212-227-153-4.plesk.page\/hr\/wp-json\/wp\/v2\/product"}],"about":[{"href":"https:\/\/stoic-curie.212-227-153-4.plesk.page\/hr\/wp-json\/wp\/v2\/types\/product"}],"replies":[{"embeddable":true,"href":"https:\/\/stoic-curie.212-227-153-4.plesk.page\/hr\/wp-json\/wp\/v2\/comments?post=5756459"}],"version-history":[{"count":0,"href":"https:\/\/stoic-curie.212-227-153-4.plesk.page\/hr\/wp-json\/wp\/v2\/product\/5756459\/revisions"}],"wp:featuredmedia":[{"embeddable":true,"href":"https:\/\/stoic-curie.212-227-153-4.plesk.page\/hr\/wp-json\/wp\/v2\/media\/5753575"}],"wp:attachment":[{"href":"https:\/\/stoic-curie.212-227-153-4.plesk.page\/hr\/wp-json\/wp\/v2\/media?parent=5756459"}],"wp:term":[{"taxonomy":"product_brand","embeddable":true,"href":"https:\/\/stoic-curie.212-227-153-4.plesk.page\/hr\/wp-json\/wp\/v2\/product_brand?post=5756459"},{"taxonomy":"product_cat","embeddable":true,"href":"https:\/\/stoic-curie.212-227-153-4.plesk.page\/hr\/wp-json\/wp\/v2\/product_cat?post=5756459"},{"taxonomy":"product_tag","embeddable":true,"href":"https:\/\/stoic-curie.212-227-153-4.plesk.page\/hr\/wp-json\/wp\/v2\/product_tag?post=5756459"}],"curies":[{"name":"wp","href":"https:\/\/api.w.org\/{rel}","templated":true}]}}