{"id":5756461,"date":"2026-02-12T13:50:01","date_gmt":"2026-02-12T12:50:01","guid":{"rendered":"https:\/\/stoic-curie.212-227-153-4.plesk.page\/product\/shorts-musto-evo-deck-velicina-48-32-tamnoplavi\/"},"modified":"2026-02-25T00:01:49","modified_gmt":"2026-02-25T00:01:49","slug":"shorts-musto-evo-deck-velicina-48-32-tamnoplavi","status":"publish","type":"product","link":"https:\/\/stoic-curie.212-227-153-4.plesk.page\/hr\/product\/shorts-musto-evo-deck-velicina-48-32-tamnoplavi\/","title":{"rendered":"Shorts Musto Evo Deck Veli\u010dina 48 (32) &#8211; Tamnoplavi"},"content":{"rendered":"<p>Shorts Musto Evo Deck Veli\u010dina 48 (32) &#8211; Tamnoplavi &#8211; <\/p>\n<p>Musto Evo Deck shorts izra\u0111eni su od izdr\u017eljivog, laganog i brzo su\u0161e\u0107eg dvostruko rastezljivog materijala, pru\u017eaju\u0107i optimalnu udobnost i slobodu kretanja. Dizajnirani su s patentnim zatvara\u010dem i kop\u010danjem na gumb, petljama za pojas, reflektiraju\u0107im logotipom, d\u017eepovima za ruke, stra\u017enjim d\u017eepom i prednjim d\u017eepom sa patentnim zatvara\u010dem. Pru\u017eaju UV za\u0161titu s UPF50.<\/p>\n","protected":false},"excerpt":{"rendered":"<p>Shorts Musto Evo Deck Veli\u010dina 48 (32) &#8211; Tamnoplavi &#8211; Musto Evo Deck shorts izra\u0111eni su od izdr\u017eljivog, laganog i<\/p>\n","protected":false},"featured_media":5753719,"comment_status":"open","ping_status":"closed","template":"","meta":[],"product_brand":[3156],"product_cat":[1854],"product_tag":[],"class_list":{"0":"post-5756461","1":"product","2":"type-product","3":"status-publish","4":"has-post-thumbnail","6":"product_brand-musto-hr","7":"product_cat-jedrilicarska-odjeca-musto","9":"first","10":"instock","11":"shipping-taxable","12":"purchasable","13":"product-type-simple"},"_links":{"self":[{"href":"https:\/\/stoic-curie.212-227-153-4.plesk.page\/hr\/wp-json\/wp\/v2\/product\/5756461","targetHints":{"allow":["GET"]}}],"collection":[{"href":"https:\/\/stoic-curie.212-227-153-4.plesk.page\/hr\/wp-json\/wp\/v2\/product"}],"about":[{"href":"https:\/\/stoic-curie.212-227-153-4.plesk.page\/hr\/wp-json\/wp\/v2\/types\/product"}],"replies":[{"embeddable":true,"href":"https:\/\/stoic-curie.212-227-153-4.plesk.page\/hr\/wp-json\/wp\/v2\/comments?post=5756461"}],"version-history":[{"count":0,"href":"https:\/\/stoic-curie.212-227-153-4.plesk.page\/hr\/wp-json\/wp\/v2\/product\/5756461\/revisions"}],"wp:featuredmedia":[{"embeddable":true,"href":"https:\/\/stoic-curie.212-227-153-4.plesk.page\/hr\/wp-json\/wp\/v2\/media\/5753719"}],"wp:attachment":[{"href":"https:\/\/stoic-curie.212-227-153-4.plesk.page\/hr\/wp-json\/wp\/v2\/media?parent=5756461"}],"wp:term":[{"taxonomy":"product_brand","embeddable":true,"href":"https:\/\/stoic-curie.212-227-153-4.plesk.page\/hr\/wp-json\/wp\/v2\/product_brand?post=5756461"},{"taxonomy":"product_cat","embeddable":true,"href":"https:\/\/stoic-curie.212-227-153-4.plesk.page\/hr\/wp-json\/wp\/v2\/product_cat?post=5756461"},{"taxonomy":"product_tag","embeddable":true,"href":"https:\/\/stoic-curie.212-227-153-4.plesk.page\/hr\/wp-json\/wp\/v2\/product_tag?post=5756461"}],"curies":[{"name":"wp","href":"https:\/\/api.w.org\/{rel}","templated":true}]}}